{"id":164,"date":"2019-12-20T12:40:50","date_gmt":"2019-12-20T11:40:50","guid":{"rendered":"http:\/\/www.marmouzic.org\/wwz\/index.php\/hestia-front\/"},"modified":"2025-10-30T15:49:17","modified_gmt":"2025-10-30T14:49:17","slug":"hestia-front","status":"publish","type":"page","link":"https:\/\/www.marmouzic.org\/","title":{"rendered":"La Compagnie Marmouzic"},"content":{"rendered":"\n<div class=\"wp-block-columns alignwide is-layout-flex wp-container-core-columns-is-layout-9d6595d7 wp-block-columns-is-layout-flex\">\n<div class=\"wp-block-column is-layout-flow wp-block-column-is-layout-flow\" style=\"flex-basis:50%\">\n<h3 class=\"wp-block-heading has-text-align-center has-text-color\" style=\"color:#830610\"><strong>Une compagnie d\u00e9di\u00e9e aux jeunes<\/strong><br><strong>de 18 mois \u00e0 99 ans<\/strong><\/h3>\n\n\n\n<p class=\"has-text-align-center\" style=\"font-size:19px\">codirig\u00e9e par<br>la com\u00e9dienne et metteuse en sc\u00e8ne<br><strong>Catherine Le Flochmoan<\/strong><br>et le compositeur et musicien <br><strong>Christofer Bjurstr\u00f6m<\/strong><\/p>\n<\/div>\n\n\n\n<div class=\"wp-block-column is-layout-flow wp-block-column-is-layout-flow\" style=\"flex-basis:50%\">\n<p><br><strong>La compagnie Marmouzic est le r\u00e9sultat de la rencontre de ces deux artistes&nbsp;qui ont d\u00e9cid\u00e9, voici quelques ann\u00e9es,  de  mettre  en commun  leur go\u00fbt  pour le th\u00e9\u00e2tre, la musique vivante  et  le cin\u00e9ma,  en cr\u00e9ant <a href=\"https:\/\/www.marmouzic.org\/index.php\/les-spectacles-de-la-compagnie-marmouzic\/\" target=\"_blank\" rel=\"noreferrer noopener\">des spectacles m\u00ealant musique, th\u00e9\u00e2tre et cin\u00e9ma.<\/a> <\/strong><br>Et ce fut la cr\u00e9ation de la compagnie <strong>Le Bon Alouate<\/strong>, devenue <strong>Compagnie Marmouzic<\/strong> en 2000.<\/p>\n<\/div>\n<\/div>\n\n\n\n<div class=\"wp-block-group\"><div class=\"wp-block-group__inner-container is-layout-flow wp-block-group-is-layout-flow\"><div\n\t\t\t\n\t\t\tclass=\"so-widget-sow-slider so-widget-sow-slider-default-6d39609536fd\"\n\t\t\t\n\t\t>\t\t\t\t<div class=\"sow-slider-base\" style=\"display: none\" tabindex=\"0\">\n\t\t\t\t\t<ul\n\t\t\t\t\tclass=\"sow-slider-images\"\n\t\t\t\t\tdata-settings=\"{&quot;pagination&quot;:true,&quot;speed&quot;:800,&quot;timeout&quot;:1000,&quot;paused&quot;:false,&quot;pause_on_hover&quot;:false,&quot;swipe&quot;:true,&quot;nav_always_show_desktop&quot;:&quot;&quot;,&quot;nav_always_show_mobile&quot;:&quot;&quot;,&quot;breakpoint&quot;:&quot;780px&quot;,&quot;unmute&quot;:false,&quot;anchor&quot;:null}\"\n\t\t\t\t\t\t\t\t\t\tdata-anchor-id=\"\"\n\t\t\t\t>\t\t<li class=\"sow-slider-image\" style=\"visibility: visible;\" >\n\t\t\t\t\t\t<div class=\"sow-slider-image-container\">\n\t\t\t\t<div class=\"sow-slider-image-wrapper\" style=\"max-width: 700px\">\n\t\t\t\t\t\t\t\t\t\t<div class=\"sow-slider-image-foreground-wrapper\">\n\t\t\t\t\t\t<img width=\"700\" height=\"467\" src=\"https:\/\/www.marmouzic.org\/wp-content\/uploads\/2021\/10\/2-DSC_1213-petite.jpg\" class=\"sow-slider-foreground-image\" alt=\"\" style=\"\" decoding=\"async\" loading=\"lazy\" srcset=\"https:\/\/www.marmouzic.org\/wp-content\/uploads\/2021\/10\/2-DSC_1213-petite.jpg 700w, https:\/\/www.marmouzic.org\/wp-content\/uploads\/2021\/10\/2-DSC_1213-petite-300x200.jpg 300w, https:\/\/www.marmouzic.org\/wp-content\/uploads\/2021\/10\/2-DSC_1213-petite-391x260.jpg 391w, https:\/\/www.marmouzic.org\/wp-content\/uploads\/2021\/10\/2-DSC_1213-petite-600x400.jpg 600w, https:\/\/www.marmouzic.org\/wp-content\/uploads\/2021\/10\/2-DSC_1213-petite-272x182.jpg 272w\" sizes=\"auto, (max-width: 700px) 100vw, 700px\" \/>\t\t\t\t\t<\/div>\n\t\t\t\t\t\t\t\t\t<\/div>\n\t\t\t<\/div>\n\t\t\t\t\t<\/li>\n\t\t\t\t<li class=\"sow-slider-image\" style=\"visibility: hidden;\" >\n\t\t\t\t\t\t<div class=\"sow-slider-image-container\">\n\t\t\t\t<div class=\"sow-slider-image-wrapper\" style=\"max-width: 700px\">\n\t\t\t\t\t\t\t\t\t\t<div class=\"sow-slider-image-foreground-wrapper\">\n\t\t\t\t\t\t<img width=\"700\" height=\"467\" src=\"https:\/\/www.marmouzic.org\/wp-content\/uploads\/2021\/12\/Cath-Cfer-couleur-1-petite.jpg\" class=\"sow-slider-foreground-image\" alt=\"\" style=\"\" decoding=\"async\" loading=\"lazy\" srcset=\"https:\/\/www.marmouzic.org\/wp-content\/uploads\/2021\/12\/Cath-Cfer-couleur-1-petite.jpg 700w, https:\/\/www.marmouzic.org\/wp-content\/uploads\/2021\/12\/Cath-Cfer-couleur-1-petite-300x200.jpg 300w, https:\/\/www.marmouzic.org\/wp-content\/uploads\/2021\/12\/Cath-Cfer-couleur-1-petite-391x260.jpg 391w, https:\/\/www.marmouzic.org\/wp-content\/uploads\/2021\/12\/Cath-Cfer-couleur-1-petite-600x400.jpg 600w, https:\/\/www.marmouzic.org\/wp-content\/uploads\/2021\/12\/Cath-Cfer-couleur-1-petite-272x182.jpg 272w\" sizes=\"auto, (max-width: 700px) 100vw, 700px\" \/>\t\t\t\t\t<\/div>\n\t\t\t\t\t\t\t\t\t<\/div>\n\t\t\t<\/div>\n\t\t\t\t\t<\/li>\n\t\t\t\t<li class=\"sow-slider-image\" style=\"visibility: hidden;\" >\n\t\t\t\t\t\t<div class=\"sow-slider-image-container\">\n\t\t\t\t<div class=\"sow-slider-image-wrapper\" style=\"max-width: 700px\">\n\t\t\t\t\t\t\t\t\t\t<div class=\"sow-slider-image-foreground-wrapper\">\n\t\t\t\t\t\t<img width=\"700\" height=\"525\" src=\"https:\/\/www.marmouzic.org\/wp-content\/uploads\/2021\/12\/cine-concert.jpg\" class=\"sow-slider-foreground-image\" alt=\"\" style=\"\" decoding=\"async\" loading=\"lazy\" srcset=\"https:\/\/www.marmouzic.org\/wp-content\/uploads\/2021\/12\/cine-concert.jpg 700w, https:\/\/www.marmouzic.org\/wp-content\/uploads\/2021\/12\/cine-concert-300x225.jpg 300w\" sizes=\"auto, (max-width: 700px) 100vw, 700px\" \/>\t\t\t\t\t<\/div>\n\t\t\t\t\t\t\t\t\t<\/div>\n\t\t\t<\/div>\n\t\t\t\t\t<\/li>\n\t\t\t\t<li class=\"sow-slider-image\" style=\"visibility: hidden;\" >\n\t\t\t\t\t\t<div class=\"sow-slider-image-container\">\n\t\t\t\t<div class=\"sow-slider-image-wrapper\" style=\"max-width: 700px\">\n\t\t\t\t\t\t\t\t\t\t<div class=\"sow-slider-image-foreground-wrapper\">\n\t\t\t\t\t\t<img width=\"700\" height=\"525\" src=\"https:\/\/www.marmouzic.org\/wp-content\/uploads\/2021\/12\/bobinette-DSC08379-petite.jpg\" class=\"sow-slider-foreground-image\" alt=\"\" style=\"\" decoding=\"async\" loading=\"lazy\" srcset=\"https:\/\/www.marmouzic.org\/wp-content\/uploads\/2021\/12\/bobinette-DSC08379-petite.jpg 700w, https:\/\/www.marmouzic.org\/wp-content\/uploads\/2021\/12\/bobinette-DSC08379-petite-300x225.jpg 300w\" sizes=\"auto, (max-width: 700px) 100vw, 700px\" \/>\t\t\t\t\t<\/div>\n\t\t\t\t\t\t\t\t\t<\/div>\n\t\t\t<\/div>\n\t\t\t\t\t<\/li>\n\t\t\t\t<li class=\"sow-slider-image\" style=\"visibility: hidden;\" >\n\t\t\t\t\t\t<div class=\"sow-slider-image-container\">\n\t\t\t\t<div class=\"sow-slider-image-wrapper\" style=\"max-width: 700px\">\n\t\t\t\t\t\t\t\t\t\t<div class=\"sow-slider-image-foreground-wrapper\">\n\t\t\t\t\t\t<img width=\"700\" height=\"467\" src=\"https:\/\/www.marmouzic.org\/wp-content\/uploads\/2021\/12\/OKALIK-\u00a9SebastienDurand-3-petite.jpg\" class=\"sow-slider-foreground-image\" alt=\"\" style=\"\" decoding=\"async\" loading=\"lazy\" srcset=\"https:\/\/www.marmouzic.org\/wp-content\/uploads\/2021\/12\/OKALIK-\u00a9SebastienDurand-3-petite.jpg 700w, https:\/\/www.marmouzic.org\/wp-content\/uploads\/2021\/12\/OKALIK-\u00a9SebastienDurand-3-petite-300x200.jpg 300w, https:\/\/www.marmouzic.org\/wp-content\/uploads\/2021\/12\/OKALIK-\u00a9SebastienDurand-3-petite-391x260.jpg 391w, https:\/\/www.marmouzic.org\/wp-content\/uploads\/2021\/12\/OKALIK-\u00a9SebastienDurand-3-petite-600x400.jpg 600w, https:\/\/www.marmouzic.org\/wp-content\/uploads\/2021\/12\/OKALIK-\u00a9SebastienDurand-3-petite-272x182.jpg 272w\" sizes=\"auto, (max-width: 700px) 100vw, 700px\" \/>\t\t\t\t\t<\/div>\n\t\t\t\t\t\t\t\t\t<\/div>\n\t\t\t<\/div>\n\t\t\t\t\t<\/li>\n\t\t\t\t<li class=\"sow-slider-image\" style=\"visibility: hidden;\" >\n\t\t\t\t\t\t<div class=\"sow-slider-image-container\">\n\t\t\t\t<div class=\"sow-slider-image-wrapper\" style=\"max-width: 1000px\">\n\t\t\t\t\t\t\t\t\t\t<div class=\"sow-slider-image-foreground-wrapper\">\n\t\t\t\t\t\t<img width=\"1000\" height=\"580\" src=\"https:\/\/www.marmouzic.org\/wp-content\/uploads\/2022\/09\/DSC_5384-modifiee-petite.jpg\" class=\"sow-slider-foreground-image\" alt=\"\" style=\"\" decoding=\"async\" loading=\"lazy\" srcset=\"https:\/\/www.marmouzic.org\/wp-content\/uploads\/2022\/09\/DSC_5384-modifiee-petite.jpg 1000w, https:\/\/www.marmouzic.org\/wp-content\/uploads\/2022\/09\/DSC_5384-modifiee-petite-300x174.jpg 300w, https:\/\/www.marmouzic.org\/wp-content\/uploads\/2022\/09\/DSC_5384-modifiee-petite-768x445.jpg 768w\" sizes=\"auto, (max-width: 1000px) 100vw, 1000px\" \/>\t\t\t\t\t<\/div>\n\t\t\t\t\t\t\t\t\t<\/div>\n\t\t\t<\/div>\n\t\t\t\t\t<\/li>\n\t\t\t\t<li class=\"sow-slider-image\" style=\"visibility: hidden;\" >\n\t\t\t\t\t\t<div class=\"sow-slider-image-container\">\n\t\t\t\t<div class=\"sow-slider-image-wrapper\" style=\"max-width: 600px\">\n\t\t\t\t\t\t\t\t\t\t<div class=\"sow-slider-image-foreground-wrapper\">\n\t\t\t\t\t\t<img width=\"600\" height=\"426\" src=\"https:\/\/www.marmouzic.org\/wp-content\/uploads\/2022\/09\/avec-Jerome-souriant.jpg\" class=\"sow-slider-foreground-image\" alt=\"\" style=\"\" decoding=\"async\" loading=\"lazy\" srcset=\"https:\/\/www.marmouzic.org\/wp-content\/uploads\/2022\/09\/avec-Jerome-souriant.jpg 600w, https:\/\/www.marmouzic.org\/wp-content\/uploads\/2022\/09\/avec-Jerome-souriant-300x213.jpg 300w\" sizes=\"auto, (max-width: 600px) 100vw, 600px\" \/>\t\t\t\t\t<\/div>\n\t\t\t\t\t\t\t\t\t<\/div>\n\t\t\t<\/div>\n\t\t\t\t\t<\/li>\n\t\t\t\t<li class=\"sow-slider-image\" style=\"visibility: hidden;\" >\n\t\t\t\t\t\t<div class=\"sow-slider-image-container\">\n\t\t\t\t<div class=\"sow-slider-image-wrapper\" style=\"max-width: 1000px\">\n\t\t\t\t\t\t\t\t\t\t<div class=\"sow-slider-image-foreground-wrapper\">\n\t\t\t\t\t\t<img width=\"1000\" height=\"683\" src=\"https:\/\/www.marmouzic.org\/wp-content\/uploads\/2022\/09\/DSC05738-transformee-recadree-petite.jpg\" class=\"sow-slider-foreground-image\" alt=\"\" style=\"\" decoding=\"async\" loading=\"lazy\" srcset=\"https:\/\/www.marmouzic.org\/wp-content\/uploads\/2022\/09\/DSC05738-transformee-recadree-petite.jpg 1000w, https:\/\/www.marmouzic.org\/wp-content\/uploads\/2022\/09\/DSC05738-transformee-recadree-petite-300x205.jpg 300w, https:\/\/www.marmouzic.org\/wp-content\/uploads\/2022\/09\/DSC05738-transformee-recadree-petite-768x525.jpg 768w, https:\/\/www.marmouzic.org\/wp-content\/uploads\/2022\/09\/DSC05738-transformee-recadree-petite-474x324.jpg 474w\" sizes=\"auto, (max-width: 1000px) 100vw, 1000px\" \/>\t\t\t\t\t<\/div>\n\t\t\t\t\t\t\t\t\t<\/div>\n\t\t\t<\/div>\n\t\t\t\t\t<\/li>\n\t\t\t\t<li class=\"sow-slider-image\" style=\"visibility: hidden;\" >\n\t\t\t\t\t\t<div class=\"sow-slider-image-container\">\n\t\t\t\t<div class=\"sow-slider-image-wrapper\" style=\"max-width: 1000px\">\n\t\t\t\t\t\t\t\t\t\t<div class=\"sow-slider-image-foreground-wrapper\">\n\t\t\t\t\t\t<img width=\"1000\" height=\"583\" src=\"https:\/\/www.marmouzic.org\/wp-content\/uploads\/2022\/09\/Hipollene-Marmouzic-recadree-petite.jpg\" class=\"sow-slider-foreground-image\" alt=\"\" style=\"\" decoding=\"async\" loading=\"lazy\" srcset=\"https:\/\/www.marmouzic.org\/wp-content\/uploads\/2022\/09\/Hipollene-Marmouzic-recadree-petite.jpg 1000w, https:\/\/www.marmouzic.org\/wp-content\/uploads\/2022\/09\/Hipollene-Marmouzic-recadree-petite-300x175.jpg 300w, https:\/\/www.marmouzic.org\/wp-content\/uploads\/2022\/09\/Hipollene-Marmouzic-recadree-petite-768x448.jpg 768w\" sizes=\"auto, (max-width: 1000px) 100vw, 1000px\" \/>\t\t\t\t\t<\/div>\n\t\t\t\t\t\t\t\t\t<\/div>\n\t\t\t<\/div>\n\t\t\t\t\t<\/li>\n\t\t\t\t<li class=\"sow-slider-image\" style=\"visibility: hidden;\" >\n\t\t\t\t\t\t<div class=\"sow-slider-image-container\">\n\t\t\t\t<div class=\"sow-slider-image-wrapper\" style=\"max-width: 1000px\">\n\t\t\t\t\t\t\t\t\t\t<div class=\"sow-slider-image-foreground-wrapper\">\n\t\t\t\t\t\t<img width=\"1000\" height=\"696\" src=\"https:\/\/www.marmouzic.org\/wp-content\/uploads\/2022\/09\/contes-lecture-2-petite.jpg\" class=\"sow-slider-foreground-image\" alt=\"\" style=\"\" decoding=\"async\" loading=\"lazy\" srcset=\"https:\/\/www.marmouzic.org\/wp-content\/uploads\/2022\/09\/contes-lecture-2-petite.jpg 1000w, https:\/\/www.marmouzic.org\/wp-content\/uploads\/2022\/09\/contes-lecture-2-petite-300x209.jpg 300w, https:\/\/www.marmouzic.org\/wp-content\/uploads\/2022\/09\/contes-lecture-2-petite-768x535.jpg 768w\" sizes=\"auto, (max-width: 1000px) 100vw, 1000px\" \/>\t\t\t\t\t<\/div>\n\t\t\t\t\t\t\t\t\t<\/div>\n\t\t\t<\/div>\n\t\t\t\t\t<\/li>\n\t\t<\/ul>\t\t\t\t<ol class=\"sow-slider-pagination\">\n\t\t\t\t\t\t\t\t\t\t\t<li><a href=\"#\" data-goto=\"0\" aria-label=\"Display slide 1\"><\/a><\/li>\n\t\t\t\t\t\t\t\t\t\t\t<li><a href=\"#\" data-goto=\"1\" aria-label=\"Display slide 2\"><\/a><\/li>\n\t\t\t\t\t\t\t\t\t\t\t<li><a href=\"#\" data-goto=\"2\" aria-label=\"Display slide 3\"><\/a><\/li>\n\t\t\t\t\t\t\t\t\t\t\t<li><a href=\"#\" data-goto=\"3\" aria-label=\"Display slide 4\"><\/a><\/li>\n\t\t\t\t\t\t\t\t\t\t\t<li><a href=\"#\" data-goto=\"4\" aria-label=\"Display slide 5\"><\/a><\/li>\n\t\t\t\t\t\t\t\t\t\t\t<li><a href=\"#\" data-goto=\"5\" aria-label=\"Display slide 6\"><\/a><\/li>\n\t\t\t\t\t\t\t\t\t\t\t<li><a href=\"#\" data-goto=\"6\" aria-label=\"Display slide 7\"><\/a><\/li>\n\t\t\t\t\t\t\t\t\t\t\t<li><a href=\"#\" data-goto=\"7\" aria-label=\"Display slide 8\"><\/a><\/li>\n\t\t\t\t\t\t\t\t\t\t\t<li><a href=\"#\" data-goto=\"8\" aria-label=\"Display slide 9\"><\/a><\/li>\n\t\t\t\t\t\t\t\t\t\t\t<li><a href=\"#\" data-goto=\"9\" aria-label=\"Display slide 10\"><\/a><\/li>\n\t\t\t\t\t\t\t\t\t<\/ol>\n\n\t\t\t\t<div class=\"sow-slide-nav sow-slide-nav-next\">\n\t\t\t\t\t<a href=\"#\" data-goto=\"next\" aria-label=\"Next slide\" data-action=\"next\">\n\t\t\t\t\t\t<em class=\"sow-sld-icon-thin-right\"><\/em>\n\t\t\t\t\t<\/a>\n\t\t\t\t<\/div>\n\n\t\t\t\t<div class=\"sow-slide-nav sow-slide-nav-prev\">\n\t\t\t\t\t<a href=\"#\" data-goto=\"previous\" aria-label=\"Previous slide\" data-action=\"prev\">\n\t\t\t\t\t\t<em class=\"sow-sld-icon-thin-left\"><\/em>\n\t\t\t\t\t<\/a>\n\t\t\t\t<\/div>\n\t\t\t\t<\/div><\/div>\t\t\t\t<style>.so-widget-sow-slider-default-6d39609536fd .sow-slider-base ul.sow-slider-images .sow-slider-image-wrapper {\n  \n  display: flex;\n  align-items: center;\n}\n.so-widget-sow-slider-default-6d39609536fd .sow-slider-base ul.sow-slider-images .sow-slider-image-wrapper > a {\n  display: block;\n  width: 100%;\n}\n.so-widget-sow-slider-default-6d39609536fd .sow-slider-base ul.sow-slider-images .sow-slider-image-wrapper .sow-slider-image-foreground-wrapper,\n.so-widget-sow-slider-default-6d39609536fd .sow-slider-base ul.sow-slider-images .sow-slider-image-wrapper > a .sow-slider-foreground-image {\n  display: block;\n  line-height: 0;\n  margin-right: auto;\n  margin-left: auto;\n}\n.so-widget-sow-slider-default-6d39609536fd .sow-slider-base .sow-slider-pagination {\n  text-align: right;\n}\n.so-widget-sow-slider-default-6d39609536fd .sow-slider-base .sow-slider-pagination li a {\n  background: #ffffff;\n}\n.so-widget-sow-slider-default-6d39609536fd .sow-slider-base .sow-slide-nav {\n  font-size: 25px;\n}\n.so-widget-sow-slider-default-6d39609536fd .sow-slider-base .sow-slide-nav a {\n  color: #ffffff;\n}<\/style>\n\t\t\t\t<\/div><\/div>\n\n\n\n<p style=\"font-size:18px\"><strong>En parall\u00e8le, <\/strong>chacun a poursuivi son chemin personnel&nbsp;:<br>     &#8211;<strong> Christofer <\/strong>compose et cr\u00e9e des<strong> <a rel=\"noreferrer noopener\" href=\"https:\/\/www.cbjurstrom.eu\/index.php\/musique-en-concert\/\" target=\"_blank\">Concerts<\/a> <\/strong>et des  <a rel=\"noreferrer noopener\" href=\"https:\/\/www.cbjurstrom.eu\/index.php\/cine-concert\/\" target=\"_blank\"><strong>Cin\u00e9-Concerts<\/strong> tout public <\/a><br>     &#8211; <strong>Catherine, <\/strong>au sein de la Compagnie Marmouzic, a donn\u00e9 naissance \u00e0 sa<strong> <a rel=\"noreferrer noopener\" href=\"https:\/\/www.marmouzic.org\/index.php\/seraphine-la-clowne\/\" target=\"_blank\">Clowne S\u00e9raphine<\/a> <\/strong>et poursuit aussi son travail de <strong><a rel=\"noreferrer noopener\" href=\"https:\/\/www.marmouzic.org\/index.php\/les-contes\/\" target=\"_blank\">Conteuse<\/a>; <\/strong>elle continue \u00e9galement en parall\u00e8le son activit\u00e9 de <strong><a rel=\"noreferrer noopener\" href=\"https:\/\/www.marmouzic.org\/index.php\/les-spectacles-tout-public-catherine-le-flochmoan\/\" target=\"_blank\">metteuse en sc\u00e8ne<\/a> et de <\/strong>com\u00e9dienne notamment dans des<a rel=\"noreferrer noopener\" href=\"https:\/\/www.marmouzic.org\/index.php\/lectures-musicales\/\" target=\"_blank\"><strong> lectures musicales<\/strong>.<\/a><br><\/p>\n\n\n\n<p style=\"font-size:18px\"><strong>Chacun d&rsquo;eux poursuit ainsi son travail en direction de divers publics <\/strong>avec des concerts, des cin\u00e9-concerts, des lectures musicales, des mises en sc\u00e8ne, etc&#8230;<strong> en plus de leur travail commun en direction des enfants&#8230; <\/strong><\/p>\n\n\n\n<div class=\"wp-block-columns is-layout-flex wp-container-core-columns-is-layout-9d6595d7 wp-block-columns-is-layout-flex\">\n<div class=\"wp-block-column is-layout-flow wp-block-column-is-layout-flow\">\n<figure class=\"wp-block-image size-large\"><a href=\"https:\/\/www.marmouzic.org\/index.php\/christofer-bjurstrom\/\"><img loading=\"lazy\" decoding=\"async\" width=\"1024\" height=\"681\" src=\"https:\/\/www.marmouzic.org\/wp-content\/uploads\/2020\/11\/cfer-en-blanc-taille-site-1-1024x681.jpg\" alt=\"\" class=\"wp-image-1745\" srcset=\"https:\/\/www.marmouzic.org\/wp-content\/uploads\/2020\/11\/cfer-en-blanc-taille-site-1-1024x681.jpg 1024w, https:\/\/www.marmouzic.org\/wp-content\/uploads\/2020\/11\/cfer-en-blanc-taille-site-1-300x199.jpg 300w, https:\/\/www.marmouzic.org\/wp-content\/uploads\/2020\/11\/cfer-en-blanc-taille-site-1-768x511.jpg 768w, https:\/\/www.marmouzic.org\/wp-content\/uploads\/2020\/11\/cfer-en-blanc-taille-site-1-391x260.jpg 391w, https:\/\/www.marmouzic.org\/wp-content\/uploads\/2020\/11\/cfer-en-blanc-taille-site-1-600x400.jpg 600w, https:\/\/www.marmouzic.org\/wp-content\/uploads\/2020\/11\/cfer-en-blanc-taille-site-1-272x182.jpg 272w, https:\/\/www.marmouzic.org\/wp-content\/uploads\/2020\/11\/cfer-en-blanc-taille-site-1.jpg 1074w\" sizes=\"auto, (max-width: 1024px) 100vw, 1024px\" \/><\/a><\/figure>\n\n\n\n<p><\/p>\n<\/div>\n\n\n\n<div class=\"wp-block-column is-layout-flow wp-block-column-is-layout-flow\">\n<figure class=\"wp-block-image size-large is-resized\"><a href=\"https:\/\/www.marmouzic.org\/index.php\/catherine-leflochmoan\/\"><img loading=\"lazy\" decoding=\"async\" width=\"1024\" height=\"731\" src=\"https:\/\/www.marmouzic.org\/wp-content\/uploads\/2020\/11\/Cath-recadree-3-1024x731.jpg\" alt=\"\" class=\"wp-image-1592\" style=\"width:505px;height:360px\" srcset=\"https:\/\/www.marmouzic.org\/wp-content\/uploads\/2020\/11\/Cath-recadree-3-1024x731.jpg 1024w, https:\/\/www.marmouzic.org\/wp-content\/uploads\/2020\/11\/Cath-recadree-3-300x214.jpg 300w, https:\/\/www.marmouzic.org\/wp-content\/uploads\/2020\/11\/Cath-recadree-3-768x548.jpg 768w, https:\/\/www.marmouzic.org\/wp-content\/uploads\/2020\/11\/Cath-recadree-3-1536x1096.jpg 1536w, https:\/\/www.marmouzic.org\/wp-content\/uploads\/2020\/11\/Cath-recadree-3-2048x1462.jpg 2048w\" sizes=\"auto, (max-width: 1024px) 100vw, 1024px\" \/><\/a><\/figure>\n<\/div>\n<\/div>\n\n\n\n<p class=\"has-text-align-center has-small-font-size\"><br><em><strong>La Compagnie Marmouzic<\/strong> est membre de la <a rel=\"noreferrer noopener\" href=\"https:\/\/www.cooperative109.fr\" target=\"_blank\"><strong>Coop\u00e9rative Artistique 109<\/strong><\/a> (Brest, 29), qui assure la diffusion et l&rsquo;administration de ses spectacles.<\/em><br><em><br><em><strong>La Cie Marmouzic<\/strong> est soutenue, pour certaines de ses cr\u00e9ations, par l&rsquo;Adami,  la Spedidam et la ville de Brest<\/em><br><strong>La Coop\u00e9rative Artistique 109 <\/strong>est soutenue par la ville de Brest, le Conseil D\u00e9partemental du Finist\u00e8re, la R\u00e9gion Bretagne, <br><\/em><\/p>\n\n\n<div class=\"wp-block-image is-style-default\">\n<figure class=\"aligncenter size-large is-resized\"><a href=\"https:\/\/www.marmouzic.org\/index.php\/les-spectacles-de-la-compagnie-marmouzic\/\"><img loading=\"lazy\" decoding=\"async\" width=\"1024\" height=\"683\" src=\"https:\/\/www.marmouzic.org\/wp-content\/uploads\/2020\/11\/DSC_0124-moins-vif-1024x683.jpg\" alt=\"\" class=\"wp-image-1620\" style=\"width:646px;height:431px\" srcset=\"https:\/\/www.marmouzic.org\/wp-content\/uploads\/2020\/11\/DSC_0124-moins-vif-1024x683.jpg 1024w, https:\/\/www.marmouzic.org\/wp-content\/uploads\/2020\/11\/DSC_0124-moins-vif-300x200.jpg 300w, https:\/\/www.marmouzic.org\/wp-content\/uploads\/2020\/11\/DSC_0124-moins-vif-768x512.jpg 768w, https:\/\/www.marmouzic.org\/wp-content\/uploads\/2020\/11\/DSC_0124-moins-vif-391x260.jpg 391w, https:\/\/www.marmouzic.org\/wp-content\/uploads\/2020\/11\/DSC_0124-moins-vif-1536x1024.jpg 1536w, https:\/\/www.marmouzic.org\/wp-content\/uploads\/2020\/11\/DSC_0124-moins-vif-2048x1365.jpg 2048w, https:\/\/www.marmouzic.org\/wp-content\/uploads\/2020\/11\/DSC_0124-moins-vif-600x400.jpg 600w, https:\/\/www.marmouzic.org\/wp-content\/uploads\/2020\/11\/DSC_0124-moins-vif-930x620.jpg 930w, https:\/\/www.marmouzic.org\/wp-content\/uploads\/2020\/11\/DSC_0124-moins-vif-272x182.jpg 272w\" sizes=\"auto, (max-width: 1024px) 100vw, 1024px\" \/><\/a><\/figure>\n<\/div>\n\n<div\n\t\t\t\n\t\t\tclass=\"so-widget-sow-button so-widget-sow-button-wire-5a8b13ab76a8\"\n\t\t\t\n\t\t><div class=\"ow-button-base ow-button-align-center\"\n>\n\t\t\t<a\n\t\t\t\t\thref=\"https:\/\/www.marmouzic.org\"\n\t\t\t\t\tclass=\"sowb-button ow-icon-placement-top ow-button-hover\" \t>\n\t\t<span>\n\t\t\t<span class=\"sow-icon-ionicons\" data-sow-icon=\"&#xf398;\"\n\t\tstyle=\"color: #000000\" \n\t\taria-hidden=\"true\"><\/span>\n\t\t\tHaut de page\t\t<\/span>\n\t\t\t<\/a>\n\t<\/div>\n<\/div>\t\t\t\t<style>.so-widget-sow-button-wire-5a8b13ab76a8 .ow-button-base {\n  zoom: 1;\n}\n.so-widget-sow-button-wire-5a8b13ab76a8 .ow-button-base:before {\n  content: '';\n  display: block;\n}\n.so-widget-sow-button-wire-5a8b13ab76a8 .ow-button-base:after {\n  content: '';\n  display: table;\n  clear: both;\n}\n@media (max-width: 780px) {\n  .so-widget-sow-button-wire-5a8b13ab76a8 .ow-button-base.ow-button-align-center {\n    text-align: center;\n  }\n  .so-widget-sow-button-wire-5a8b13ab76a8 .ow-button-base.ow-button-align-center.ow-button-align-justify .sowb-button {\n    display: inline-block;\n  }\n}\n.so-widget-sow-button-wire-5a8b13ab76a8 .ow-button-base .sowb-button {\n  -ms-box-sizing: border-box;\n  -moz-box-sizing: border-box;\n  -webkit-box-sizing: border-box;\n  box-sizing: border-box;\n  -webkit-border-radius: 0.25px;\n  -moz-border-radius: 0.25px;\n  border-radius: 0.25px;\n  background: transparent;\n  border: 2px solid #dd4646;\n  color: #dd4646 !important;\n  font-size: 1.45em;\n  \n  padding: 0.5em;\n  text-shadow: 0 1px 0 rgba(0, 0, 0, 0.05);\n  padding-inline: 1em;\n}\n.so-widget-sow-button-wire-5a8b13ab76a8 .ow-button-base .sowb-button > span {\n  display: flex;\n  justify-content: center;\n}\n.so-widget-sow-button-wire-5a8b13ab76a8 .ow-button-base .sowb-button > span [class^=\"sow-icon-\"] {\n  font-size: 1.3em;\n}\n.so-widget-sow-button-wire-5a8b13ab76a8 .ow-button-base .sowb-button.ow-icon-placement-top > span {\n  flex-direction: column;\n}\n.so-widget-sow-button-wire-5a8b13ab76a8 .ow-button-base .sowb-button.ow-icon-placement-right > span {\n  flex-direction: row-reverse;\n}\n.so-widget-sow-button-wire-5a8b13ab76a8 .ow-button-base .sowb-button.ow-icon-placement-bottom > span {\n  flex-direction: column-reverse;\n}\n.so-widget-sow-button-wire-5a8b13ab76a8 .ow-button-base .sowb-button.ow-icon-placement-left > span {\n  align-items: start;\n}\n.so-widget-sow-button-wire-5a8b13ab76a8 .ow-button-base .sowb-button.ow-button-hover:active,\n.so-widget-sow-button-wire-5a8b13ab76a8 .ow-button-base .sowb-button.ow-button-hover:hover {\n  background: #dd4646;\n  border-color: #dd4646;\n  color: #ffffff !important;\n}<\/style>\n\t\t\t\t","protected":false},"excerpt":{"rendered":"<p>Une compagnie d\u00e9di\u00e9e aux jeunesde 18 mois \u00e0 99 ans codirig\u00e9e parla com\u00e9dienne et metteuse en sc\u00e8neCatherine Le Flochmoanet le compositeur et musicien Christofer Bjurstr\u00f6m La compagnie Marmouzic est le r\u00e9sultat de la rencontre de ces deux artistes&nbsp;qui ont d\u00e9cid\u00e9, voici quelques ann\u00e9es, de mettre en commun leur go\u00fbt pour le th\u00e9\u00e2tre, la musique vivante&hellip;&nbsp;<a href=\"https:\/\/www.marmouzic.org\/\" rel=\"bookmark\">Lire la suite &raquo;<span class=\"screen-reader-text\">La Compagnie Marmouzic<\/span><\/a><\/p>\n","protected":false},"author":1,"featured_media":0,"parent":0,"menu_order":0,"comment_status":"closed","ping_status":"closed","template":"","meta":{"neve_meta_sidebar":"right","neve_meta_container":"","neve_meta_enable_content_width":"on","neve_meta_content_width":70,"neve_meta_title_alignment":"","neve_meta_author_avatar":"","neve_post_elements_order":"","neve_meta_disable_header":"","neve_meta_disable_footer":"","neve_meta_disable_title":"","footnotes":""},"class_list":["post-164","page","type-page","status-publish","hentry"],"featured_image_src":null,"featured_image_src_square":null,"_links":{"self":[{"href":"https:\/\/www.marmouzic.org\/index.php\/wp-json\/wp\/v2\/pages\/164","targetHints":{"allow":["GET"]}}],"collection":[{"href":"https:\/\/www.marmouzic.org\/index.php\/wp-json\/wp\/v2\/pages"}],"about":[{"href":"https:\/\/www.marmouzic.org\/index.php\/wp-json\/wp\/v2\/types\/page"}],"author":[{"embeddable":true,"href":"https:\/\/www.marmouzic.org\/index.php\/wp-json\/wp\/v2\/users\/1"}],"replies":[{"embeddable":true,"href":"https:\/\/www.marmouzic.org\/index.php\/wp-json\/wp\/v2\/comments?post=164"}],"version-history":[{"count":108,"href":"https:\/\/www.marmouzic.org\/index.php\/wp-json\/wp\/v2\/pages\/164\/revisions"}],"predecessor-version":[{"id":9386,"href":"https:\/\/www.marmouzic.org\/index.php\/wp-json\/wp\/v2\/pages\/164\/revisions\/9386"}],"wp:attachment":[{"href":"https:\/\/www.marmouzic.org\/index.php\/wp-json\/wp\/v2\/media?parent=164"}],"curies":[{"name":"wp","href":"https:\/\/api.w.org\/{rel}","templated":true}]}}