{"id":230,"date":"2020-04-20T17:05:09","date_gmt":"2020-04-20T15:05:09","guid":{"rendered":"http:\/\/www.marmouzic.org\/wwz\/?page_id=230"},"modified":"2023-03-28T16:06:59","modified_gmt":"2023-03-28T14:06:59","slug":"lage-blette","status":"publish","type":"page","link":"https:\/\/www.marmouzic.org\/index.php\/lage-blette\/","title":{"rendered":"L&rsquo;Age Blette"},"content":{"rendered":"\n<h4 class=\"wp-block-heading\">L&rsquo;AGE BLETTE OU LA QUARANTAINE RUGISSANTE<br>Un spectacle de et par Catherine Le Flochmoan et Bruno Herbet<\/h4>\n\n\n\n<p><strong>Un spectacle dit, chant\u00e9, danse, bondi au cours duquel les deux com\u00e9diens \u00e9grainent ces instants de vies dans lesquels chacun de nous se reconna\u00eetra<\/strong><\/p>\n\n\n\n<h5 class=\"wp-block-heading\">La quarantaine est pour beaucoup une p\u00e9riode charni\u00e8re entre jeunesse et \u00e2ge m\u00fbr, une esp\u00e8ce de transition, un moment o\u00f9 les questions existentielles se font plus pr\ufffdsentes.<\/h5>\n\n\n\n<p>Bruno Herbet et Catherine Le Flochmoan ont souhait\u00e9 par ce spectacle, pr\u00e9senter leur vision de la quarantaine, une quarantaine qui rugit, qui fait rire mais qui sait aussi \u00eatre tendre, ridicule parfois, touchante en tous cas.<\/p>\n\n\n\n<p class=\"has-medium-font-size\"><strong>Ce spectacle, qu&rsquo;ils ont \u00e9crit \u00e0 quatre mains, est une suite de portraits, une suite d&rsquo;instants de vie dans lesquels le public ne manquera pas de se reconna\u00eetre et d&rsquo;en rire!<\/strong><\/p>\n\n\n\n<p>Ils s&rsquo;appellent Roger, Jocelyne, Martin, Pascal, V\u00e9ronique et David. Ils sont \u00e0 l&rsquo;aube de leurs 40 ans et ils s&rsquo;interrogent. Tour \u00e0 tour dr\u00f4les, touchant et parfois m\u00eame graves, Bruno et Catherine dressent un tableau d\u00e9capant, d\u00e9sopilant et \u00e9mouvant de ces hommes et de ces femmes \u00e0 l&rsquo;aube de leurs 40 ans .<\/p>\n\n\n\n<p>Ils chantent, ils dansent, ils rient, ils pleurent, \u00e9grenant comme des notes de musiques, ces instants de vies o\u00f9 l&rsquo;on c\u00f4toie Roger, le c\u00e9libataire endurci et ses conqu\u00eates f\u00e9minines, Corinne qui essaie tout pour perdre du poids, Jocelyne et Pascal, les vieux c\u00e9libataires et leur rencontre improbable, Isabelle et Philippe, ridicules et touchant dans la force de leurs habitudes, Daniel et Muriel dans une com\u00e9die musicale d\u00e9jant\u00e9e: \u00ab\u00a0la vie r\u00e9v\u00e9e \u00e0 40 ans\u00a0\u00bb et V\u00e9ronique et David, les rois de la gym-tonique pr\u00eats \u00e0 tout pour retrouver la forme<\/p>\n\n\n\n<p><strong>Du rire, de l&rsquo;\u00e9motion et de la tendresse. Et si Roger, Corinne et tous les autres \u00e9taient en fait des morceaux de nous m\u00eame?<\/strong><\/p>\n\n\n\n<p>Mise en sc\u00e8ne : Serge No\u00ebl<br>Musique originale : Christofer Bjurstr\u00f6m<br>la musique des \u00ab\u00a0poup\u00e9es \u00a0\u00bb est de Nicolas Pointard et Antoine Surdon<br>Chor\u00e9graphie : Jo\u00ebl Lossouarn<br>Conseiller sport : Cathy Colet<br>Affiche : Christophe Pelletier<br>Photos : Ren\u00e9 Pellen<\/p>\n\n\n\n<p><strong>Coproduction Cie Marmouzic-Ville de Br\u00e9l\u00e8s<\/strong><\/p>\n","protected":false},"excerpt":{"rendered":"<p>L&rsquo;AGE BLETTE OU LA QUARANTAINE RUGISSANTEUn spectacle de et par Catherine Le Flochmoan et Bruno Herbet Un spectacle dit, chant\u00e9, danse, bondi au cours duquel les deux com\u00e9diens \u00e9grainent ces instants de vies dans lesquels chacun de nous se reconna\u00eetra La quarantaine est pour beaucoup une p\u00e9riode charni\u00e8re entre jeunesse et \u00e2ge m\u00fbr, une esp\u00e8ce&hellip;&nbsp;<a href=\"https:\/\/www.marmouzic.org\/index.php\/lage-blette\/\" rel=\"bookmark\">Lire la suite &raquo;<span class=\"screen-reader-text\">L&rsquo;Age Blette<\/span><\/a><\/p>\n","protected":false},"author":1,"featured_media":0,"parent":0,"menu_order":0,"comment_status":"closed","ping_status":"closed","template":"","meta":{"neve_meta_sidebar":"right","neve_meta_container":"contained","neve_meta_enable_content_width":"on","neve_meta_content_width":70,"neve_meta_title_alignment":"","neve_meta_author_avatar":"","neve_post_elements_order":"","neve_meta_disable_header":"","neve_meta_disable_footer":"","neve_meta_disable_title":"","footnotes":""},"class_list":["post-230","page","type-page","status-publish","hentry"],"featured_image_src":null,"featured_image_src_square":null,"_links":{"self":[{"href":"https:\/\/www.marmouzic.org\/index.php\/wp-json\/wp\/v2\/pages\/230","targetHints":{"allow":["GET"]}}],"collection":[{"href":"https:\/\/www.marmouzic.org\/index.php\/wp-json\/wp\/v2\/pages"}],"about":[{"href":"https:\/\/www.marmouzic.org\/index.php\/wp-json\/wp\/v2\/types\/page"}],"author":[{"embeddable":true,"href":"https:\/\/www.marmouzic.org\/index.php\/wp-json\/wp\/v2\/users\/1"}],"replies":[{"embeddable":true,"href":"https:\/\/www.marmouzic.org\/index.php\/wp-json\/wp\/v2\/comments?post=230"}],"version-history":[{"count":4,"href":"https:\/\/www.marmouzic.org\/index.php\/wp-json\/wp\/v2\/pages\/230\/revisions"}],"predecessor-version":[{"id":1261,"href":"https:\/\/www.marmouzic.org\/index.php\/wp-json\/wp\/v2\/pages\/230\/revisions\/1261"}],"wp:attachment":[{"href":"https:\/\/www.marmouzic.org\/index.php\/wp-json\/wp\/v2\/media?parent=230"}],"curies":[{"name":"wp","href":"https:\/\/api.w.org\/{rel}","templated":true}]}}