{"id":25,"date":"2019-12-13T17:42:32","date_gmt":"2019-12-13T16:42:32","guid":{"rendered":"http:\/\/www.marmouzic.org\/wwz\/?page_id=25"},"modified":"2023-03-28T16:15:48","modified_gmt":"2023-03-28T14:15:48","slug":"okalik-le-grand-chasseur-inuit","status":"publish","type":"page","link":"https:\/\/www.marmouzic.org\/index.php\/okalik-le-grand-chasseur-inuit\/","title":{"rendered":"Okalik, le grand chasseur inuit"},"content":{"rendered":"\n<p class=\"has-text-align-center has-medium-font-size\"><em><strong>\u00ab\u00a0Une aventure  myst\u00e9rieuse dans les \u00e9tendues glac\u00e9es de l&rsquo;arctique!\u00a0\u00bb<\/strong><\/em><\/p>\n\n\n\n<h4 class=\"has-text-align-center has-text-color wp-block-heading\" style=\"color:#830610\">T<span style=\"color:#830610\" class=\"has-inline-color\">h\u00e9\u00e2tre | Musique | Cin\u00e9ma | Marionnettes et ombres chinoises <\/span><\/h4>\n\n\n\n<ul class=\"wp-block-list\">\n<li><strong><span style=\"color:#a31809\" class=\"has-inline-color\">A partir de 5 ans<\/span><\/strong><\/li>\n\n\n\n<li><strong>Dur\u00e9e<\/strong> <strong>: 55 minutes<\/strong><\/li>\n<\/ul>\n\n\n\n<iframe loading=\"lazy\" src=\"https:\/\/www.youtube.com\/embed\/8iEMaEBa3dQ?rel=0\" allowfullscreen=\"\" width=\"800\" height=\"451\" frameborder=\"0\"><\/iframe>\n\n\n\n<p class=\"has-text-align-left has-normal-font-size\">Le jour se l\u00e8ve sur le printemps arctique&#8230; la glace se disloque,  la lande se recouvre en quelques semaines de fleurs et de couleurs.  <br>Devant sa hutte, Sila, la conteuse inuit, brode des kamiiks, des bottes  en peau de phoque, au coin de son feu&#8230;. Le son d&rsquo;une fl\u00fbte retentit au  loin&#8230; et Sila nous entra\u00eene dans l&rsquo;histoire extraordinaire de sons grand-p\u00e8re, Okalik,  le grand chasseur inuit amoureux d&rsquo;une renarde et qui eut la chance de vivre deux vies&#8230; <br><br><strong>Convoquant les r\u00e9cits des anciens et quelques marionnettes  malicieuses, Sila nous conte avec humour, en chansons et en images,  cette aventure hors du commun&#8230; <\/strong><br><br><\/p>\n\n\n\n<h5 class=\"has-text-align-center wp-block-heading\"><strong><span style=\"color:#830610\" class=\"has-inline-color\">Sur sc\u00e8ne<\/span><\/strong><br><strong><span style=\"color:#830610\" class=\"has-inline-color\">deux musiciens et une com\u00e9dienne\/chanteuse portent le r\u00e9cit<\/span><\/strong><\/h5>\n\n\n\n<p class=\"has-text-align-center\" style=\"font-size:11px\"><em><strong>Une coproduction <\/strong>: Coop\u00e9rative Artistique Marmouzic | le  service culturel de Plouzan\u00e9 |L&rsquo;Aliz\u00e9 de Guipavas | L&rsquo;Armorica de  Plouguerneau  <\/em><br><em><strong>Avec le soutien de<\/strong> : La ville de Brest, Le Conseil G\u00e9n\u00e9ral du Finist\u00e8re, l&rsquo;ADAMI et la SPEDIDAM.<\/em><\/p>\n\n\n\n<style id=\"sp_tab_dynamic_style887\">#sp-wp-tabs-wrapper_887 .sp-tab__nav { justify-content: flex-start; }#sp-wp-tabs-wrapper_887.sp-tab__lay-default.sp-tab__horizontal-bottom {display: flex;flex-direction: column-reverse;}#sp-wp-tabs-wrapper_887.sp-tab__lay-default.sp-tab__horizontal-bottom > ul {border-top: 1px solid #cccccc;border-bottom: 0;margin-top: 0;}#sp-wp-tabs-wrapper_887.sp-tab__lay-default.sp-tab__horizontal-bottom > ul > li .sp-tab__nav-link.sp-tab__active {border-color: transparent #cccccc#cccccc;margin-top: -1px;}#sp-wp-tabs-wrapper_887.sp-tab__lay-default.sp-tab__horizontal-bottom > ul > li .sp-tab__nav-link,#sp-wp-tabs-wrapper_887.sp-tab__lay-default.sp-tab__horizontal-bottom > ul > li a,#sp-wp-tabs-wrapper_887.sp-tab__lay-default.sp-tab__horizontal-bottom > ul > .sp-tab__nav-item {border-top: 0;border-top-left-radius: 0;border-top-right-radius: 0;border-bottom-left-radius: 2px;border-bottom-right-radius: 2px;}#sp-wp-tabs-wrapper_887.sp-tab__lay-default.sp-tab__horizontal-bottom > ul {border-bottom: none;}#sp-wp-tabs-wrapper_887.sp-tab__lay-default.sp-tab__horizontal-bottom .sp-tab__tab-content .sp-tab__tab-pane {border-top: 1px solid #cccccc;border-bottom: 0;}#sp-wp-tabs-wrapper_887.sp-tab__lay-default .sp-tab__tab-content .sp-tab-content > ul,#sp-wp-tabs-wrapper_887.sp-tab__lay-default .sp-tab__tab-content .sp-tab-content > ol {border-bottom: none;}#sp-wp-tabs-wrapper_887 .sp-tab__nav-tabs .sp-tab__nav-item.show .sp-tab__nav-link,#sp-wp-tabs-wrapper_887.sp-tab__lay-default ul li .sp-tab__nav-link.sp-tab__active {border-color: #cccccc#cccccc transparent;}#sp-wp-tabs-wrapper_887 > .sp-tab__nav-tabs .sp-tab__nav-link.sp-tab__active .sp-tab__tab_title,#sp-wp-tabs-wrapper_887.sp-tab__lay-default .sp-tab__nav-link > .sp-tab__card-header {color: #444;}#sp-wp-tabs-wrapper_887.sp-tab__lay-default > ul > li > .sp-tab__nav-link,#sp-wp-tabs-wrapper_887.sp-tab__lay-default > ul > li > a {cursor: pointer;border-color: #cccccc;padding-top: 15px;padding-right: 15px;padding-bottom: 15px;padding-left: 15px;}#sp-wp-tabs-wrapper_887 > .sp-tab__nav-tabs .sp-tab__nav-link {border: 1px solid #cccccc;height: 100%;}#sp-wp-tabs-wrapper_887.sp-tab__lay-default > ul > li .sp-tab__nav-link,#sp-wp-tabs-wrapper_887.sp-tab__lay-default > ul > li a,#sp-wp-tabs-wrapper_887.sp-tab__lay-default > ul > .sp-tab__nav-item {border-top-left-radius: 2px;border-top-right-radius: 2px;}#sp-wp-tabs-wrapper_887 .sp-tab__nav-tabs .sp-tab__nav-item {margin-bottom: -1px; }#sp-wp-tabs-wrapper_887.sp-tab__lay-default > ul .sp-tab__nav-item {margin-right: 10px;}#sp-wp-tabs-wrapper_887.sp-tab__lay-default.sp-tab__horizontal-bottom > ul .sp-tab__nav-item {margin-right: 10px;margin-top: 0;}#sp-wp-tabs-wrapper_887.sp-tab__lay-default > ul .sp-tab__nav-item .sp-tab__nav-link:hover .sp-tab__tab_title,#sp-wp-tabs-wrapper_887.sp-tab__lay-default > ul .sp-tab__nav-item a:hover .sp-tab__tab_title,#sp-wp-tabs-wrapper_887.sp-tab__lay-default .sp-tab__nav-link.collapsed .sp-tab__card-header:hover {color: #444;transition: .3s;}#sp-wp-tabs-wrapper_887.sp-tab__lay-default > ul .sp-tab__nav-item,#sp-wp-tabs-wrapper_887.sp-tab__lay-default .sp-tab__nav-link.collapsed > .sp-tab__card-header {background-color: #dda4a4;transition: 0.3s;}#sp-wp-tabs-wrapper_887 > .sp-tab__nav-tabs > .sp-tab__nav-item.show .sp-tab__nav-link,#sp-wp-tabs-wrapper_887 > .sp-tab__nav-tabs > .sp-tab__nav-item .sp-tab__nav-link.sp-tab__active,#sp-wp-tabs-wrapper_887.sp-tab__lay-default .sp-tab__nav-link > .sp-tab__card-header {background-color: #dd7c7c;}#sp-tabs-wrapper_887.sp-tab__lay-default > ul .sp-tab__nav-item .sp-tab__nav-link:not(.sp-tab__active):hover,#sp-tabs-wrapper_887.sp-tab__lay-default .sp-tab__tab-content > .sp-tab__tab-pane .sp-tab__card-header:hover {background-color: #dd4646;}#sp-wp-tabs-wrapper_887.sp-tab__lay-default > ul .sp-tab__nav-item:not(.sp-tab__active):hover,#sp-wp-tabs-wrapper_887.sp-tab__lay-default .sp-tab__nav-link.collapsed > .sp-tab__card-header:hover {background-color: #dd4646;}#sp-wp-tabs-wrapper_887.sp-tab__lay-default > ul .sp-tab__nav-item:last-child {margin-right: 0;}#sp-wp-tabs-wrapper_887.sp-tab__lay-default > .sp-tab__tab-content .sp-tab__tab-pane {border: 1px solid #cccccc;padding-top: 20px;padding-right: 20px;padding-bottom: 20px;padding-left: 20px;background-color: rgba(221,175,175,0.68);}#sp-wp-tabs-wrapper_887.sp-tab__lay-default > ul {border-bottom: 1px solid #cccccc;}#sp-wp-tabs-wrapper_887.sp-tab__lay-default > .sp-tab__tab-content .sp-tab__tab-pane {border-top: 0px;}@media(max-width:480px) {#sp-wp-tabs-wrapper_887.sp-tab__lay-default > ul li.sp-tab__nav-item {width: 100%;margin-right: 0px;}#sp-wp-tabs-wrapper_887.sp-tab__lay-default > ul li.sp-tab__nav-item:last-child {margin-bottom: -1px;}}#sp-wp-tabs-wrapper_887.sp-tab__lay-default > ul .sp-tab__nav-item .sp-tab__tab_title,#sp-wp-tabs-wrapper_887.sp-tab__lay-default span > .sp-tab__card-header {font-weight: 600;font-style: normal;font-size: 16px;line-height: 22px;letter-spacing: 0px;color: #444;margin: 0px;font-family: Open Sans;font-style: normal;font-weight: 600;}#sp-wp-tabs-wrapper_887.sp-tab__lay-default > .sp-tab__tab-content .sp-tab__tab-pane,#sp-wp-tabs-wrapper_887.sp-tab__lay-default > .sp-tab__tab-content .sp-tab__tab-pane p {font-weight: 400;font-style: normal;font-size: 16px;line-height: 24px;letter-spacing: 0px;color: #444;font-family: Open Sans;font-style: normal;font-weight: normal;}#sp-wp-tabs-wrapper_887.sp-tab__lay-default > .sp-tab__tab-content .sp-tab__tab-pane ul li a, #sp-wp-tabs-wrapper_887.sp-tab__lay-default .sp-tab__tab-content .sp-tab__tab-pane ol li a {color: #444;}<\/style>\t\t<div id=\"sp-wp-tabs-wrapper_887\" class=\"sp-tab__lay-default\" data-preloader=\"1\" data-activemode=\"tabs-activator-event-click\" data-anchor_linking=\"1\">\n\t\t\t<div class=\"sp-tab__preloader\">\n\t\t<div class=\"sp-tab__spinner\">\n\t\t\t<div class=\"rect1\"><\/div>\n\t\t\t<div class=\"rect2\"><\/div>\n\t\t\t<div class=\"rect3\"><\/div>\n\t\t\t<div class=\"rect4\"><\/div>\n\t\t\t<div class=\"rect5\"><\/div>\n\t\t<\/div>\n\t<\/div>\n\t<ul class=\"sp-tab__nav sp-tab__nav-tabs\" id=\"sp-tab__ul\" role=\"tablist\">\n\t\t\t\t<li class=\"sp-tab__nav-item\" role=\"presentation\">\n\t\t\t\t<span class=\"sp-tab__nav-link sp-tab__active\" data-sptoggle=\"tab\" for=\"#tab-8871\" role=\"tab\" aria-controls=tab-8871 aria-selected=true tabindex=0>\n\t\t\t\t\t<span class=\"tab_title_area\"><H4 class=\"sp-tab__tab_title\">En pratique<\/H4><\/span>\n\t\t\t\t<\/span>\n\t\t\t<\/li>\n\t\t\t\t\t\t<li class=\"sp-tab__nav-item\" role=\"presentation\">\n\t\t\t\t<span class=\"sp-tab__nav-link\" data-sptoggle=\"tab\" for=\"#tab-8872\" role=\"tab\" aria-controls=tab-8872 aria-selected=true tabindex=0>\n\t\t\t\t\t<span class=\"tab_title_area\"><H4 class=\"sp-tab__tab_title\">Documents et actions p\u00e9dagogiques<\/H4><\/span>\n\t\t\t\t<\/span>\n\t\t\t<\/li>\n\t\t\t\t\t\t<li class=\"sp-tab__nav-item\" role=\"presentation\">\n\t\t\t\t<span class=\"sp-tab__nav-link\" data-sptoggle=\"tab\" for=\"#tab-8873\" role=\"tab\" aria-controls=tab-8873 aria-selected=true tabindex=0>\n\t\t\t\t\t<span class=\"tab_title_area\"><H4 class=\"sp-tab__tab_title\">En savoir plus<\/H4><\/span>\n\t\t\t\t<\/span>\n\t\t\t<\/li>\n\t\t\t<\/ul>\n<div class=\"sp-tab__tab-content\">\n\t\t\t\t<div id=\"tab-8871\" class=\"sp-tab__tab-pane sp-tab__show sp-tab__active\" role=\"tabpanel\">\n\t\t\t\t\t<div class=\"sp-tab-content \"><p>Sc\u00e8ne \u00e9quip\u00e9e.<\/p>\n<p>Fiche technique sur demande.<\/p>\n<\/div>\n\t\t\t\t<\/div>\n\t\t\t\t\t\t\t\t<div id=\"tab-8872\" class=\"sp-tab__tab-pane \" role=\"tabpanel\">\n\t\t\t\t\t<div class=\"sp-tab-content \"><p><strong>Pour la cr\u00e9ation de ce spectacle et pour mieux appr\u00e9hender la r\u00e9alit\u00e9 de ce monde inuit si loin de notre culture occidentale, Catherine Le Flochmoan a effectu\u00e9 une longue recherche sur cette culture si particuli\u00e8re.<\/strong><\/p>\n<p><em>--&gt; Dossier p\u00e9dagogique disponible <a href=\"https:\/\/www.marmouzic.org\/wp-content\/uploads\/2020\/04\/Actions-cult-SEULEMENT-Okalik.pdf\" target=\"_blank\" rel=\"noopener\">ici.<\/a><\/em><\/p>\n<p><strong>Dans ce cadre, elle s'est tout naturellement rapproch\u00e9e du Centre Culturel Inuit, Inuksuk, \u00e0 Paris et de Sylvie T\u00e9veny, ethnologue sp\u00e9cialis\u00e9e dans cette culture.<\/strong><\/p>\n<p>Elle s'est alors form\u00e9e aupr\u00e8s d'elle et peut aujourd'hui animer un certain nombre d'ateliers inuit \u00e0 destination des enfant comme des plus \u00e2g\u00e9s<\/p>\n<p><strong>Les ateliers p\u00e9dagogiques<\/strong>:\u00a0\u00a0\u00a0\u00a0\u00a0\u00a0\u00a0\u00a0\u00a0\u00a0\u00a0 <em>--&gt; Pour le d\u00e9tail de ces ateliers, cliquer<strong><a href=\"https:\/\/www.marmouzic.org\/wp-content\/uploads\/2020\/04\/Actions-cultETSPECTACLES-Okalik-aout2016.pdf\"> ici<\/a><\/strong><\/em><\/p>\n<ol>\n<li><strong> Ateliers \u00ab courts \u00bb \u00e0 destination des scolaires et des centres de loisirs<\/strong><br \/>\n\u2192 atelier d\u00e9couverte de la culture inuit<br \/>\n\u2192 atelier d'initiation \u00e0 l'\u00e9criture inuit<br \/>\n\u2192 atelier jeux inuits<br \/>\n\u2192 atelier jeux de ficelle<br \/>\n\u2192 atelier contes et mythes fondateurs inuit<\/li>\n<li><strong>Ateliers \u00ab longs \u00bb \u00e0 destination des scolaires, centres de loisirs et \u00e9coles de musique<\/strong><br \/>\n\u2192 Cr\u00e9ation d'un spectacle autour d'un conte inuit (direction artistique Catherine Le Flochmoan)<br \/>\n\u2192 Cin\u00e9-Concert \u00e0 destination des \u00e9l\u00e8ves d'\u00e9coles de musique (direction artistique : Christofer Bjurstr\u00f6m)<\/li>\n<\/ol>\n<p><img loading=\"lazy\" decoding=\"async\" class=\"aligncenter size-medium wp-image-1672\" src=\"https:\/\/www.marmouzic.org\/wp-content\/uploads\/2020\/11\/action-inuit2-floutee-mai2020-300x225.jpg\" alt=\"\" width=\"300\" height=\"225\" srcset=\"https:\/\/www.marmouzic.org\/wp-content\/uploads\/2020\/11\/action-inuit2-floutee-mai2020-300x225.jpg 300w, https:\/\/www.marmouzic.org\/wp-content\/uploads\/2020\/11\/action-inuit2-floutee-mai2020-1024x768.jpg 1024w, https:\/\/www.marmouzic.org\/wp-content\/uploads\/2020\/11\/action-inuit2-floutee-mai2020-768x576.jpg 768w, https:\/\/www.marmouzic.org\/wp-content\/uploads\/2020\/11\/action-inuit2-floutee-mai2020-1536x1152.jpg 1536w, https:\/\/www.marmouzic.org\/wp-content\/uploads\/2020\/11\/action-inuit2-floutee-mai2020-2048x1536.jpg 2048w\" sizes=\"auto, (max-width: 300px) 100vw, 300px\" \/><\/p>\n<\/div>\n\t\t\t\t<\/div>\n\t\t\t\t\t\t\t\t<div id=\"tab-8873\" class=\"sp-tab__tab-pane \" role=\"tabpanel\">\n\t\t\t\t\t<div class=\"sp-tab-content \"><p><img loading=\"lazy\" decoding=\"async\" class=\"alignleft wp-image-474 size-thumbnail\" src=\"http:\/\/www.marmouzic.org\/wp-content\/uploads\/2020\/04\/petite-fille-inuit-150x150.jpg\" alt=\"\" width=\"150\" height=\"150\" srcset=\"https:\/\/www.marmouzic.org\/wp-content\/uploads\/2020\/04\/petite-fille-inuit-150x150.jpg 150w, https:\/\/www.marmouzic.org\/wp-content\/uploads\/2020\/04\/petite-fille-inuit-300x300.jpg 300w\" sizes=\"auto, (max-width: 150px) 100vw, 150px\" \/>En cours de r\u00e9daction<\/p>\n<\/div>\n\t\t\t\t<\/div>\n\t\t\t\t<\/div>\n\t\t<\/div>\n\t\t\n\n\n<div\n\t\t\t\n\t\t\tclass=\"so-widget-sow-button so-widget-sow-button-wire-5a8b13ab76a8\"\n\t\t\t\n\t\t><div class=\"ow-button-base ow-button-align-center\"\n>\n\t\t\t<a\n\t\t\t\t\thref=\"https:\/\/www.marmouzic.org\/index.php\/okalik-le-grand-chasseur-inuit\/\"\n\t\t\t\t\tclass=\"sowb-button ow-icon-placement-top ow-button-hover\" \t>\n\t\t<span>\n\t\t\t<span class=\"sow-icon-ionicons\" data-sow-icon=\"&#xf398;\"\n\t\tstyle=\"color: #000000\" \n\t\taria-hidden=\"true\"><\/span>\n\t\t\tHaut de page\t\t<\/span>\n\t\t\t<\/a>\n\t<\/div>\n<\/div>","protected":false},"excerpt":{"rendered":"<p>\u00ab\u00a0Une aventure myst\u00e9rieuse dans les \u00e9tendues glac\u00e9es de l&rsquo;arctique!\u00a0\u00bb Th\u00e9\u00e2tre | Musique | Cin\u00e9ma | Marionnettes et ombres chinoises Le jour se l\u00e8ve sur le printemps arctique&#8230; la glace se disloque, la lande se recouvre en quelques semaines de fleurs et de couleurs. Devant sa hutte, Sila, la conteuse inuit, brode des kamiiks, des bottes&hellip;&nbsp;<a href=\"https:\/\/www.marmouzic.org\/index.php\/okalik-le-grand-chasseur-inuit\/\" rel=\"bookmark\">Lire la suite &raquo;<span class=\"screen-reader-text\">Okalik, le grand chasseur inuit<\/span><\/a><\/p>\n","protected":false},"author":1,"featured_media":1809,"parent":0,"menu_order":0,"comment_status":"closed","ping_status":"closed","template":"","meta":{"neve_meta_sidebar":"right","neve_meta_container":"","neve_meta_enable_content_width":"on","neve_meta_content_width":70,"neve_meta_title_alignment":"","neve_meta_author_avatar":"","neve_post_elements_order":"","neve_meta_disable_header":"","neve_meta_disable_footer":"","neve_meta_disable_title":"","footnotes":""},"class_list":["post-25","page","type-page","status-publish","has-post-thumbnail","hentry"],"featured_image_src":"https:\/\/www.marmouzic.org\/wp-content\/uploads\/2020\/11\/Bandeau-montage-2.jpg","featured_image_src_square":"https:\/\/www.marmouzic.org\/wp-content\/uploads\/2020\/11\/Bandeau-montage-2.jpg","_links":{"self":[{"href":"https:\/\/www.marmouzic.org\/index.php\/wp-json\/wp\/v2\/pages\/25","targetHints":{"allow":["GET"]}}],"collection":[{"href":"https:\/\/www.marmouzic.org\/index.php\/wp-json\/wp\/v2\/pages"}],"about":[{"href":"https:\/\/www.marmouzic.org\/index.php\/wp-json\/wp\/v2\/types\/page"}],"author":[{"embeddable":true,"href":"https:\/\/www.marmouzic.org\/index.php\/wp-json\/wp\/v2\/users\/1"}],"replies":[{"embeddable":true,"href":"https:\/\/www.marmouzic.org\/index.php\/wp-json\/wp\/v2\/comments?post=25"}],"version-history":[{"count":30,"href":"https:\/\/www.marmouzic.org\/index.php\/wp-json\/wp\/v2\/pages\/25\/revisions"}],"predecessor-version":[{"id":6163,"href":"https:\/\/www.marmouzic.org\/index.php\/wp-json\/wp\/v2\/pages\/25\/revisions\/6163"}],"wp:featuredmedia":[{"embeddable":true,"href":"https:\/\/www.marmouzic.org\/index.php\/wp-json\/wp\/v2\/media\/1809"}],"wp:attachment":[{"href":"https:\/\/www.marmouzic.org\/index.php\/wp-json\/wp\/v2\/media?parent=25"}],"curies":[{"name":"wp","href":"https:\/\/api.w.org\/{rel}","templated":true}]}}