{"id":344,"date":"2020-04-24T18:46:51","date_gmt":"2020-04-24T16:46:51","guid":{"rendered":"http:\/\/www.marmouzic.org\/wwz\/?page_id=344"},"modified":"2024-09-30T17:39:55","modified_gmt":"2024-09-30T15:39:55","slug":"contact","status":"publish","type":"page","link":"https:\/\/www.marmouzic.org\/index.php\/contact\/","title":{"rendered":"Contact"},"content":{"rendered":"\n<p class=\"has-text-align-center\" style=\"font-size:23px\"><span class=\"has-inline-color has-black-color\"><strong>La Compagnie Marmouzic<\/strong> est membre de la <strong>Coop\u00e9rative Artistique 109<\/strong>, <br>qui assure son administration et sa diffusion.<\/span><\/p>\n\n\n\n<h1 class=\"wp-block-heading has-text-align-center\" style=\"font-size:35px\"><span style=\"color:#0c00a3\" class=\"has-inline-color\">Pour la diffusion de nos spectacles :<\/span><\/h1>\n\n\n\n<div class=\"wp-block-columns has-background is-layout-flex wp-container-core-columns-is-layout-9d6595d7 wp-block-columns-is-layout-flex\" style=\"background-color:#dacff4\">\n<div class=\"wp-block-column is-layout-flow wp-block-column-is-layout-flow\">\n<p class=\"has-text-align-center has-medium-font-size\"><strong><span style=\"color:#010d13\" class=\"has-inline-color\">Sterenn Alix<\/span><\/strong><br><span class=\"has-inline-color has-black-color\">Coop\u00e9rative 109<\/span><br><br>\u25ba <a href=\"mailto:diffusion@cooperative109.fr\" target=\"_blank\" rel=\"noreferrer noopener\">diffusion@cooperative109.fr<\/a> \u25c4<br>\u25ba <span class=\"has-inline-color has-black-color\">02 98 43 02 06<\/span> \u25c4<\/p>\n\n\n<div class=\"wp-block-image\">\n<figure class=\"aligncenter size-large is-resized\"><a href=\"https:\/\/www.cooperative109.fr\/\"><img loading=\"lazy\" decoding=\"async\" width=\"1024\" height=\"858\" src=\"https:\/\/www.marmouzic.org\/wp-content\/uploads\/2024\/09\/coop109logo-bleu-1024x858.jpg\" alt=\"\" class=\"wp-image-9283\" style=\"width:148px;height:111px\" srcset=\"https:\/\/www.marmouzic.org\/wp-content\/uploads\/2024\/09\/coop109logo-bleu-1024x858.jpg 1024w, https:\/\/www.marmouzic.org\/wp-content\/uploads\/2024\/09\/coop109logo-bleu-300x251.jpg 300w, https:\/\/www.marmouzic.org\/wp-content\/uploads\/2024\/09\/coop109logo-bleu-768x644.jpg 768w, https:\/\/www.marmouzic.org\/wp-content\/uploads\/2024\/09\/coop109logo-bleu-1536x1287.jpg 1536w, https:\/\/www.marmouzic.org\/wp-content\/uploads\/2024\/09\/coop109logo-bleu-2048x1716.jpg 2048w\" sizes=\"auto, (max-width: 1024px) 100vw, 1024px\" \/><\/a><figcaption class=\"wp-element-caption\">cliquer sur l&rsquo;image<\/figcaption><\/figure>\n<\/div><\/div>\n\n\n\n<div class=\"wp-block-column is-layout-flow wp-block-column-is-layout-flow\">\n<p class=\"has-text-align-center has-medium-font-size\"><span class=\"has-inline-color has-black-color\"><em>Pour joindre directement <\/em><br><strong>Catherine Le Flochmoan<\/strong><\/span> <br><br>\u25ba <a rel=\"noreferrer noopener\" href=\"mailto:c.leflochmoan@free.fr\" target=\"_blank\">c.leflochmoan@free.fr<\/a>\u25c4 <br><br>\u25ba <a rel=\"noreferrer noopener\" href=\"https:\/\/www.marmouzic.org\/index.php\/catherine-leflochmoan\/\" target=\"_blank\">https:\/\/www.marmouzic.org\/index.php\/catherine-leflochmoan\/<\/a> <br><\/p>\n<\/div>\n\n\n\n<div class=\"wp-block-column is-layout-flow wp-block-column-is-layout-flow\">\n<p class=\"has-text-align-center has-medium-font-size\"><span class=\"has-inline-color has-black-color\"><em>Pour joindre directement <\/em><br><strong>Christofer Bjurstr\u00f6m<\/strong><\/span> <br><br>\u25ba <a rel=\"noreferrer noopener\" href=\"mailto:christofer.bjurstrom@free.fr\" target=\"_blank\">christofer.bjurstrom@free.fr<\/a> \u25c4<br><br>\u25ba <a rel=\"noreferrer noopener\" href=\"https:\/\/www.cbjurstrom.eu\" target=\"_blank\">https:\/\/www.cbjurstrom.eu<\/a> \u25c4<\/p>\n<\/div>\n<\/div>\n\n\n\n<h2 class=\"wp-block-heading has-text-align-center\" style=\"font-size:35px\"><span style=\"color:#a30004\" class=\"has-inline-color\">Pour l&rsquo;administration de nos spectacles :<\/span><\/h2>\n\n\n\n<div class=\"wp-block-columns has-background is-layout-flex wp-container-core-columns-is-layout-9d6595d7 wp-block-columns-is-layout-flex\" style=\"background-color:#e2dcf1\">\n<div class=\"wp-block-column is-layout-flow wp-block-column-is-layout-flow\" style=\"flex-basis:25%\"><\/div>\n\n\n\n<div class=\"wp-block-column is-layout-flow wp-block-column-is-layout-flow\" style=\"flex-basis:50%\">\n<p class=\"has-text-align-center\"><span class=\"has-inline-color has-black-color\"><strong>B\u00e9n\u00e9dicte Ab\u00e9lard<\/strong><br>Coop\u00e9rative 109<\/span><br><br>\u25ba <a rel=\"noreferrer noopener\" href=\"mailto:production@cooperative109.fr\" target=\"_blank\">production@cooperative109.fr<\/a><br><span class=\"has-inline-color has-black-color\">\u25ba  02 98 43 02 06<\/span><\/p>\n<\/div>\n\n\n\n<div class=\"wp-block-column is-layout-flow wp-block-column-is-layout-flow\" style=\"flex-basis:25%\"><\/div>\n<\/div>\n\n\n\n<p><\/p>\n","protected":false},"excerpt":{"rendered":"<p>La Compagnie Marmouzic est membre de la Coop\u00e9rative Artistique 109, qui assure son administration et sa diffusion. Pour la diffusion de nos spectacles : Sterenn AlixCoop\u00e9rative 109 \u25ba diffusion@cooperative109.fr \u25c4\u25ba 02 98 43 02 06 \u25c4 Pour joindre directement Catherine Le Flochmoan \u25ba c.leflochmoan@free.fr\u25c4 \u25ba https:\/\/www.marmouzic.org\/index.php\/catherine-leflochmoan\/ Pour joindre directement Christofer Bjurstr\u00f6m \u25ba christofer.bjurstrom@free.fr \u25c4 \u25ba&hellip;&nbsp;<a href=\"https:\/\/www.marmouzic.org\/index.php\/contact\/\" rel=\"bookmark\">Lire la suite &raquo;<span class=\"screen-reader-text\">Contact<\/span><\/a><\/p>\n","protected":false},"author":1,"featured_media":0,"parent":0,"menu_order":0,"comment_status":"closed","ping_status":"closed","template":"","meta":{"neve_meta_sidebar":"full-width","neve_meta_container":"","neve_meta_enable_content_width":"on","neve_meta_content_width":100,"neve_meta_title_alignment":"","neve_meta_author_avatar":"","neve_post_elements_order":"","neve_meta_disable_header":"","neve_meta_disable_footer":"","neve_meta_disable_title":"","footnotes":""},"class_list":["post-344","page","type-page","status-publish","hentry"],"featured_image_src":null,"featured_image_src_square":null,"_links":{"self":[{"href":"https:\/\/www.marmouzic.org\/index.php\/wp-json\/wp\/v2\/pages\/344","targetHints":{"allow":["GET"]}}],"collection":[{"href":"https:\/\/www.marmouzic.org\/index.php\/wp-json\/wp\/v2\/pages"}],"about":[{"href":"https:\/\/www.marmouzic.org\/index.php\/wp-json\/wp\/v2\/types\/page"}],"author":[{"embeddable":true,"href":"https:\/\/www.marmouzic.org\/index.php\/wp-json\/wp\/v2\/users\/1"}],"replies":[{"embeddable":true,"href":"https:\/\/www.marmouzic.org\/index.php\/wp-json\/wp\/v2\/comments?post=344"}],"version-history":[{"count":19,"href":"https:\/\/www.marmouzic.org\/index.php\/wp-json\/wp\/v2\/pages\/344\/revisions"}],"predecessor-version":[{"id":9284,"href":"https:\/\/www.marmouzic.org\/index.php\/wp-json\/wp\/v2\/pages\/344\/revisions\/9284"}],"wp:attachment":[{"href":"https:\/\/www.marmouzic.org\/index.php\/wp-json\/wp\/v2\/media?parent=344"}],"curies":[{"name":"wp","href":"https:\/\/api.w.org\/{rel}","templated":true}]}}