{"id":358,"date":"2020-04-25T12:30:01","date_gmt":"2020-04-25T10:30:01","guid":{"rendered":"http:\/\/www.marmouzic.org\/wwz\/?page_id=358"},"modified":"2023-03-28T16:17:02","modified_gmt":"2023-03-28T14:17:02","slug":"quelques-anciens-spectacles","status":"publish","type":"page","link":"https:\/\/www.marmouzic.org\/index.php\/quelques-anciens-spectacles\/","title":{"rendered":"Quelques anciens spectacles"},"content":{"rendered":"\n<p>La dur\u00e9e de vie des spectacles est toujours tr\u00e8s variable. En r\u00e8gle g\u00e9n\u00e9rale, nous les jouons aussi longtemps que possible. Mais parfois, il peut s&rsquo;av\u00e9rer n\u00e9cessaire de ne plus proposer tel ou tel spectacle. C&rsquo;est le cas notamment des deux spectacles que vous pourrez voir ci-dessous. Les esprits aiguis\u00e9s verront un lien entre les deux affiches&#8230;.. Co\u00efncidence?<\/p>\n\n\n\n<p> <\/p>\n\n\n\n<div class=\"wp-block-media-text alignwide is-stacked-on-mobile\"><figure class=\"wp-block-media-text__media\"><img loading=\"lazy\" decoding=\"async\" width=\"564\" height=\"816\" src=\"https:\/\/www.marmouzic.org\/wp-content\/uploads\/2020\/09\/Affiche-autruche.jpg\" alt=\"\" class=\"wp-image-1411 size-full\" srcset=\"https:\/\/www.marmouzic.org\/wp-content\/uploads\/2020\/09\/Affiche-autruche.jpg 564w, https:\/\/www.marmouzic.org\/wp-content\/uploads\/2020\/09\/Affiche-autruche-207x300.jpg 207w\" sizes=\"auto, (max-width: 564px) 100vw, 564px\" \/><\/figure><div class=\"wp-block-media-text__content\">\n<p class=\"has-large-font-size\"><a href=\"https:\/\/www.marmouzic.org\/index.php\/lage-blette\/\" target=\"_blank\" rel=\"noreferrer noopener\">L&rsquo;Age Blette<\/a> ou la Quarantaine Rugissante<\/p>\n\n\n\n<p>un spectacle de et avec Catherine Le Flochmoan et Bruno Herbet<\/p>\n\n\n\n<p>&#8230;.. Le couple aux prises avec le temps qui passe&#8230;&#8230;.<\/p>\n<\/div><\/div>\n\n\n\n<div class=\"wp-block-media-text alignwide has-media-on-the-right is-stacked-on-mobile\"><div class=\"wp-block-media-text__content\">\n<p class=\"has-large-font-size\"><a href=\"https:\/\/www.marmouzic.org\/index.php\/heureux-cabaret-sens-dessus-dessous\/\" target=\"_blank\" rel=\"noreferrer noopener\">Le Cabaret \u00ab\u00a0Heureux\u00a0\u00bb<\/a><\/p>\n\n\n\n<p>sur des textes de Hannock Levin<\/p>\n\n\n\n<p>mis en sc\u00e8ne par Catherine Le Flochmoan<\/p>\n<\/div><figure class=\"wp-block-media-text__media\"><img loading=\"lazy\" decoding=\"async\" width=\"500\" height=\"750\" src=\"https:\/\/www.marmouzic.org\/wp-content\/uploads\/2020\/04\/affiche-heureux-cabaret-petite.jpg\" alt=\"\" class=\"wp-image-273 size-full\" srcset=\"https:\/\/www.marmouzic.org\/wp-content\/uploads\/2020\/04\/affiche-heureux-cabaret-petite.jpg 500w, https:\/\/www.marmouzic.org\/wp-content\/uploads\/2020\/04\/affiche-heureux-cabaret-petite-200x300.jpg 200w\" sizes=\"auto, (max-width: 500px) 100vw, 500px\" \/><\/figure><\/div>\n","protected":false},"excerpt":{"rendered":"<p>La dur\u00e9e de vie des spectacles est toujours tr\u00e8s variable. En r\u00e8gle g\u00e9n\u00e9rale, nous les jouons aussi longtemps que possible. Mais parfois, il peut s&rsquo;av\u00e9rer n\u00e9cessaire de ne plus proposer tel ou tel spectacle. C&rsquo;est le cas notamment des deux spectacles que vous pourrez voir ci-dessous. Les esprits aiguis\u00e9s verront un lien entre les deux&hellip;&nbsp;<a href=\"https:\/\/www.marmouzic.org\/index.php\/quelques-anciens-spectacles\/\" rel=\"bookmark\">Lire la suite &raquo;<span class=\"screen-reader-text\">Quelques anciens spectacles<\/span><\/a><\/p>\n","protected":false},"author":1,"featured_media":0,"parent":0,"menu_order":0,"comment_status":"closed","ping_status":"closed","template":"","meta":{"neve_meta_sidebar":"right","neve_meta_container":"contained","neve_meta_enable_content_width":"on","neve_meta_content_width":100,"neve_meta_title_alignment":"","neve_meta_author_avatar":"","neve_post_elements_order":"","neve_meta_disable_header":"","neve_meta_disable_footer":"","neve_meta_disable_title":"","footnotes":""},"class_list":["post-358","page","type-page","status-publish","hentry"],"featured_image_src":null,"featured_image_src_square":null,"_links":{"self":[{"href":"https:\/\/www.marmouzic.org\/index.php\/wp-json\/wp\/v2\/pages\/358","targetHints":{"allow":["GET"]}}],"collection":[{"href":"https:\/\/www.marmouzic.org\/index.php\/wp-json\/wp\/v2\/pages"}],"about":[{"href":"https:\/\/www.marmouzic.org\/index.php\/wp-json\/wp\/v2\/types\/page"}],"author":[{"embeddable":true,"href":"https:\/\/www.marmouzic.org\/index.php\/wp-json\/wp\/v2\/users\/1"}],"replies":[{"embeddable":true,"href":"https:\/\/www.marmouzic.org\/index.php\/wp-json\/wp\/v2\/comments?post=358"}],"version-history":[{"count":5,"href":"https:\/\/www.marmouzic.org\/index.php\/wp-json\/wp\/v2\/pages\/358\/revisions"}],"predecessor-version":[{"id":6173,"href":"https:\/\/www.marmouzic.org\/index.php\/wp-json\/wp\/v2\/pages\/358\/revisions\/6173"}],"wp:attachment":[{"href":"https:\/\/www.marmouzic.org\/index.php\/wp-json\/wp\/v2\/media?parent=358"}],"curies":[{"name":"wp","href":"https:\/\/api.w.org\/{rel}","templated":true}]}}