{"id":39,"date":"2019-12-15T11:54:07","date_gmt":"2019-12-15T10:54:07","guid":{"rendered":"http:\/\/www.marmouzic.org\/wwz\/?page_id=39"},"modified":"2023-03-28T16:15:06","modified_gmt":"2023-03-28T14:15:06","slug":"livre-concert-le-voyage-dhipollene","status":"publish","type":"page","link":"https:\/\/www.marmouzic.org\/index.php\/livre-concert-le-voyage-dhipollene\/","title":{"rendered":"Livre-Concert Le Voyage d&rsquo;Hipoll\u00e8ne"},"content":{"rendered":"\n<h5 class=\"has-normal-font-size wp-block-heading\"><strong>d&rsquo;apr\u00e8s l&rsquo;album \u00ab\u00a0L&rsquo;Arbre Sans Fin\u00a0\u00bb de Claude Ponti  <\/strong><\/h5>\n\n\n\n<p class=\"has-medium-font-size\"><strong>Un spectacle <span style=\"color:#a30a00\" class=\"has-inline-color\">TTT T\u00e9l\u00e9rama <\/span>: On aime passionn\u00e9ment\u00a0\u00bb.<\/strong> <em> <\/em><\/p>\n\n\n\n<div class=\"wp-block-columns is-layout-flex wp-container-core-columns-is-layout-9d6595d7 wp-block-columns-is-layout-flex\">\n<div class=\"wp-block-column is-layout-flow wp-block-column-is-layout-flow\">\n<ul class=\"wp-block-list\">\n<li><strong><span style=\"color:#a31809\" class=\"has-inline-color\">Un spectacle \u00e0 partir de 2 ans<\/span><\/strong><\/li>\n\n\n\n<li><strong>Dur\u00e9e :<\/strong> 40 minutes &#8211; <strong>Jauge :<\/strong> 150 enfants<\/li>\n<\/ul>\n\n\n\n<p><\/p>\n<\/div>\n\n\n\n<div class=\"wp-block-column is-layout-flow wp-block-column-is-layout-flow\">\n<ul class=\"wp-block-list\">\n<li><strong>Sur sc\u00e8ne: <\/strong><\/li>\n\n\n\n<li>2 musiciens, 1 conteuse\/chanteuse et un film r\u00e9alis\u00e9 \u00e0 partir des images de l&rsquo;album<\/li>\n<\/ul>\n<\/div>\n<\/div>\n\n\n\n<figure class=\"wp-block-embed is-type-video is-provider-vimeo wp-block-embed-vimeo\"><div class=\"wp-block-embed__wrapper\">\n<div class=\"nv-iframe-embed\"><iframe loading=\"lazy\" title=\"Le Voyage d&#039;Hipoll&amp;egrave;ne\" src=\"https:\/\/player.vimeo.com\/video\/157403252?dnt=1&amp;app_id=122963\" width=\"1200\" height=\"675\" frameborder=\"0\" allow=\"autoplay; fullscreen\" allowfullscreen><\/iframe><\/div>\n<\/div><figcaption class=\"wp-element-caption\">Le Voyage d&rsquo;Hipollene<\/figcaption><\/figure>\n\n\n\n<p class=\"has-normal-font-size\"> <span class=\"has-inline-color has-black-color\">La lumi\u00e8re de la salle baisse lentement, dans la nuit \u00e9toil\u00e9e. Sur sc\u00e8ne, des instruments de musique \u00e9tranges&#8230;  <br> <br><strong>Le son d&rsquo;une fl\u00fbte retentit,appel sensible au r\u00eave et \u00e0 l&rsquo;imaginaire  et les artistes apparaissent, au milieu des enfants, <\/strong>cr\u00e9ant de leurs  voix et de leurs instruments, les sons de la for\u00eat&#8230;.   <br><strong>Ils montent sur sc\u00e8ne et le voyage commence<\/strong>&#8230;en mots, en chanson,  en musique et avec le film d&rsquo;animation r\u00e9alis\u00e9 subtilement \u00e0 partir des  images de l&rsquo;Arbre sans fin. <br>De la chasse aux glousses avec son p\u00e8re, \u00e0 la disparition de sa  grand-m\u00e8re, en passant par sa rencontre avec Ortic, le monstre,  <strong>Hipoll\u00e8ne sortira victorieuse et grandie des mille et une \u00e9preuves qui  l&rsquo;attendent au sein du petit peuple de la for\u00eat.  <\/strong><\/span><\/p>\n\n\n\n<p><\/p>\n\n\n\n<div class=\"wp-block-media-text alignwide is-stacked-on-mobile\"><figure class=\"wp-block-media-text__media\"><img loading=\"lazy\" decoding=\"async\" width=\"1024\" height=\"682\" src=\"https:\/\/www.marmouzic.org\/wp-content\/uploads\/2020\/05\/Hipollene-Catherine-Le6Flochmoan-4-6-1280-1-1024x682.jpg\" alt=\"\" class=\"wp-image-883 size-full\" srcset=\"https:\/\/www.marmouzic.org\/wp-content\/uploads\/2020\/05\/Hipollene-Catherine-Le6Flochmoan-4-6-1280-1-1024x682.jpg 1024w, https:\/\/www.marmouzic.org\/wp-content\/uploads\/2020\/05\/Hipollene-Catherine-Le6Flochmoan-4-6-1280-1-300x200.jpg 300w, https:\/\/www.marmouzic.org\/wp-content\/uploads\/2020\/05\/Hipollene-Catherine-Le6Flochmoan-4-6-1280-1-768x512.jpg 768w, https:\/\/www.marmouzic.org\/wp-content\/uploads\/2020\/05\/Hipollene-Catherine-Le6Flochmoan-4-6-1280-1-391x260.jpg 391w, https:\/\/www.marmouzic.org\/wp-content\/uploads\/2020\/05\/Hipollene-Catherine-Le6Flochmoan-4-6-1280-1-600x400.jpg 600w, https:\/\/www.marmouzic.org\/wp-content\/uploads\/2020\/05\/Hipollene-Catherine-Le6Flochmoan-4-6-1280-1-930x620.jpg 930w, https:\/\/www.marmouzic.org\/wp-content\/uploads\/2020\/05\/Hipollene-Catherine-Le6Flochmoan-4-6-1280-1-272x182.jpg 272w, https:\/\/www.marmouzic.org\/wp-content\/uploads\/2020\/05\/Hipollene-Catherine-Le6Flochmoan-4-6-1280-1.jpg 1280w\" sizes=\"auto, (max-width: 1024px) 100vw, 1024px\" \/><\/figure><div class=\"wp-block-media-text__content\">\n<p class=\"has-small-font-size\"><strong><span class=\"has-inline-color has-black-color\">La voix de la conteuse<\/span> <span style=\"color:#830610\" class=\"has-inline-color\">Catherine Le Flochmoan <\/span><\/strong><span class=\"has-inline-color has-black-color\">s&rsquo;entrem\u00eale aux timbres des instruments\u2026<strong> <\/strong><br><strong>Elle dit, conte, chante les textes de Claude Ponti, <\/strong>leur donnant vie \u00e0 c\u00f4t\u00e9 des images, au c\u0153ur de la musique et<strong> ouvrant ainsi ce spectacle aux jeunes spectateurs non lecteurs.<\/strong><\/span><\/p>\n<\/div><\/div>\n\n\n\n<div class=\"wp-block-media-text alignwide has-media-on-the-right is-stacked-on-mobile\"><div class=\"wp-block-media-text__content\">\n<p class=\"has-small-font-size\"><strong><span style=\"color:#830610\" class=\"has-inline-color\">Christofer BJURSTR\u00d6M<\/span> a choisi une musique qui joue sur les atmosph\u00e8res, renfor\u00e7ant ainsi le merveilleux de l&rsquo;histoire. <\/strong><br><br><span class=\"has-inline-color has-black-color\">Aux c\u00f4t\u00e9s de<\/span><strong> <span style=\"color:#830610\" class=\"has-inline-color\">Fran\u00e7ois MALET,<\/span> <\/strong><span class=\"has-inline-color has-black-color\"><strong>percussionniste et multi-instrumentiste virtuose, <\/strong>il suit pas \u00e0 pas le cheminement d&rsquo;Hipoll\u00e8ne avec des instruments aux sonorit\u00e9s marqu\u00e9es <strong>: fl\u00fbtes diverses, kh\u00e8ne laotien, \u00e9tranges instruments \u00e0 cordes frott\u00e9es ou frapp\u00e9es,tout un instrumentarium en compl\u00e9ment du piano.<\/strong><\/span><\/p>\n<\/div><figure class=\"wp-block-media-text__media\"><img loading=\"lazy\" decoding=\"async\" width=\"1024\" height=\"682\" src=\"https:\/\/www.marmouzic.org\/wp-content\/uploads\/2020\/05\/Hipoll\u00e8ne-Christofer-Bjurstr\u00f6m-4-6-1024x682.jpg\" alt=\"\" class=\"wp-image-880 size-full\" srcset=\"https:\/\/www.marmouzic.org\/wp-content\/uploads\/2020\/05\/Hipoll\u00e8ne-Christofer-Bjurstr\u00f6m-4-6-1024x682.jpg 1024w, https:\/\/www.marmouzic.org\/wp-content\/uploads\/2020\/05\/Hipoll\u00e8ne-Christofer-Bjurstr\u00f6m-4-6-300x200.jpg 300w, https:\/\/www.marmouzic.org\/wp-content\/uploads\/2020\/05\/Hipoll\u00e8ne-Christofer-Bjurstr\u00f6m-4-6-768x512.jpg 768w, https:\/\/www.marmouzic.org\/wp-content\/uploads\/2020\/05\/Hipoll\u00e8ne-Christofer-Bjurstr\u00f6m-4-6-391x260.jpg 391w, https:\/\/www.marmouzic.org\/wp-content\/uploads\/2020\/05\/Hipoll\u00e8ne-Christofer-Bjurstr\u00f6m-4-6-600x400.jpg 600w, https:\/\/www.marmouzic.org\/wp-content\/uploads\/2020\/05\/Hipoll\u00e8ne-Christofer-Bjurstr\u00f6m-4-6-930x620.jpg 930w, https:\/\/www.marmouzic.org\/wp-content\/uploads\/2020\/05\/Hipoll\u00e8ne-Christofer-Bjurstr\u00f6m-4-6-272x182.jpg 272w, https:\/\/www.marmouzic.org\/wp-content\/uploads\/2020\/05\/Hipoll\u00e8ne-Christofer-Bjurstr\u00f6m-4-6.jpg 1280w\" sizes=\"auto, (max-width: 1024px) 100vw, 1024px\" \/><\/figure><\/div>\n\n\n\n<div class=\"wp-block-media-text alignwide is-stacked-on-mobile\"><figure class=\"wp-block-media-text__media\"><img loading=\"lazy\" decoding=\"async\" width=\"1024\" height=\"680\" src=\"https:\/\/www.marmouzic.org\/wp-content\/uploads\/2020\/05\/Hipoll\u00e8ne-Fran\u00e7ois-Malet-1024x680.jpg\" alt=\"\" class=\"wp-image-881 size-full\" srcset=\"https:\/\/www.marmouzic.org\/wp-content\/uploads\/2020\/05\/Hipoll\u00e8ne-Fran\u00e7ois-Malet-1024x680.jpg 1024w, https:\/\/www.marmouzic.org\/wp-content\/uploads\/2020\/05\/Hipoll\u00e8ne-Fran\u00e7ois-Malet-300x199.jpg 300w, https:\/\/www.marmouzic.org\/wp-content\/uploads\/2020\/05\/Hipoll\u00e8ne-Fran\u00e7ois-Malet-768x510.jpg 768w, https:\/\/www.marmouzic.org\/wp-content\/uploads\/2020\/05\/Hipoll\u00e8ne-Fran\u00e7ois-Malet-391x260.jpg 391w, https:\/\/www.marmouzic.org\/wp-content\/uploads\/2020\/05\/Hipoll\u00e8ne-Fran\u00e7ois-Malet-1536x1020.jpg 1536w, https:\/\/www.marmouzic.org\/wp-content\/uploads\/2020\/05\/Hipoll\u00e8ne-Fran\u00e7ois-Malet-272x182.jpg 272w, https:\/\/www.marmouzic.org\/wp-content\/uploads\/2020\/05\/Hipoll\u00e8ne-Fran\u00e7ois-Malet.jpg 1600w\" sizes=\"auto, (max-width: 1024px) 100vw, 1024px\" \/><\/figure><div class=\"wp-block-media-text__content\">\n<p class=\"has-text-align-center has-normal-font-size\"><strong><span class=\"has-inline-color has-black-color\">\u00ab\u00a0L&rsquo;Arbre Sans Fin\u00a0\u00bb, de Claude Ponti, <\/span><\/strong><br><strong><span class=\"has-inline-color has-black-color\">est un de ces albums qui marient de mani\u00e8re extraordinaire le merveilleux, le fantastique, la po\u00e9sie et le sens profond des choses.<\/span><\/strong><\/p>\n<\/div><\/div>\n\n\n\n<h5 class=\"has-text-align-center has-normal-font-size wp-block-heading\"> <strong><span style=\"color:#830610\" class=\"has-inline-color\">Une travers\u00e9e inoubliable dans le monde enchanteur  et fantastique de Claude Ponti, <\/span><\/strong><br><strong><span style=\"color:#830610\" class=\"has-inline-color\">gr\u00e2ce \u00e0 la musique de Christofer  Bjurstr\u00f6m, \u00e0 la pr\u00e9sence de la conteuse <\/span><\/strong><br><strong><span style=\"color:#830610\" class=\"has-inline-color\">et au magnifique film de  Jean-Alain Kerdraon, adaptation tr\u00e8s fid\u00e8le de \u00ab\u00a0L&rsquo;Arbre Sans Fin\u00a0\u00bb. <\/span><\/strong><\/h5>\n\n\n\n<p class=\"has-text-align-center has-normal-font-size\"><em> Une coproduction \u00ab\u00a0Marmouzic\u00a0\u00bb, \u00ab\u00a0Festival Cin\u00e9-Junior 94\u00a0\u00bb et \u00ab\u00a0Le Forum des Images\/Paris.<\/em>\u00ab\u00a0<br><em> Avec le soutien de la  R\u00e9gion Bretagne, du CG 29 et de la Ville de Brest.<\/em> <\/p>\n\n\n\n<style id=\"sp_tab_dynamic_style875\">#sp-wp-tabs-wrapper_875 .sp-tab__nav { justify-content: flex-start; }#sp-wp-tabs-wrapper_875.sp-tab__lay-default.sp-tab__horizontal-bottom {display: flex;flex-direction: column-reverse;}#sp-wp-tabs-wrapper_875.sp-tab__lay-default.sp-tab__horizontal-bottom > ul {border-top: 1px solid #cccccc;border-bottom: 0;margin-top: 0;}#sp-wp-tabs-wrapper_875.sp-tab__lay-default.sp-tab__horizontal-bottom > ul > li .sp-tab__nav-link.sp-tab__active {border-color: transparent #cccccc#cccccc;margin-top: -1px;}#sp-wp-tabs-wrapper_875.sp-tab__lay-default.sp-tab__horizontal-bottom > ul > li .sp-tab__nav-link,#sp-wp-tabs-wrapper_875.sp-tab__lay-default.sp-tab__horizontal-bottom > ul > li a,#sp-wp-tabs-wrapper_875.sp-tab__lay-default.sp-tab__horizontal-bottom > ul > .sp-tab__nav-item {border-top: 0;border-top-left-radius: 0;border-top-right-radius: 0;border-bottom-left-radius: 2px;border-bottom-right-radius: 2px;}#sp-wp-tabs-wrapper_875.sp-tab__lay-default.sp-tab__horizontal-bottom > ul {border-bottom: none;}#sp-wp-tabs-wrapper_875.sp-tab__lay-default.sp-tab__horizontal-bottom .sp-tab__tab-content .sp-tab__tab-pane {border-top: 1px solid #cccccc;border-bottom: 0;}#sp-wp-tabs-wrapper_875.sp-tab__lay-default .sp-tab__tab-content .sp-tab-content > ul,#sp-wp-tabs-wrapper_875.sp-tab__lay-default .sp-tab__tab-content .sp-tab-content > ol {border-bottom: none;}#sp-wp-tabs-wrapper_875 .sp-tab__nav-tabs .sp-tab__nav-item.show .sp-tab__nav-link,#sp-wp-tabs-wrapper_875.sp-tab__lay-default ul li .sp-tab__nav-link.sp-tab__active {border-color: #cccccc#cccccc transparent;}#sp-wp-tabs-wrapper_875 > .sp-tab__nav-tabs .sp-tab__nav-link.sp-tab__active .sp-tab__tab_title,#sp-wp-tabs-wrapper_875.sp-tab__lay-default .sp-tab__nav-link > .sp-tab__card-header {color: #444;}#sp-wp-tabs-wrapper_875.sp-tab__lay-default > ul > li > .sp-tab__nav-link,#sp-wp-tabs-wrapper_875.sp-tab__lay-default > ul > li > a {cursor: pointer;border-color: #cccccc;padding-top: 15px;padding-right: 15px;padding-bottom: 15px;padding-left: 15px;}#sp-wp-tabs-wrapper_875 > .sp-tab__nav-tabs .sp-tab__nav-link {border: 1px solid #cccccc;height: 100%;}#sp-wp-tabs-wrapper_875.sp-tab__lay-default > ul > li .sp-tab__nav-link,#sp-wp-tabs-wrapper_875.sp-tab__lay-default > ul > li a,#sp-wp-tabs-wrapper_875.sp-tab__lay-default > ul > .sp-tab__nav-item {border-top-left-radius: 2px;border-top-right-radius: 2px;}#sp-wp-tabs-wrapper_875 .sp-tab__nav-tabs .sp-tab__nav-item {margin-bottom: -1px; }#sp-wp-tabs-wrapper_875.sp-tab__lay-default > ul .sp-tab__nav-item {margin-right: 2px;}#sp-wp-tabs-wrapper_875.sp-tab__lay-default.sp-tab__horizontal-bottom > ul .sp-tab__nav-item {margin-right: 2px;margin-top: 0;}#sp-wp-tabs-wrapper_875.sp-tab__lay-default > ul .sp-tab__nav-item .sp-tab__nav-link:hover .sp-tab__tab_title,#sp-wp-tabs-wrapper_875.sp-tab__lay-default > ul .sp-tab__nav-item a:hover .sp-tab__tab_title,#sp-wp-tabs-wrapper_875.sp-tab__lay-default .sp-tab__nav-link.collapsed .sp-tab__card-header:hover {color: #444;transition: .3s;}#sp-wp-tabs-wrapper_875.sp-tab__lay-default > ul .sp-tab__nav-item,#sp-wp-tabs-wrapper_875.sp-tab__lay-default .sp-tab__nav-link.collapsed > .sp-tab__card-header {background-color: #dd4646a;transition: 0.3s;}#sp-wp-tabs-wrapper_875 > .sp-tab__nav-tabs > .sp-tab__nav-item.show .sp-tab__nav-link,#sp-wp-tabs-wrapper_875 > .sp-tab__nav-tabs > .sp-tab__nav-item .sp-tab__nav-link.sp-tab__active,#sp-wp-tabs-wrapper_875.sp-tab__lay-default .sp-tab__nav-link > .sp-tab__card-header {background-color: #dd7c7c;}#sp-tabs-wrapper_875.sp-tab__lay-default > ul .sp-tab__nav-item .sp-tab__nav-link:not(.sp-tab__active):hover,#sp-tabs-wrapper_875.sp-tab__lay-default .sp-tab__tab-content > .sp-tab__tab-pane .sp-tab__card-header:hover {background-color: #dd4646;}#sp-wp-tabs-wrapper_875.sp-tab__lay-default > ul .sp-tab__nav-item:not(.sp-tab__active):hover,#sp-wp-tabs-wrapper_875.sp-tab__lay-default .sp-tab__nav-link.collapsed > .sp-tab__card-header:hover {background-color: #dd4646;}#sp-wp-tabs-wrapper_875.sp-tab__lay-default > ul .sp-tab__nav-item:last-child {margin-right: 0;}#sp-wp-tabs-wrapper_875.sp-tab__lay-default > .sp-tab__tab-content .sp-tab__tab-pane {border: 1px solid #cccccc;padding-top: 20px;padding-right: 20px;padding-bottom: 20px;padding-left: 20px;background-color: #dd7c7c;}#sp-wp-tabs-wrapper_875.sp-tab__lay-default > ul {border-bottom: 1px solid #cccccc;}#sp-wp-tabs-wrapper_875.sp-tab__lay-default > .sp-tab__tab-content .sp-tab__tab-pane {border-top: 0px;}@media(max-width:480px) {#sp-wp-tabs-wrapper_875.sp-tab__lay-default > ul li.sp-tab__nav-item {width: 100%;margin-right: 0px;}#sp-wp-tabs-wrapper_875.sp-tab__lay-default > ul li.sp-tab__nav-item:last-child {margin-bottom: -1px;}}#sp-wp-tabs-wrapper_875.sp-tab__lay-default > ul .sp-tab__nav-item .sp-tab__tab_title,#sp-wp-tabs-wrapper_875.sp-tab__lay-default span > .sp-tab__card-header {font-weight: 600;font-style: normal;font-size: 16px;line-height: 22px;letter-spacing: 0px;color: #444;margin: 0px;font-family: Open Sans;font-style: normal;font-weight: normal;}#sp-wp-tabs-wrapper_875.sp-tab__lay-default > .sp-tab__tab-content .sp-tab__tab-pane,#sp-wp-tabs-wrapper_875.sp-tab__lay-default > .sp-tab__tab-content .sp-tab__tab-pane p {font-weight: 400;font-style: normal;font-size: 16px;line-height: 24px;letter-spacing: 0px;color: #444;font-family: Open Sans;font-style: normal;font-weight: normal;}#sp-wp-tabs-wrapper_875.sp-tab__lay-default > .sp-tab__tab-content .sp-tab__tab-pane ul li a, #sp-wp-tabs-wrapper_875.sp-tab__lay-default .sp-tab__tab-content .sp-tab__tab-pane ol li a {color: #444;}<\/style>\t\t<div id=\"sp-wp-tabs-wrapper_875\" class=\"sp-tab__lay-default\" data-preloader=\"1\" data-activemode=\"tabs-activator-event-click\" data-anchor_linking=\"1\">\n\t\t\t<div class=\"sp-tab__preloader\">\n\t\t<div class=\"sp-tab__spinner\">\n\t\t\t<div class=\"rect1\"><\/div>\n\t\t\t<div class=\"rect2\"><\/div>\n\t\t\t<div class=\"rect3\"><\/div>\n\t\t\t<div class=\"rect4\"><\/div>\n\t\t\t<div class=\"rect5\"><\/div>\n\t\t<\/div>\n\t<\/div>\n\t<ul class=\"sp-tab__nav sp-tab__nav-tabs\" id=\"sp-tab__ul\" role=\"tablist\">\n\t\t\t\t<li class=\"sp-tab__nav-item\" role=\"presentation\">\n\t\t\t\t<span class=\"sp-tab__nav-link sp-tab__active\" data-sptoggle=\"tab\" for=\"#tab-8751\" role=\"tab\" aria-controls=tab-8751 aria-selected=true tabindex=0>\n\t\t\t\t\t<span class=\"tab_title_area\"><H4 class=\"sp-tab__tab_title\">En Savoir plus<\/H4><\/span>\n\t\t\t\t<\/span>\n\t\t\t<\/li>\n\t\t\t\t\t\t<li class=\"sp-tab__nav-item\" role=\"presentation\">\n\t\t\t\t<span class=\"sp-tab__nav-link\" data-sptoggle=\"tab\" for=\"#tab-8752\" role=\"tab\" aria-controls=tab-8752 aria-selected=true tabindex=0>\n\t\t\t\t\t<span class=\"tab_title_area\"><H4 class=\"sp-tab__tab_title\">En pratique<\/H4><\/span>\n\t\t\t\t<\/span>\n\t\t\t<\/li>\n\t\t\t\t\t\t<li class=\"sp-tab__nav-item\" role=\"presentation\">\n\t\t\t\t<span class=\"sp-tab__nav-link\" data-sptoggle=\"tab\" for=\"#tab-8753\" role=\"tab\" aria-controls=tab-8753 aria-selected=true tabindex=0>\n\t\t\t\t\t<span class=\"tab_title_area\"><H4 class=\"sp-tab__tab_title\">Documents p\u00e9dagogiques<\/H4><\/span>\n\t\t\t\t<\/span>\n\t\t\t<\/li>\n\t\t\t\t\t\t<li class=\"sp-tab__nav-item\" role=\"presentation\">\n\t\t\t\t<span class=\"sp-tab__nav-link\" data-sptoggle=\"tab\" for=\"#tab-8754\" role=\"tab\" aria-controls=tab-8754 aria-selected=true tabindex=0>\n\t\t\t\t\t<span class=\"tab_title_area\"><H4 class=\"sp-tab__tab_title\">La Presse<\/H4><\/span>\n\t\t\t\t<\/span>\n\t\t\t<\/li>\n\t\t\t<\/ul>\n<div class=\"sp-tab__tab-content\">\n\t\t\t\t<div id=\"tab-8751\" class=\"sp-tab__tab-pane sp-tab__show sp-tab__active\" role=\"tabpanel\">\n\t\t\t\t\t<div class=\"sp-tab-content \"><p>En cours de r\u00e9daction....<\/p>\n<\/div>\n\t\t\t\t<\/div>\n\t\t\t\t\t\t\t\t<div id=\"tab-8752\" class=\"sp-tab__tab-pane \" role=\"tabpanel\">\n\t\t\t\t\t<div class=\"sp-tab-content \"><p>Conditions techniques simples.<\/p>\n<p>Nous pouvons apporter tout ou partie de la fiche technique.<\/p>\n<\/div>\n\t\t\t\t<\/div>\n\t\t\t\t\t\t\t\t<div id=\"tab-8753\" class=\"sp-tab__tab-pane \" role=\"tabpanel\">\n\t\t\t\t\t<div class=\"sp-tab-content \"><p>Dossier p\u00e9dagogique:<\/p>\n<p><a href=\"https:\/\/www.marmouzic.org\/wp-content\/uploads\/2020\/04\/Dossier-pedagogique.pdf\" target=\"_blank\" rel=\"noopener\">Hipollene-Dossier-pedagogique<\/a><\/p>\n<p>Liste des instruments utilis\u00e9s: <a href=\"https:\/\/www.marmouzic.org\/wp-content\/uploads\/2020\/04\/liste-instruments.pdf\" target=\"_blank\" rel=\"noopener\">Liste-instruments-Hipollene<\/a><\/p>\n<\/div>\n\t\t\t\t<\/div>\n\t\t\t\t\t\t\t\t<div id=\"tab-8754\" class=\"sp-tab__tab-pane \" role=\"tabpanel\">\n\t\t\t\t\t<div class=\"sp-tab-content \"><p>En cours de r\u00e9daction<\/p>\n<\/div>\n\t\t\t\t<\/div>\n\t\t\t\t<\/div>\n\t\t<\/div>\n\t\t\n\n\n<div\n\t\t\t\n\t\t\tclass=\"so-widget-sow-button so-widget-sow-button-wire-c125f315acd5\"\n\t\t\t\n\t\t><div class=\"ow-button-base ow-button-align-center\"\n>\n\t\t\t<a\n\t\t\t\t\thref=\"https:\/\/www.marmouzic.org\/index.php\/livre-concert-le-voyage-dhipollene\/\"\n\t\t\t\t\tclass=\"sowb-button ow-icon-placement-top ow-button-hover\" \t>\n\t\t<span>\n\t\t\t<span class=\"sow-icon-ionicons\" data-sow-icon=\"&#xf398;\"\n\t\tstyle=\"color: #000000\" \n\t\taria-hidden=\"true\"><\/span>\n\t\t\tHaut de page\t\t<\/span>\n\t\t\t<\/a>\n\t<\/div>\n<\/div>","protected":false},"excerpt":{"rendered":"<p>d&rsquo;apr\u00e8s l&rsquo;album \u00ab\u00a0L&rsquo;Arbre Sans Fin\u00a0\u00bb de Claude Ponti Un spectacle TTT T\u00e9l\u00e9rama : On aime passionn\u00e9ment\u00a0\u00bb. La lumi\u00e8re de la salle baisse lentement, dans la nuit \u00e9toil\u00e9e. Sur sc\u00e8ne, des instruments de musique \u00e9tranges&#8230; Le son d&rsquo;une fl\u00fbte retentit,appel sensible au r\u00eave et \u00e0 l&rsquo;imaginaire et les artistes apparaissent, au milieu des enfants, cr\u00e9ant de&hellip;&nbsp;<a href=\"https:\/\/www.marmouzic.org\/index.php\/livre-concert-le-voyage-dhipollene\/\" rel=\"bookmark\">Lire la suite &raquo;<span class=\"screen-reader-text\">Livre-Concert Le Voyage d&rsquo;Hipoll\u00e8ne<\/span><\/a><\/p>\n","protected":false},"author":1,"featured_media":1786,"parent":0,"menu_order":0,"comment_status":"closed","ping_status":"closed","template":"","meta":{"neve_meta_sidebar":"right","neve_meta_container":"default","neve_meta_enable_content_width":"on","neve_meta_content_width":70,"neve_meta_title_alignment":"","neve_meta_author_avatar":"","neve_post_elements_order":"","neve_meta_disable_header":"","neve_meta_disable_footer":"","neve_meta_disable_title":"","footnotes":""},"class_list":["post-39","page","type-page","status-publish","has-post-thumbnail","hentry"],"featured_image_src":"https:\/\/www.marmouzic.org\/wp-content\/uploads\/2020\/11\/bandeau-general.jpg","featured_image_src_square":"https:\/\/www.marmouzic.org\/wp-content\/uploads\/2020\/11\/bandeau-general.jpg","_links":{"self":[{"href":"https:\/\/www.marmouzic.org\/index.php\/wp-json\/wp\/v2\/pages\/39","targetHints":{"allow":["GET"]}}],"collection":[{"href":"https:\/\/www.marmouzic.org\/index.php\/wp-json\/wp\/v2\/pages"}],"about":[{"href":"https:\/\/www.marmouzic.org\/index.php\/wp-json\/wp\/v2\/types\/page"}],"author":[{"embeddable":true,"href":"https:\/\/www.marmouzic.org\/index.php\/wp-json\/wp\/v2\/users\/1"}],"replies":[{"embeddable":true,"href":"https:\/\/www.marmouzic.org\/index.php\/wp-json\/wp\/v2\/comments?post=39"}],"version-history":[{"count":26,"href":"https:\/\/www.marmouzic.org\/index.php\/wp-json\/wp\/v2\/pages\/39\/revisions"}],"predecessor-version":[{"id":6162,"href":"https:\/\/www.marmouzic.org\/index.php\/wp-json\/wp\/v2\/pages\/39\/revisions\/6162"}],"wp:featuredmedia":[{"embeddable":true,"href":"https:\/\/www.marmouzic.org\/index.php\/wp-json\/wp\/v2\/media\/1786"}],"wp:attachment":[{"href":"https:\/\/www.marmouzic.org\/index.php\/wp-json\/wp\/v2\/media?parent=39"}],"curies":[{"name":"wp","href":"https:\/\/api.w.org\/{rel}","templated":true}]}}