{"id":400,"date":"2020-04-27T15:56:35","date_gmt":"2020-04-27T13:56:35","guid":{"rendered":"http:\/\/www.marmouzic.org\/wwz\/?page_id=400"},"modified":"2025-10-10T16:59:53","modified_gmt":"2025-10-10T14:59:53","slug":"actualite-et-calendrier","status":"publish","type":"page","link":"https:\/\/www.marmouzic.org\/index.php\/actualite-et-calendrier\/","title":{"rendered":"Actualit\u00e9 \/ Cr\u00e9ations"},"content":{"rendered":"\n<h2 class=\"wp-block-heading\">Projet 2025 &#8211; 2026<\/h2>\n\n\n\n<p class=\"has-text-align-center\" style=\"font-size:28px\"><strong><span style=\"color:#ef6506\" class=\"has-inline-color\"> Culture en Partage<\/span><\/strong><br><strong><span style=\"color:#ef6506\" class=\"has-inline-color\"> Un moment convivial autour de la m\u00e9moire rurale locale <\/span><\/strong><\/p>\n\n\n\n<p class=\"has-text-align-center\">S\u2019adresser aux communes \u00e9loign\u00e9es des lieux culturels.<br>S\u2019adresser aux habitants en venant au plus pr\u00e8s d\u2019eux, pour cr\u00e9er une proximit\u00e9 entre ses spectacles et leur vies, leur quotidien.<\/p>\n\n\n\n<p class=\"has-text-align-center\">A travers un spectacle de contes bretons pour les enfants pour les \u00e9coles, centres de loisirs, m\u00e9diath\u00e8ques<br>(contes bretons adapt\u00e9s \u00e0 l&rsquo;\u00e2ge des enfants et accompagn\u00e9s \u00e0 l&rsquo;accord\u00e9on) dans la journ\u00e9e,<br>et le spectacle \u00ab\u00a0<a href=\"https:\/\/www.marmouzic.org\/index.php\/le-temps-des-fileuses-creation-2019\/\" data-type=\"page\" data-id=\"36\" target=\"_blank\" rel=\"noreferrer noopener\">Le Temps des fileuses<\/a>\u00a0\u00bb le soir ou en fin d&rsquo;apr\u00e8s midi pour tout public.<\/p>\n\n\n\n<p class=\"has-text-align-center\">La premi\u00e8re pr\u00e9sentation de ce projet aura lieu le 17 octobre 2025, \u00e0 Gourlizon (29)<\/p>\n\n\n\n<p class=\"has-text-align-center has-large-font-size\"><a href=\"https:\/\/www.marmouzic.org\/index.php\/projet-culture-en-partage\/\" data-type=\"page\" data-id=\"9353\" target=\"_blank\" rel=\"noreferrer noopener\">Pour en savoir plus.<\/a><\/p>\n\n\n\n<p class=\"has-text-align-center\"><br><\/p>\n\n\n\n<h3 class=\"wp-block-heading\">Septembre 2021<\/h3>\n\n\n\n<p class=\"has-text-align-center\" style=\"font-size:28px\"><strong><span style=\"color:#ef6506\" class=\"has-inline-color\"> Notre nouveau spectacle,<\/span><\/strong><br><strong><span style=\"color:#ef6506\" class=\"has-inline-color\"> \u00a0\u00bb Le livre-Concert Le Myst\u00e8re Bigoulet\u00a0\u00bb <\/span><\/strong><\/p>\n\n\n\n<p class=\"has-text-align-center has-medium-font-size\"><strong>a enfin rencontr\u00e9 son public apr\u00e8s les reports li\u00e9s \u00e0 ce sacr\u00e9 COVID<\/strong><\/p>\n\n\n\n<p class=\"has-text-align-center has-medium-font-size\">La premi\u00e8re a eu lieu le Vendredi 10 septembre 2021, <br>\u00e0 l&rsquo;Espace Keraudy, \u00e0 Plougonvelin (29)<br><strong>Grand succ\u00e8s de la part des enfants!<\/strong><\/p>\n\n\n\n<p class=\"has-text-align-center has-medium-font-size\">Maintenant le spectacle est lanc\u00e9 <br><span style=\"color:#ef6506\" class=\"has-inline-color\"><strong>et une bonne vingtaine de repr\u00e9sentations sont pr\u00e9vues <\/strong><br><strong>pour la saison 2020-2012<\/strong><\/span><\/p>\n\n\n<div class=\"wp-block-image\">\n<figure class=\"aligncenter size-full\"><img loading=\"lazy\" decoding=\"async\" width=\"700\" height=\"467\" src=\"https:\/\/www.marmouzic.org\/wp-content\/uploads\/2021\/10\/2-DSC_1213-petite.jpg\" alt=\"\" class=\"wp-image-5859\" srcset=\"https:\/\/www.marmouzic.org\/wp-content\/uploads\/2021\/10\/2-DSC_1213-petite.jpg 700w, https:\/\/www.marmouzic.org\/wp-content\/uploads\/2021\/10\/2-DSC_1213-petite-300x200.jpg 300w, https:\/\/www.marmouzic.org\/wp-content\/uploads\/2021\/10\/2-DSC_1213-petite-391x260.jpg 391w, https:\/\/www.marmouzic.org\/wp-content\/uploads\/2021\/10\/2-DSC_1213-petite-600x400.jpg 600w, https:\/\/www.marmouzic.org\/wp-content\/uploads\/2021\/10\/2-DSC_1213-petite-272x182.jpg 272w\" sizes=\"auto, (max-width: 700px) 100vw, 700px\" \/><\/figure>\n<\/div>\n\n\n<div class=\"wp-block-columns is-layout-flex wp-container-core-columns-is-layout-9d6595d7 wp-block-columns-is-layout-flex\">\n<div class=\"wp-block-column is-layout-flow wp-block-column-is-layout-flow\">\n<figure class=\"wp-block-image alignfull size-full is-style-rounded\"><img loading=\"lazy\" decoding=\"async\" width=\"890\" height=\"740\" src=\"https:\/\/www.marmouzic.org\/wp-content\/uploads\/2020\/11\/MystBig-Ecoute-et-Mine-recadree.jpg\" alt=\"\" class=\"wp-image-1523\" srcset=\"https:\/\/www.marmouzic.org\/wp-content\/uploads\/2020\/11\/MystBig-Ecoute-et-Mine-recadree.jpg 890w, https:\/\/www.marmouzic.org\/wp-content\/uploads\/2020\/11\/MystBig-Ecoute-et-Mine-recadree-300x249.jpg 300w, https:\/\/www.marmouzic.org\/wp-content\/uploads\/2020\/11\/MystBig-Ecoute-et-Mine-recadree-768x639.jpg 768w\" sizes=\"auto, (max-width: 890px) 100vw, 890px\" \/><figcaption class=\"wp-element-caption\">ES 32-33<\/figcaption><\/figure>\n<\/div>\n<\/div>\n\n\n\n<p style=\"font-size:24px\">&#8211;&gt; <strong><span style=\"color:#a30009\" class=\"has-inline-color\">En savoir plus: <\/span><\/strong><strong><a rel=\"noreferrer noopener\" href=\"https:\/\/www.marmouzic.org\/index.php\/lemysterebigoulet\/\" target=\"_blank\">Le Livre-Concert Le myst\u00e8re Bigoulet<\/a><\/strong><\/p>\n\n\n\n<p>_________________________________________________________________<\/p>\n\n\n\n<p style=\"font-size:24px\"><strong><em><span style=\"color:#a30009\" class=\"has-inline-color\">Mars  2021<\/span><\/em><\/strong><\/p>\n\n\n\n<p><mark style=\"background-color:rgba(0, 0, 0, 0)\" class=\"has-inline-color has-black-color\">Les circonstances exceptionnelles du moment en lien avec l&rsquo;\u00e9pid\u00e9mie de coronavirus, ont un impact tr\u00e8s important sur les activit\u00e9s artistiques.<\/mark><\/p>\n\n\n\n<p style=\"font-size:23px\"><strong><span style=\"color:#ef6506\" class=\"has-inline-color\">L&rsquo;actualit\u00e9 du moment:<\/span><\/strong><br><strong>Notre participation \u00e0 la Manifestation des intermittents et pr\u00e9caires de la culture, le samedi 20 mars 2021<\/strong><\/p>\n\n\n\n<div class=\"wp-block-columns alignfull is-layout-flex wp-container-core-columns-is-layout-9d6595d7 wp-block-columns-is-layout-flex\">\n<div class=\"wp-block-column is-layout-flow wp-block-column-is-layout-flow\">\n<figure class=\"wp-block-image size-large is-resized\"><img loading=\"lazy\" decoding=\"async\" width=\"684\" height=\"1024\" src=\"https:\/\/www.marmouzic.org\/wp-content\/uploads\/2021\/03\/DSC_9240_DxO-684x1024.jpg\" alt=\"\" class=\"wp-image-2321\" style=\"width:515px;height:770px\" srcset=\"https:\/\/www.marmouzic.org\/wp-content\/uploads\/2021\/03\/DSC_9240_DxO-684x1024.jpg 684w, https:\/\/www.marmouzic.org\/wp-content\/uploads\/2021\/03\/DSC_9240_DxO-200x300.jpg 200w, https:\/\/www.marmouzic.org\/wp-content\/uploads\/2021\/03\/DSC_9240_DxO-768x1150.jpg 768w, https:\/\/www.marmouzic.org\/wp-content\/uploads\/2021\/03\/DSC_9240_DxO-1025x1536.jpg 1025w, https:\/\/www.marmouzic.org\/wp-content\/uploads\/2021\/03\/DSC_9240_DxO-1367x2048.jpg 1367w, https:\/\/www.marmouzic.org\/wp-content\/uploads\/2021\/03\/DSC_9240_DxO-scaled.jpg 1709w\" sizes=\"auto, (max-width: 684px) 100vw, 684px\" \/><figcaption class=\"wp-element-caption\">S\u00e9raphine et Nana-Simone dans l&rsquo;action<\/figcaption><\/figure>\n<\/div>\n\n\n\n<div class=\"wp-block-column is-layout-flow wp-block-column-is-layout-flow\">\n<figure class=\"wp-block-image size-large is-resized\"><img loading=\"lazy\" decoding=\"async\" width=\"1024\" height=\"684\" src=\"https:\/\/www.marmouzic.org\/wp-content\/uploads\/2021\/03\/DSC_9131_DxO-1-1024x684.jpg\" alt=\"\" class=\"wp-image-2322\" style=\"width:488px;height:325px\" srcset=\"https:\/\/www.marmouzic.org\/wp-content\/uploads\/2021\/03\/DSC_9131_DxO-1-1024x684.jpg 1024w, https:\/\/www.marmouzic.org\/wp-content\/uploads\/2021\/03\/DSC_9131_DxO-1-300x200.jpg 300w, https:\/\/www.marmouzic.org\/wp-content\/uploads\/2021\/03\/DSC_9131_DxO-1-768x513.jpg 768w, https:\/\/www.marmouzic.org\/wp-content\/uploads\/2021\/03\/DSC_9131_DxO-1-391x260.jpg 391w, https:\/\/www.marmouzic.org\/wp-content\/uploads\/2021\/03\/DSC_9131_DxO-1-1536x1026.jpg 1536w, https:\/\/www.marmouzic.org\/wp-content\/uploads\/2021\/03\/DSC_9131_DxO-1-2048x1367.jpg 2048w, https:\/\/www.marmouzic.org\/wp-content\/uploads\/2021\/03\/DSC_9131_DxO-1-600x400.jpg 600w, https:\/\/www.marmouzic.org\/wp-content\/uploads\/2021\/03\/DSC_9131_DxO-1-930x620.jpg 930w, https:\/\/www.marmouzic.org\/wp-content\/uploads\/2021\/03\/DSC_9131_DxO-1-272x182.jpg 272w\" sizes=\"auto, (max-width: 1024px) 100vw, 1024px\" \/><figcaption class=\"wp-element-caption\">Christofer Bjurstr\u00f6m et Catherine Le Flochmoan<\/figcaption><\/figure>\n\n\n\n<p><\/p>\n\n\n\n<p><\/p>\n<\/div>\n\n\n\n<div class=\"wp-block-column is-layout-flow wp-block-column-is-layout-flow\">\n<figure class=\"wp-block-image size-large is-resized\"><img loading=\"lazy\" decoding=\"async\" width=\"684\" height=\"1024\" src=\"https:\/\/www.marmouzic.org\/wp-content\/uploads\/2021\/03\/DSC_9249_DxO-684x1024.jpg\" alt=\"\" class=\"wp-image-2323\" style=\"width:421px;height:629px\" srcset=\"https:\/\/www.marmouzic.org\/wp-content\/uploads\/2021\/03\/DSC_9249_DxO-684x1024.jpg 684w, https:\/\/www.marmouzic.org\/wp-content\/uploads\/2021\/03\/DSC_9249_DxO-200x300.jpg 200w, https:\/\/www.marmouzic.org\/wp-content\/uploads\/2021\/03\/DSC_9249_DxO-768x1150.jpg 768w, https:\/\/www.marmouzic.org\/wp-content\/uploads\/2021\/03\/DSC_9249_DxO-1025x1536.jpg 1025w, https:\/\/www.marmouzic.org\/wp-content\/uploads\/2021\/03\/DSC_9249_DxO-1367x2048.jpg 1367w, https:\/\/www.marmouzic.org\/wp-content\/uploads\/2021\/03\/DSC_9249_DxO-scaled.jpg 1709w\" sizes=\"auto, (max-width: 684px) 100vw, 684px\" \/><figcaption class=\"wp-element-caption\">Tous et toutes dans les rues de Brest pour d\u00e9fendre la culture<\/figcaption><\/figure>\n<\/div>\n<\/div>\n\n\n\n<p style=\"font-size:23px\"><strong><span style=\"color:#ef6506\" class=\"has-inline-color\">Les repr\u00e9sentations en mars 2021<\/span><\/strong><\/p>\n\n\n\n<p><mark style=\"background-color:rgba(0, 0, 0, 0)\" class=\"has-inline-color has-black-color\">Toutes les repr\u00e9sentations pr\u00e9vues ont \u00e9t\u00e9 annul\u00e9es ou report\u00e9es ou pr\u00e9sent\u00e9e en \u00e9coles ou en EHPAD (pour certaines), dans le meilleur des cas. Notre activit\u00e9 est donc tr\u00e8s perturb\u00e9e, comme dans toutes les structures artistiques.<\/mark><\/p>\n\n\n\n<p style=\"font-size:23px\"><br><strong><span style=\"color:#ef6506\" class=\"has-inline-color\">Une Cr\u00e9ation en cours pour la Compagnie Marmouzic:<\/span><\/strong><\/p>\n\n\n\n<p>La cr\u00e9ation \u00ab\u00a0Le Myst\u00e8re Bigoulet a \u00e9t\u00e9 report\u00e9e en esp\u00e9rant que les conditions s&rsquo;am\u00e9liorent afin que ce spectacle puisse un jour rencontrer son public.<\/p>\n\n\n\n<p class=\"has-text-align-left\"><strong><span class=\"has-inline-color has-neve-link-color-color\">Cr\u00e9ation <a rel=\"noreferrer noopener\" href=\"https:\/\/www.marmouzic.org\/index.php\/lemysterebigoulet\/\" target=\"_blank\">Le myst\u00e8re Bigoulet<\/a> , un nouveau Livre-Concert d&rsquo;apr\u00e8s l&rsquo;album \u00ab\u00a0L&rsquo;Ecoute aux Portes\u00a0\u00bb de Claude Ponti<\/span><\/strong><br><span class=\"has-inline-color has-black-color\">avec Catherine Le Flochmoan, Fran\u00e7ois Malet et Christofer Bjurstr\u00f6m<br>musique de Christofer Bjurstr\u00f6m, avec la complicit\u00e9 de Vincent Raude, r\u00e9alisation du film: Jean-Alain Kerdraon<\/span><\/p>\n\n\n\n<p class=\"has-text-align-center\"><strong>La cr\u00e9ation avance et vous pouvez suivre le journal de la cr\u00e9ation <\/strong><br><strong>sur la page du spectacle en cliquant sur  <\/strong><br><strong><a href=\"https:\/\/www.marmouzic.org\/index.php\/lemysterebigoulet\/\">Le Myst\u00e8re Bigoulet en cr\u00e9ation<\/a><\/strong><br><\/p>\n\n\n\n<p class=\"has-text-align-left\"><mark style=\"background-color:rgba(0, 0, 0, 0)\" class=\"has-inline-color has-black-color\">Des r\u00e9sidences auront ou ont eu lieu chez nos co-producteurs au cours de ce premier semestre 2021, L&rsquo;Armorica \u00e0 Plouguerneau, Le Champs de Foire \u00e0 Plabennec, La salle Fran\u00e7ois Mitterand \u00e0 Plouzan\u00e9, Ti Lanvenec \u00e0 Locmaria-Plouzan\u00e9&#8230; qu&rsquo;ils en soient chaleureusement remerci\u00e9s. <\/mark><\/p>\n\n\n\n<p><mark style=\"background-color:rgba(0, 0, 0, 0)\" class=\"has-inline-color has-black-color\"><strong>Le spectacle sera ainsi \u00eatre pr\u00eat pour l&rsquo;automne 2021, si notre compagnon actuel, ce maudit Corona, nous le permet.<\/strong><br><\/mark><br><\/p>\n\n\n\n<p style=\"font-size:23px\"><strong><span style=\"color:#ef6506\" class=\"has-inline-color\">Une cr\u00e9ation report\u00e9e pour S\u00e9raphine, la clowne:<\/span><\/strong><\/p>\n\n\n\n<p><mark style=\"background-color:rgba(0, 0, 0, 0)\" class=\"has-inline-color has-neve-link-color-color\"><strong>Catherine Le Flochmoan pensait mettre en chantier un nouveau spectacle pour sa clowne S\u00e9raphine: <a rel=\"noreferrer noopener\" href=\"https:\/\/www.marmouzic.org\/index.php\/seraphine-et-le-loup-de-noel\/\" data-type=\"https:\/\/www.marmouzic.org\/index.php\/seraphine-et-le-loup-de-noel\/\" target=\"_blank\">S\u00e9raphine et Le Loup de No\u00ebl<\/a><\/strong><\/mark><br><mark style=\"background-color:rgba(0, 0, 0, 0)\" class=\"has-inline-color has-black-color\">Les circonstances actuelles l&rsquo;ont contrainte \u00e0 reculer la cr\u00e9ation de ce nouveau spectacle qui devait \u00eatre pr\u00eat pour No\u00ebl 2020. Pas de date de cr\u00e9ation, pour le moment.<\/mark><\/p>\n\n\n\n<p><\/p>\n\n\n\n<p style=\"font-size:23px\"><strong><span style=\"color:#ef6506\" class=\"has-inline-color\">Une cr\u00e9ation d&rsquo;ao\u00fbt 2020 qui attend de rencontrer \u00e0 nouveau son public:<\/span><\/strong><\/p>\n\n\n\n<ul class=\"wp-block-list\">\n<li><mark style=\"background-color:rgba(0, 0, 0, 0)\" class=\"has-inline-color has-neve-link-color-color\"><strong><a rel=\"noreferrer noopener\" href=\"https:\/\/www.marmouzic.org\/index.php\/enfant-de-la-haute-mer\/\" data-type=\"https:\/\/www.marmouzic.org\/index.php\/enfant-de-la-haute-mer\/\" target=\"_blank\">Lecture Musicale: \u00ab\u00a0L&rsquo;Enfant de la Haute Mer\u00a0\u00bb<\/a> <\/strong>de Jules Supervielle<br>avec Catherine Le Flochmoan et Christofer Bjurstr\u00f6m<\/mark><br><mark style=\"background-color:rgba(0, 0, 0, 0)\" class=\"has-inline-color has-black-color\">Le spectacle a \u00e9t\u00e9 cr\u00e9\u00e9 en ao\u00fbt 2020 sur l&rsquo;Ile C\u00e9zon. Un travail de lecture musicale avait \u00e9t\u00e9 conduit par les deux artistes aupr\u00e8s d&rsquo;une douzaine de b\u00e9n\u00e9voles qui ont pr\u00e9sent\u00e9 des lectures musicales sur le th\u00e8me de la mer en premi\u00e8re partie de la repr\u00e9sentation<\/mark><\/li>\n<\/ul>\n\n\n\n<p class=\"has-text-align-center has-medium-font-size\"><strong><span class=\"has-inline-color has-black-color\">Calendrier des repr\u00e9sentations de la Compagnie Marmouzic<\/span><\/strong><\/p>\n\n\n\n<p class=\"has-text-align-center has-medium-font-size\"><mark style=\"background-color:rgba(0, 0, 0, 0);color:#830610\" class=\"has-inline-color\"><strong>En ce moment (<\/strong>printemps 2021<strong>), en pleine crise du Coronavirus, <\/strong><br><strong>toutes nos dates publiques sont annul\u00e9es<\/strong><\/mark><br> (sauf certaines repr\u00e9sentations scolaires ou en EHPAD)<\/p>\n\n\n\n<p><\/p>\n","protected":false},"excerpt":{"rendered":"<p>Projet 2025 &#8211; 2026 Culture en Partage Un moment convivial autour de la m\u00e9moire rurale locale S\u2019adresser aux communes \u00e9loign\u00e9es des lieux culturels.S\u2019adresser aux habitants en venant au plus pr\u00e8s d\u2019eux, pour cr\u00e9er une proximit\u00e9 entre ses spectacles et leur vies, leur quotidien. A travers un spectacle de contes bretons pour les enfants pour les&hellip;&nbsp;<a href=\"https:\/\/www.marmouzic.org\/index.php\/actualite-et-calendrier\/\" rel=\"bookmark\">Lire la suite &raquo;<span class=\"screen-reader-text\">Actualit\u00e9 \/ Cr\u00e9ations<\/span><\/a><\/p>\n","protected":false},"author":1,"featured_media":0,"parent":0,"menu_order":0,"comment_status":"closed","ping_status":"closed","template":"","meta":{"neve_meta_sidebar":"right","neve_meta_container":"","neve_meta_enable_content_width":"off","neve_meta_content_width":100,"neve_meta_title_alignment":"","neve_meta_author_avatar":"","neve_post_elements_order":"","neve_meta_disable_header":"","neve_meta_disable_footer":"","neve_meta_disable_title":"","footnotes":""},"class_list":["post-400","page","type-page","status-publish","hentry"],"featured_image_src":null,"featured_image_src_square":null,"_links":{"self":[{"href":"https:\/\/www.marmouzic.org\/index.php\/wp-json\/wp\/v2\/pages\/400","targetHints":{"allow":["GET"]}}],"collection":[{"href":"https:\/\/www.marmouzic.org\/index.php\/wp-json\/wp\/v2\/pages"}],"about":[{"href":"https:\/\/www.marmouzic.org\/index.php\/wp-json\/wp\/v2\/types\/page"}],"author":[{"embeddable":true,"href":"https:\/\/www.marmouzic.org\/index.php\/wp-json\/wp\/v2\/users\/1"}],"replies":[{"embeddable":true,"href":"https:\/\/www.marmouzic.org\/index.php\/wp-json\/wp\/v2\/comments?post=400"}],"version-history":[{"count":44,"href":"https:\/\/www.marmouzic.org\/index.php\/wp-json\/wp\/v2\/pages\/400\/revisions"}],"predecessor-version":[{"id":9357,"href":"https:\/\/www.marmouzic.org\/index.php\/wp-json\/wp\/v2\/pages\/400\/revisions\/9357"}],"wp:attachment":[{"href":"https:\/\/www.marmouzic.org\/index.php\/wp-json\/wp\/v2\/media?parent=400"}],"curies":[{"name":"wp","href":"https:\/\/api.w.org\/{rel}","templated":true}]}}