{"id":41,"date":"2019-12-15T11:56:45","date_gmt":"2019-12-15T10:56:45","guid":{"rendered":"http:\/\/www.marmouzic.org\/wwz\/?page_id=41"},"modified":"2023-03-28T16:01:00","modified_gmt":"2023-03-28T14:01:00","slug":"cine-concert-inuit-pour-petites-chouettes","status":"publish","type":"page","link":"https:\/\/www.marmouzic.org\/index.php\/cine-concert-inuit-pour-petites-chouettes\/","title":{"rendered":"Cin\u00e9-Concert Inuit pour Petites Chouettes"},"content":{"rendered":"\n<p class=\"has-normal-font-size\"><strong><span class=\"has-inline-color has-black-color\">Un musicien, une conteuse-chanteuse, <strong>de petites marionnettes et <\/strong>4 petits films inuit d&rsquo;animation mettant en sc\u00e8ne des animaux et des hommes, confront\u00e9s \u00e0 la vie et \u00e0 ses choix, dans la plus pure tradition inuit &#8230;<\/span><\/strong><span class=\"has-inline-color has-neve-button-color-color\"><\/span><br><span class=\"has-inline-color has-black-color\">Souffle du vent, notes de fl\u00fbtes, atmosph\u00e8res de petits sons a\u00e9riens, rythmes rieurs se m\u00ealent aux chansons inspir\u00e9es des chants inuit et \u00e0 la narration malicieuse &#8230;<\/span><\/p>\n\n\n\n<p class=\"has-text-align-center\" style=\"font-size:19px\"><strong><span style=\"color:#7c3d3d\" class=\"has-inline-color\">Un voyage ludique et souriant dans le Grand Nord Arctique.<\/span><\/strong><\/p>\n\n\n\n<p><strong><span style=\"color:#a31809\" class=\"has-inline-color\">&#8211;&gt; \u00e0 partir de 2 ans<\/span><\/strong><\/p>\n\n\n\n<p class=\"has-text-align-center has-small-font-size\">La musique originale de<strong> Christofer Bjurstr\u00f6m est <\/strong>interpr\u00e9t\u00e9e sur sc\u00e8ne<br>par <strong>Catherine Le Flochmoan <\/strong>(conte et chant)<strong> et Christofer Bjurstr\u00f6m <\/strong>(piano, fl\u00fbtes, \u00e9lectronique)<\/p>\n\n\n\n<figure class=\"wp-block-embed is-type-video is-provider-vimeo wp-block-embed-vimeo\"><div class=\"wp-block-embed__wrapper\">\n<div class=\"nv-iframe-embed\"><iframe loading=\"lazy\" title=\"Cine-Concert Inuit pour petites chouettes\" src=\"https:\/\/player.vimeo.com\/video\/212791658?dnt=1&amp;app_id=122963\" width=\"1200\" height=\"675\" frameborder=\"0\" allow=\"autoplay; fullscreen; picture-in-picture; clipboard-write; encrypted-media; web-share\" referrerpolicy=\"strict-origin-when-cross-origin\"><\/iframe><\/div>\n<\/div><\/figure>\n\n\n\n<p class=\"has-normal-font-size\"><strong><span class=\"has-inline-color has-neve-link-color-color\">Le son d&rsquo;une fl\u00fbte, un chant myst\u00e9rieux \u2026Un d\u00e9but tout en douceur&#8230;  <\/span><\/strong> Le musicien et la conteuse-chanteuse apparaissent au milieu des enfants.  <br>Ils montent sur sc\u00e8ne et le Cin\u00e9-Concert sur le film \u00ab&nbsp;\u00celot&nbsp;\u00bb entra\u00eene les enfants dans le Grand Nord, le pays des inuit. <strong><br> <br><span class=\"has-inline-color has-neve-link-color-color\">Puis la lumi\u00e8re monte sur un petit monde inuit, <\/span><\/strong>un campement d&rsquo;\u00e9t\u00e9  au milieu de la neige, le bruit de l&rsquo;oc\u00e9an, de petites marionnettes,  un  kayak, un inuksuk&#8230; <strong><span class=\"has-inline-color has-neve-link-color-color\">La conteuse chante et raconte  l&rsquo;univers myst\u00e9rieux  de l&rsquo;Arctique&#8230; <\/span><br> <br><span class=\"has-inline-color has-neve-link-color-color\">Enfin, le Cin\u00e9-Concert se d\u00e9ploie \u00e0 nouveau \u00e0 travers trois autres  films d&rsquo;animation inuit, eux aussi, mis en musique et en chansons par  Christofer Bjurstr\u00f6m.<\/span><\/strong><\/p>\n\n\n\n<div class=\"wp-block-group\"><div class=\"wp-block-group__inner-container is-layout-flow wp-block-group-is-layout-flow\">\n<p><\/p>\n<\/div><\/div>\n\n\n\n<div class=\"wp-block-media-text alignwide is-stacked-on-mobile\" style=\"grid-template-columns:40% auto\"><figure class=\"wp-block-media-text__media\"><img loading=\"lazy\" decoding=\"async\" width=\"1024\" height=\"768\" src=\"https:\/\/www.marmouzic.org\/wp-content\/uploads\/2020\/11\/DSC08342-1024x768.jpg\" alt=\"\" class=\"wp-image-2056 size-full\" srcset=\"https:\/\/www.marmouzic.org\/wp-content\/uploads\/2020\/11\/DSC08342-1024x768.jpg 1024w, https:\/\/www.marmouzic.org\/wp-content\/uploads\/2020\/11\/DSC08342-300x225.jpg 300w, https:\/\/www.marmouzic.org\/wp-content\/uploads\/2020\/11\/DSC08342-768x576.jpg 768w, https:\/\/www.marmouzic.org\/wp-content\/uploads\/2020\/11\/DSC08342-1536x1152.jpg 1536w, https:\/\/www.marmouzic.org\/wp-content\/uploads\/2020\/11\/DSC08342-2048x1536.jpg 2048w\" sizes=\"auto, (max-width: 1024px) 100vw, 1024px\" \/><\/figure><div class=\"wp-block-media-text__content\">\n<p style=\"font-size:24px\"><strong><span style=\"color:#830610\" class=\"has-inline-color\">La musique<\/span><\/strong><\/p>\n\n\n\n<p style=\"font-size:15px\"><strong>La musique de ce cin\u00e9-concert se veut l\u00e9g\u00e8re et ludique.<\/strong><\/p>\n\n\n\n<p class=\"has-small-font-size\">La musique s&rsquo;appuie d\u00e9licatement sur la voix, les fl\u00fbtes, le piano, et de petits objets sonores, avec de discr\u00e8tes touches de traitement \u00e9lectronique.<br> <br><strong><span class=\"has-inline-color has-black-color\">Souffle du vent, notes de fl\u00fbte, atmosph\u00e8res de petits son a\u00e9riens, rythmes rieurs se m\u00ealent aux chansons inspir\u00e9es des chants inuit et \u00e0 la narration malicieuse. <\/span><\/strong><br><\/p>\n\n\n\n<p class=\"has-small-font-size\">Tout en voyageant dans le grand espace de cette nature glac\u00e9e, avec ses sonorit\u00e9s \u00e9tranges, nous sommes aussi avec plaisir dans le quotidien de ces petits animaux, avec leurs plaisanteries, leur caract\u00e8re, leur po\u00e9sie. <br><\/p>\n<\/div><\/div>\n\n\n\n<div class=\"wp-block-media-text alignwide has-media-on-the-right is-stacked-on-mobile\" style=\"grid-template-columns:auto 43%\"><div class=\"wp-block-media-text__content\">\n<p style=\"font-size:24px\"><strong><span style=\"color:#830610\" class=\"has-inline-color\">Les films<\/span><\/strong><\/p>\n\n\n\n<p style=\"font-size:15px\"><strong><span class=\"has-inline-color has-black-color\">Les films ont \u00e9t\u00e9 r\u00e9alis\u00e9s par des cin\u00e9astes inuit. <\/span><\/strong><\/p>\n\n\n\n<p class=\"has-small-font-size\"><strong>Les films<\/strong><br>&#8211; Ilot de Nicolas Brault<br>&#8211; Le hibou et le corbeau de Co. Hoedeman<br>&#8211; Le mariage du Hibou de Caroline Leaf<br>&#8211; Le hibou et le lemming de Co.Hoedeman<br>Deux esth\u00e9tiques diff\u00e9rentes: deux films mettent en sc\u00e8ne des marionnettes anim\u00e9es tandis que les deux autres sont r\u00e9alis\u00e9s \u00e0 partir de dessins.<\/p>\n\n\n\n<p style=\"font-size:15px\"><strong><span class=\"has-inline-color has-black-color\">Dans ces quatre films, un  univers souriant, et po\u00e9tique. <\/span><\/strong><\/p>\n\n\n\n<p class=\"has-small-font-size\"><\/p>\n<\/div><figure class=\"wp-block-media-text__media\"><img loading=\"lazy\" decoding=\"async\" width=\"264\" height=\"191\" src=\"https:\/\/www.marmouzic.org\/wp-content\/uploads\/2020\/11\/1-Le-mariage-du-hibou.jpg\" alt=\"\" class=\"wp-image-2064 size-full\"\/><\/figure><\/div>\n\n\n\n<p class=\"has-text-align-center has-background\" style=\"background-color:#b6bfc3;font-size:19px\"><strong><span style=\"color:#830610\" class=\"has-inline-color\">Une version courte sp\u00e9cifique pour cr\u00e8che est disponible<\/span><\/strong><\/p>\n\n\n\n<p class=\"has-text-align-center has-small-font-size\"><em>Cr\u00e9dit photos : office National du Film du Canada<\/em><\/p>\n\n\n\n<style id=\"sp_tab_dynamic_style890\">#sp-wp-tabs-wrapper_890 .sp-tab__nav { justify-content: flex-start; }#sp-wp-tabs-wrapper_890.sp-tab__lay-default.sp-tab__horizontal-bottom {display: flex;flex-direction: column-reverse;}#sp-wp-tabs-wrapper_890.sp-tab__lay-default.sp-tab__horizontal-bottom > ul {border-top: 1px solid #cccccc;border-bottom: 0;margin-top: 0;}#sp-wp-tabs-wrapper_890.sp-tab__lay-default.sp-tab__horizontal-bottom > ul > li .sp-tab__nav-link.sp-tab__active {border-color: transparent #cccccc#cccccc;margin-top: -1px;}#sp-wp-tabs-wrapper_890.sp-tab__lay-default.sp-tab__horizontal-bottom > ul > li .sp-tab__nav-link,#sp-wp-tabs-wrapper_890.sp-tab__lay-default.sp-tab__horizontal-bottom > ul > li a,#sp-wp-tabs-wrapper_890.sp-tab__lay-default.sp-tab__horizontal-bottom > ul > .sp-tab__nav-item {border-top: 0;border-top-left-radius: 0;border-top-right-radius: 0;border-bottom-left-radius: 2px;border-bottom-right-radius: 2px;}#sp-wp-tabs-wrapper_890.sp-tab__lay-default.sp-tab__horizontal-bottom > ul {border-bottom: none;}#sp-wp-tabs-wrapper_890.sp-tab__lay-default.sp-tab__horizontal-bottom .sp-tab__tab-content .sp-tab__tab-pane {border-top: 1px solid #cccccc;border-bottom: 0;}#sp-wp-tabs-wrapper_890.sp-tab__lay-default .sp-tab__tab-content .sp-tab-content > ul,#sp-wp-tabs-wrapper_890.sp-tab__lay-default .sp-tab__tab-content .sp-tab-content > ol {border-bottom: none;}#sp-wp-tabs-wrapper_890 .sp-tab__nav-tabs .sp-tab__nav-item.show .sp-tab__nav-link,#sp-wp-tabs-wrapper_890.sp-tab__lay-default ul li .sp-tab__nav-link.sp-tab__active {border-color: #cccccc#cccccc transparent;}#sp-wp-tabs-wrapper_890 > .sp-tab__nav-tabs .sp-tab__nav-link.sp-tab__active .sp-tab__tab_title,#sp-wp-tabs-wrapper_890.sp-tab__lay-default .sp-tab__nav-link > .sp-tab__card-header {color: #444;}#sp-wp-tabs-wrapper_890.sp-tab__lay-default > ul > li > .sp-tab__nav-link,#sp-wp-tabs-wrapper_890.sp-tab__lay-default > ul > li > a {cursor: pointer;border-color: #cccccc;padding-top: 15px;padding-right: 15px;padding-bottom: 15px;padding-left: 15px;}#sp-wp-tabs-wrapper_890 > .sp-tab__nav-tabs .sp-tab__nav-link {border: 1px solid #cccccc;height: 100%;}#sp-wp-tabs-wrapper_890.sp-tab__lay-default > ul > li .sp-tab__nav-link,#sp-wp-tabs-wrapper_890.sp-tab__lay-default > ul > li a,#sp-wp-tabs-wrapper_890.sp-tab__lay-default > ul > .sp-tab__nav-item {border-top-left-radius: 2px;border-top-right-radius: 2px;}#sp-wp-tabs-wrapper_890 .sp-tab__nav-tabs .sp-tab__nav-item {margin-bottom: -1px; }#sp-wp-tabs-wrapper_890.sp-tab__lay-default > ul .sp-tab__nav-item {margin-right: 3px;}#sp-wp-tabs-wrapper_890.sp-tab__lay-default.sp-tab__horizontal-bottom > ul .sp-tab__nav-item {margin-right: 3px;margin-top: 0;}#sp-wp-tabs-wrapper_890.sp-tab__lay-default > ul .sp-tab__nav-item .sp-tab__nav-link:hover .sp-tab__tab_title,#sp-wp-tabs-wrapper_890.sp-tab__lay-default > ul .sp-tab__nav-item a:hover .sp-tab__tab_title,#sp-wp-tabs-wrapper_890.sp-tab__lay-default .sp-tab__nav-link.collapsed .sp-tab__card-header:hover {color: #444;transition: .3s;}#sp-wp-tabs-wrapper_890.sp-tab__lay-default > ul .sp-tab__nav-item,#sp-wp-tabs-wrapper_890.sp-tab__lay-default .sp-tab__nav-link.collapsed > .sp-tab__card-header {background-color: #dda4a4;transition: 0.3s;}#sp-wp-tabs-wrapper_890 > .sp-tab__nav-tabs > .sp-tab__nav-item.show .sp-tab__nav-link,#sp-wp-tabs-wrapper_890 > .sp-tab__nav-tabs > .sp-tab__nav-item .sp-tab__nav-link.sp-tab__active,#sp-wp-tabs-wrapper_890.sp-tab__lay-default .sp-tab__nav-link > .sp-tab__card-header {background-color: #dd7c7c;}#sp-tabs-wrapper_890.sp-tab__lay-default > ul .sp-tab__nav-item .sp-tab__nav-link:not(.sp-tab__active):hover,#sp-tabs-wrapper_890.sp-tab__lay-default .sp-tab__tab-content > .sp-tab__tab-pane .sp-tab__card-header:hover {background-color: #dd4646;}#sp-wp-tabs-wrapper_890.sp-tab__lay-default > ul .sp-tab__nav-item:not(.sp-tab__active):hover,#sp-wp-tabs-wrapper_890.sp-tab__lay-default .sp-tab__nav-link.collapsed > .sp-tab__card-header:hover {background-color: #dd4646;}#sp-wp-tabs-wrapper_890.sp-tab__lay-default > ul .sp-tab__nav-item:last-child {margin-right: 0;}#sp-wp-tabs-wrapper_890.sp-tab__lay-default > .sp-tab__tab-content .sp-tab__tab-pane {border: 1px solid #cccccc;padding-top: 20px;padding-right: 20px;padding-bottom: 20px;padding-left: 20px;background-color: #dd7c7c;}#sp-wp-tabs-wrapper_890.sp-tab__lay-default > ul {border-bottom: 1px solid #cccccc;}#sp-wp-tabs-wrapper_890.sp-tab__lay-default > .sp-tab__tab-content .sp-tab__tab-pane {border-top: 0px;}@media(max-width:480px) {#sp-wp-tabs-wrapper_890.sp-tab__lay-default > ul li.sp-tab__nav-item {width: 100%;margin-right: 0px;}#sp-wp-tabs-wrapper_890.sp-tab__lay-default > ul li.sp-tab__nav-item:last-child {margin-bottom: -1px;}}#sp-wp-tabs-wrapper_890.sp-tab__lay-default > ul .sp-tab__nav-item .sp-tab__tab_title,#sp-wp-tabs-wrapper_890.sp-tab__lay-default span > .sp-tab__card-header {font-weight: 600;font-style: normal;font-size: 16px;line-height: 22px;letter-spacing: 0px;color: #444;margin: 0px;font-family: Open Sans;font-style: normal;font-weight: 600;}#sp-wp-tabs-wrapper_890.sp-tab__lay-default > .sp-tab__tab-content .sp-tab__tab-pane,#sp-wp-tabs-wrapper_890.sp-tab__lay-default > .sp-tab__tab-content .sp-tab__tab-pane p {font-weight: 400;font-style: normal;font-size: 16px;line-height: 24px;letter-spacing: 0px;color: #444;font-family: Open Sans;font-style: normal;font-weight: normal;}#sp-wp-tabs-wrapper_890.sp-tab__lay-default > .sp-tab__tab-content .sp-tab__tab-pane ul li a, #sp-wp-tabs-wrapper_890.sp-tab__lay-default .sp-tab__tab-content .sp-tab__tab-pane ol li a {color: #444;}<\/style>\t\t<div id=\"sp-wp-tabs-wrapper_890\" class=\"sp-tab__lay-default\" data-preloader=\"1\" data-activemode=\"tabs-activator-event-click\" data-anchor_linking=\"1\">\n\t\t\t<div class=\"sp-tab__preloader\">\n\t\t<div class=\"sp-tab__spinner\">\n\t\t\t<div class=\"rect1\"><\/div>\n\t\t\t<div class=\"rect2\"><\/div>\n\t\t\t<div class=\"rect3\"><\/div>\n\t\t\t<div class=\"rect4\"><\/div>\n\t\t\t<div class=\"rect5\"><\/div>\n\t\t<\/div>\n\t<\/div>\n\t<ul class=\"sp-tab__nav sp-tab__nav-tabs\" id=\"sp-tab__ul\" role=\"tablist\">\n\t\t\t\t<li class=\"sp-tab__nav-item\" role=\"presentation\">\n\t\t\t\t<span class=\"sp-tab__nav-link sp-tab__active\" data-sptoggle=\"tab\" for=\"#tab-8901\" role=\"tab\" aria-controls=tab-8901 aria-selected=true tabindex=0>\n\t\t\t\t\t<span class=\"tab_title_area\"><H4 class=\"sp-tab__tab_title\">Les films<\/H4><\/span>\n\t\t\t\t<\/span>\n\t\t\t<\/li>\n\t\t\t\t\t\t<li class=\"sp-tab__nav-item\" role=\"presentation\">\n\t\t\t\t<span class=\"sp-tab__nav-link\" data-sptoggle=\"tab\" for=\"#tab-8902\" role=\"tab\" aria-controls=tab-8902 aria-selected=true tabindex=0>\n\t\t\t\t\t<span class=\"tab_title_area\"><H4 class=\"sp-tab__tab_title\">En pratique<\/H4><\/span>\n\t\t\t\t<\/span>\n\t\t\t<\/li>\n\t\t\t\t\t\t<li class=\"sp-tab__nav-item\" role=\"presentation\">\n\t\t\t\t<span class=\"sp-tab__nav-link\" data-sptoggle=\"tab\" for=\"#tab-8903\" role=\"tab\" aria-controls=tab-8903 aria-selected=true tabindex=0>\n\t\t\t\t\t<span class=\"tab_title_area\"><H4 class=\"sp-tab__tab_title\">Documents p\u00e9dagogiques<\/H4><\/span>\n\t\t\t\t<\/span>\n\t\t\t<\/li>\n\t\t\t<\/ul>\n<div class=\"sp-tab__tab-content\">\n\t\t\t\t<div id=\"tab-8901\" class=\"sp-tab__tab-pane sp-tab__show sp-tab__active\" role=\"tabpanel\">\n\t\t\t\t\t<div class=\"sp-tab-content \"><p><strong>C'est au cours de recherches sur des films traitant de la culture inuit dans la collection de la cin\u00e9math\u00e8que Robert Lynen de Paris que Catherine LE FLOCHMOAN et Christofer BJURSTR\u00d6M ont d\u00e9couvert ces quatre petites p\u00e9pites du cin\u00e9ma d'animation mettant en sc\u00e8ne des animaux confront\u00e9s \u00e0 la vie et \u00e0 ses choix, dans la plus pure tradition inuit.<\/strong><\/p>\n<p><strong><span style=\"font-size: 14pt\">- Ilot -<\/span> <\/strong>R\u00e9alisation : Nicolas BRAULT | 2001<br \/>\n<em><em><em><img loading=\"lazy\" decoding=\"async\" class=\"alignleft wp-image-1034 size-medium\" src=\"https:\/\/www.marmouzic.org\/wp-content\/uploads\/2020\/05\/Ilot-1-1024-300x169.jpg\" alt=\"\" width=\"300\" height=\"169\" srcset=\"https:\/\/www.marmouzic.org\/wp-content\/uploads\/2020\/05\/Ilot-1-1024-300x169.jpg 300w, https:\/\/www.marmouzic.org\/wp-content\/uploads\/2020\/05\/Ilot-1-1024-768x432.jpg 768w, https:\/\/www.marmouzic.org\/wp-content\/uploads\/2020\/05\/Ilot-1-1024.jpg 1024w\" sizes=\"auto, (max-width: 300px) 100vw, 300px\" \/><br \/>\nUn voyage au pays des inuits en hiver... o\u00f9 il est question de poissons qui s'envolent et de baleines qui tombent du ciel.....<\/em><\/em><\/em><\/p>\n<p><span style=\"font-size: 14pt\"><strong>- Le hibou et le corbeau : une l\u00e9gende eskimo <\/strong>R\u00e9alisation : Co.Hoedeman | 1972\u00a0<\/span><\/p>\n<p><em><img loading=\"lazy\" decoding=\"async\" class=\"wp-image-1035 size-medium alignleft\" src=\"http:\/\/www.marmouzic.org\/wp-content\/uploads\/2020\/05\/Hibou-Corbeau-1-1024-300x225.jpg\" alt=\"\" width=\"300\" height=\"225\" srcset=\"https:\/\/www.marmouzic.org\/wp-content\/uploads\/2020\/05\/Hibou-Corbeau-1-1024-300x225.jpg 300w, https:\/\/www.marmouzic.org\/wp-content\/uploads\/2020\/05\/Hibou-Corbeau-1-1024-768x576.jpg 768w, https:\/\/www.marmouzic.org\/wp-content\/uploads\/2020\/05\/Hibou-Corbeau-1-1024.jpg 1024w\" sizes=\"auto, (max-width: 300px) 100vw, 300px\" \/> <\/em><\/p>\n<p><em>Savez-vous qu'il y a tr\u00e8s, tr\u00e8s longtemps, tous les corbeaux \u00e9taient blancs, tout blancs, comme les chouette Harfang des neiges (qu'on appelle hibou au Canada).<\/em><\/p>\n<p><em>Cette l\u00e9gende inuit a \u00e9t\u00e9 tourn\u00e9e avec des marionnettes et des reproductions d'objets artisanaux traditionnels inuit.<\/em><\/p>\n<p><strong>- <span style=\"font-size: 14pt\">Le mariage du hibou : une l\u00e9gende eskimo \u00a0 <\/span><\/strong><span style=\"font-size: 14pt\">R\u00e9alisation : Caroline LEAF | 1974 | 7 min 38<\/span><br \/>\n<em><em><em><em><img loading=\"lazy\" decoding=\"async\" class=\"alignleft wp-image-1033 size-medium\" src=\"http:\/\/www.marmouzic.org\/wp-content\/uploads\/2020\/05\/Le-mariage-du-hibou-2-1024-300x209.jpg\" alt=\"\" width=\"300\" height=\"209\" srcset=\"https:\/\/www.marmouzic.org\/wp-content\/uploads\/2020\/05\/Le-mariage-du-hibou-2-1024-300x209.jpg 300w, https:\/\/www.marmouzic.org\/wp-content\/uploads\/2020\/05\/Le-mariage-du-hibou-2-1024-768x535.jpg 768w, https:\/\/www.marmouzic.org\/wp-content\/uploads\/2020\/05\/Le-mariage-du-hibou-2-1024.jpg 1024w\" sizes=\"auto, (max-width: 300px) 100vw, 300px\" \/><\/em><\/em><\/em><\/em><\/p>\n<p><em><em><em><em>Il \u00e9tait une fois un pauvre Harfang des neiges amoureux d'une oie des neiges. Des oisillons naissent mais quand vient le temps pour les oies d'\u00e9couter la nature qui les appelle \u00e0 la migration, papa harfang ne peut pas suivre sa famille sans risques....<\/em><\/em><\/em><\/em><\/p>\n<p style=\"text-align: left\"><span style=\"font-size: 14pt\"><strong>- Le hibou et le lemming : une l\u00e9gende eskimo\u00a0 <\/strong>R\u00e9alisation : Co.Hoedeman | 1971 | <img loading=\"lazy\" decoding=\"async\" class=\"wp-image-892 size-medium alignleft\" src=\"http:\/\/www.marmouzic.org\/wp-content\/uploads\/2020\/05\/1-Le-Hibou-et-le-Lemming\u00a91971-Office-national-du-film-Canada-2-300x198.jpg\" alt=\"\" width=\"300\" height=\"198\" srcset=\"https:\/\/www.marmouzic.org\/wp-content\/uploads\/2020\/05\/1-Le-Hibou-et-le-Lemming\u00a91971-Office-national-du-film-Canada-2-300x198.jpg 300w, https:\/\/www.marmouzic.org\/wp-content\/uploads\/2020\/05\/1-Le-Hibou-et-le-Lemming\u00a91971-Office-national-du-film-Canada-2-1024x675.jpg 1024w, https:\/\/www.marmouzic.org\/wp-content\/uploads\/2020\/05\/1-Le-Hibou-et-le-Lemming\u00a91971-Office-national-du-film-Canada-2-768x506.jpg 768w, https:\/\/www.marmouzic.org\/wp-content\/uploads\/2020\/05\/1-Le-Hibou-et-le-Lemming\u00a91971-Office-national-du-film-Canada-2-391x260.jpg 391w, https:\/\/www.marmouzic.org\/wp-content\/uploads\/2020\/05\/1-Le-Hibou-et-le-Lemming\u00a91971-Office-national-du-film-Canada-2-1536x1013.jpg 1536w, https:\/\/www.marmouzic.org\/wp-content\/uploads\/2020\/05\/1-Le-Hibou-et-le-Lemming\u00a91971-Office-national-du-film-Canada-2-2048x1350.jpg 2048w\" sizes=\"auto, (max-width: 300px) 100vw, 300px\" \/><\/span><\/p>\n<p>Papa Harfang des neiges est en chasse pour nourrir ses petits. Il capture ainsi un gros lemming bien gras. Mais quand on est un grand chasseur, on aime les compliments et le lemming saura bien profiter de l'orgueil du Harfang... <br data-rich-text-line-break=\"true\" \/>Un conte traditionnel dont la conclusion n'est pas tr\u00e8s loin de celle de notre la fable \"Le corbeau et le Renard \".<\/p>\n<\/div>\n\t\t\t\t<\/div>\n\t\t\t\t\t\t\t\t<div id=\"tab-8902\" class=\"sp-tab__tab-pane \" role=\"tabpanel\">\n\t\t\t\t\t<div class=\"sp-tab-content \"><p><span style=\"font-size: 18pt\"><strong>En pratique:<\/strong><\/span><\/p>\n<p><span style=\"font-size: 18pt\"><strong>Distribution:<\/strong><\/span><br \/>\n<strong>Christofer Bjurstr\u00f6m<\/strong>, Composition, claviers, fl\u00fbtes, karimba et \u00e9lectronique<br \/>\n<strong>Catherine Le Flochmoan,<\/strong> conte, chant et objets sonore<br \/>\n<em>(avec ou sans r\u00e9gisseur en fonction de la taille de la salle)<\/em><\/p>\n<p><span style=\"font-size: 18pt\"><strong>Conditions techniques:<\/strong><\/span><br \/>\nTr\u00e8s facile \u00e0 mettre en \u0153uvre,<strong> ce spectacle peut \u00eatre pr\u00e9sent\u00e9 \u00e0 la fois en salle \u00e9quip\u00e9e ou dans des lieux qui ne le sont pas<\/strong> (m\u00e9diath\u00e8que, \u00e9cole etc...)<\/p>\n<p>Il n\u00e9cessite quelques \u00e9l\u00e9ments d'\u00e9clairage, de sonorisation et un projecteur vid\u00e9o et \u00e9cran.<\/p>\n<p><span style=\"font-size: 14pt\"><strong>Nous pouvons fournir le spectacle \"Clefs en main\"<\/strong><\/span> ou compl\u00e9ter le mat\u00e9riel dont l'organisateur ne pourrait disposer.<\/p>\n<\/div>\n\t\t\t\t<\/div>\n\t\t\t\t\t\t\t\t<div id=\"tab-8903\" class=\"sp-tab__tab-pane \" role=\"tabpanel\">\n\t\t\t\t\t<div class=\"sp-tab-content \"><p>Catherine Le Flochmoan s'est prise de passion pour la culture inuit, \u00e0 l'occasion de la cr\u00e9ation \"Okalik, le grand chasseur inuit.<\/p>\n<p>Dans ce cadre, elle s'est form\u00e9e aupr\u00e8s de l'ethnologue<strong> Sylvie Teveny, du Centre Culturel Inuit, Inuksuk,<\/strong> \u00e0 Paris, dans le but d'animer des ateliers sur la culture inuit.<\/p>\n<p><strong>Elle a ainsi adapt\u00e9 des ateliers sp\u00e9cifiquement pour les petits.<\/strong><\/p>\n<p>--&gt; <a href=\"https:\/\/www.marmouzic.org\/wp-content\/uploads\/2020\/11\/Actions-cult-chouettes-novembre2020-1.pdf\" target=\"_blank\" rel=\"noopener\">Dossier p\u00e9dagogique ici:<\/a><\/p>\n<\/div>\n\t\t\t\t<\/div>\n\t\t\t\t<\/div>\n\t\t<\/div>\n\t\t\n\n\n<div class=\"wp-block-image\">\n<figure class=\"aligncenter size-large is-resized\"><img loading=\"lazy\" decoding=\"async\" src=\"https:\/\/www.marmouzic.org\/wp-content\/uploads\/2020\/10\/CCInuit-CetC-1024x683.jpg\" alt=\"\" class=\"wp-image-1470\" width=\"557\" height=\"372\" srcset=\"https:\/\/www.marmouzic.org\/wp-content\/uploads\/2020\/10\/CCInuit-CetC-1024x683.jpg 1024w, https:\/\/www.marmouzic.org\/wp-content\/uploads\/2020\/10\/CCInuit-CetC-300x200.jpg 300w, https:\/\/www.marmouzic.org\/wp-content\/uploads\/2020\/10\/CCInuit-CetC-768x512.jpg 768w, https:\/\/www.marmouzic.org\/wp-content\/uploads\/2020\/10\/CCInuit-CetC-391x260.jpg 391w, https:\/\/www.marmouzic.org\/wp-content\/uploads\/2020\/10\/CCInuit-CetC-1536x1024.jpg 1536w, https:\/\/www.marmouzic.org\/wp-content\/uploads\/2020\/10\/CCInuit-CetC-2048x1365.jpg 2048w, https:\/\/www.marmouzic.org\/wp-content\/uploads\/2020\/10\/CCInuit-CetC-600x400.jpg 600w, https:\/\/www.marmouzic.org\/wp-content\/uploads\/2020\/10\/CCInuit-CetC-930x620.jpg 930w, https:\/\/www.marmouzic.org\/wp-content\/uploads\/2020\/10\/CCInuit-CetC-272x182.jpg 272w\" sizes=\"auto, (max-width: 557px) 100vw, 557px\" \/><figcaption class=\"wp-element-caption\">Cin\u00e9-Concert Inuit pour Petites Chouettes<\/figcaption><\/figure>\n<\/div>\n\n<div\n\t\t\t\n\t\t\tclass=\"so-widget-sow-button so-widget-sow-button-wire-c125f315acd5\"\n\t\t\t\n\t\t><div class=\"ow-button-base ow-button-align-center\"\n>\n\t\t\t<a\n\t\t\t\t\thref=\"https:\/\/www.marmouzic.org\/index.php\/cine-concert-inuit-pour-petites-chouettes\/\"\n\t\t\t\t\tclass=\"sowb-button ow-icon-placement-top ow-button-hover\" \t>\n\t\t<span>\n\t\t\t<span class=\"sow-icon-ionicons\" data-sow-icon=\"&#xf398;\"\n\t\tstyle=\"color: #000000\" \n\t\taria-hidden=\"true\"><\/span>\n\t\t\tHaut de page\t\t<\/span>\n\t\t\t<\/a>\n\t<\/div>\n<\/div>\n\n\n<p>&#8230;\n<br><br><\/p>\n","protected":false},"excerpt":{"rendered":"<p>Un musicien, une conteuse-chanteuse, de petites marionnettes et 4 petits films inuit d&rsquo;animation mettant en sc\u00e8ne des animaux et des hommes, confront\u00e9s \u00e0 la vie et \u00e0 ses choix, dans la plus pure tradition inuit &#8230;Souffle du vent, notes de fl\u00fbtes, atmosph\u00e8res de petits sons a\u00e9riens, rythmes rieurs se m\u00ealent aux chansons inspir\u00e9es des chants&hellip;&nbsp;<a href=\"https:\/\/www.marmouzic.org\/index.php\/cine-concert-inuit-pour-petites-chouettes\/\" rel=\"bookmark\">Lire la suite &raquo;<span class=\"screen-reader-text\">Cin\u00e9-Concert Inuit pour Petites Chouettes<\/span><\/a><\/p>\n","protected":false},"author":1,"featured_media":2059,"parent":0,"menu_order":0,"comment_status":"closed","ping_status":"closed","template":"","meta":{"neve_meta_sidebar":"right","neve_meta_container":"","neve_meta_enable_content_width":"on","neve_meta_content_width":70,"neve_meta_title_alignment":"","neve_meta_author_avatar":"","neve_post_elements_order":"","neve_meta_disable_header":"","neve_meta_disable_footer":"","neve_meta_disable_title":"","footnotes":""},"class_list":["post-41","page","type-page","status-publish","has-post-thumbnail","hentry"],"featured_image_src":"https:\/\/www.marmouzic.org\/wp-content\/uploads\/2020\/11\/bandeau-2-2.jpg","featured_image_src_square":"https:\/\/www.marmouzic.org\/wp-content\/uploads\/2020\/11\/bandeau-2-2.jpg","_links":{"self":[{"href":"https:\/\/www.marmouzic.org\/index.php\/wp-json\/wp\/v2\/pages\/41","targetHints":{"allow":["GET"]}}],"collection":[{"href":"https:\/\/www.marmouzic.org\/index.php\/wp-json\/wp\/v2\/pages"}],"about":[{"href":"https:\/\/www.marmouzic.org\/index.php\/wp-json\/wp\/v2\/types\/page"}],"author":[{"embeddable":true,"href":"https:\/\/www.marmouzic.org\/index.php\/wp-json\/wp\/v2\/users\/1"}],"replies":[{"embeddable":true,"href":"https:\/\/www.marmouzic.org\/index.php\/wp-json\/wp\/v2\/comments?post=41"}],"version-history":[{"count":53,"href":"https:\/\/www.marmouzic.org\/index.php\/wp-json\/wp\/v2\/pages\/41\/revisions"}],"predecessor-version":[{"id":9409,"href":"https:\/\/www.marmouzic.org\/index.php\/wp-json\/wp\/v2\/pages\/41\/revisions\/9409"}],"wp:featuredmedia":[{"embeddable":true,"href":"https:\/\/www.marmouzic.org\/index.php\/wp-json\/wp\/v2\/media\/2059"}],"wp:attachment":[{"href":"https:\/\/www.marmouzic.org\/index.php\/wp-json\/wp\/v2\/media?parent=41"}],"curies":[{"name":"wp","href":"https:\/\/api.w.org\/{rel}","templated":true}]}}