{"id":439,"date":"2020-04-27T18:10:25","date_gmt":"2020-04-27T16:10:25","guid":{"rendered":"http:\/\/www.marmouzic.org\/wwz\/?page_id=439"},"modified":"2023-06-22T18:42:49","modified_gmt":"2023-06-22T16:42:49","slug":"seraphine-la-clowne","status":"publish","type":"page","link":"https:\/\/www.marmouzic.org\/index.php\/seraphine-la-clowne\/","title":{"rendered":"S\u00e9raphine la Clowne"},"content":{"rendered":"\n<div class=\"wp-block-media-text alignwide has-media-on-the-right is-stacked-on-mobile\"><div class=\"wp-block-media-text__content\">\n<p style=\"font-size:17px\"><strong>S\u00e9raphine est n\u00e9e en septembre 2011 avec d\u00e9j\u00e0 une bonne quinzaine d\u2019ann\u00e9es d\u2019exp\u00e9rience \u00e0 son actif\u2026 c\u2019est cela la magie du spectacle&nbsp;!<\/strong><br><strong><span style=\"color:#e9583b\" class=\"has-inline-color\">S\u00e9raphine est en effet n\u00e9e toute pleine des exp\u00e9riences de com\u00e9dienne, de conteuse, et de chanteuse\u2026 de Catherine Le Flochmoan.<\/span><\/strong><br><br>Cot\u00e9 clown, S\u00e9raphine est ainsi n\u00e9e gr\u00e2ce au talent de Herv\u00e9 Langlois, du Royal&rsquo;clown Company, qu&rsquo;il en soit ici remerci\u00e9 tr\u00e8s chaleureusement. Mais sa route a aussi crois\u00e9 celle C\u00e9dric Paga (Ludor Citrik), de H\u00e9l\u00e8ne Gustin (Colette Gomette), Collette Pichon (Ciboulette) et de bien d&rsquo;autres encore&#8230;<br><br><span style=\"color:#e9583b\" class=\"has-inline-color\"><strong>Un sacr\u00e9 caract\u00e8re<\/strong> <\/span><br>Les chiens ne font pas des chats et, <strong>comme Catherine, S\u00e9raphine a un caract\u00e8re bien tremp\u00e9\u2026<span style=\"color:#e9583b\" class=\"has-inline-color\">Son nez rouge ne l\u2019emp\u00eache nullement d\u2019avoir des id\u00e9es noires ou bleues, ou roses, ou jaunes ou\u2026, au choix&nbsp;!<\/span> et de savoir vraiment ce qu\u2019elle veut\u2026 m\u00eame si sa fantaisie la conduit parfois \u00e0 mille lieues de ce qu\u2019elle avait d\u00e9cid\u00e9 de prime abord\u2026<\/strong><\/p>\n<\/div><figure class=\"wp-block-media-text__media\"><img loading=\"lazy\" decoding=\"async\" width=\"768\" height=\"1024\" src=\"https:\/\/www.marmouzic.org\/wp-content\/uploads\/2020\/05\/S\u00e9raphine-la-clowne-1280-768x1024.jpg\" alt=\"\" class=\"wp-image-956 size-full\" srcset=\"https:\/\/www.marmouzic.org\/wp-content\/uploads\/2020\/05\/S\u00e9raphine-la-clowne-1280-768x1024.jpg 768w, https:\/\/www.marmouzic.org\/wp-content\/uploads\/2020\/05\/S\u00e9raphine-la-clowne-1280-225x300.jpg 225w, https:\/\/www.marmouzic.org\/wp-content\/uploads\/2020\/05\/S\u00e9raphine-la-clowne-1280-300x400.jpg 300w, https:\/\/www.marmouzic.org\/wp-content\/uploads\/2020\/05\/S\u00e9raphine-la-clowne-1280.jpg 960w\" sizes=\"auto, (max-width: 768px) 100vw, 768px\" \/><\/figure><\/div>\n\n\n\n<h3 class=\"wp-block-heading\" style=\"font-size:31px\"><mark style=\"background-color:rgba(0, 0, 0, 0);color:#e9583b\" class=\"has-inline-color\">Comment d\u00e9crire S\u00e9raphine\u2026<\/mark><\/h3>\n\n\n\n<p style=\"font-size:18px\"><strong><span style=\"color:#e9583b\" class=\"has-inline-color\">Un gros zeste de Carmen Cru, une larme de Yolande Moreau et un humour \u00e0 la Deschiens&#8230;<\/span><\/strong><br><br><strong>Et oui, dans S\u00e9raphine, il y a \u00ab&nbsp;&nbsp;fine&nbsp;\u00bb et la clowne sait \u00e0 la fois se faire enj\u00f4leuse, s\u00e9ductrice, et r\u00eaveuse\u2026ou, \u00e0 l&rsquo;inverse plut\u00f4t braque, ent\u00eat\u00e9e et d\u00e9cid\u00e9e.<\/strong><br><br><strong>Quant \u00e0 sa voix, elle passe des profondeurs graveleuses d\u2019un baryton enrou\u00e9 aux sommets vertigineux et p\u00e9rilleux d\u2019une soprano allum\u00e9e.<\/strong><br><strong><span style=\"color:#e9583b\" class=\"has-inline-color\">Car S\u00e9raphine chante aussi et avec la m\u00eame d\u00e9termination qu\u2019elle met pour faire toute chose\u2026<\/span><\/strong> parfois il y a des rat\u00e9es mais qu\u2019importe, elle y va&nbsp;!<br><strong><span style=\"color:#e9583b\" class=\"has-inline-color\">Elle s&rsquo;accompagne la plupart du temps \u00e0 l&rsquo;accord\u00e9on diatonique<\/span><\/strong><\/p>\n\n\n\n<h3 class=\"wp-block-heading\" style=\"font-size:31px\"><strong><span style=\"color:#e9583b\" class=\"has-inline-color\">La rencontre avec le loup&#8230;<\/span><\/strong><\/h3>\n\n\n\n<div class=\"wp-block-media-text alignwide is-stacked-on-mobile\" style=\"grid-template-columns:27% auto\"><figure class=\"wp-block-media-text__media\"><img loading=\"lazy\" decoding=\"async\" width=\"937\" height=\"1024\" src=\"https:\/\/www.marmouzic.org\/wp-content\/uploads\/2020\/06\/le-loup-copyrigh-Val\u00e9rie-Michaud-1024.jpg\" alt=\"\" class=\"wp-image-1051 size-full\" srcset=\"https:\/\/www.marmouzic.org\/wp-content\/uploads\/2020\/06\/le-loup-copyrigh-Val\u00e9rie-Michaud-1024.jpg 937w, https:\/\/www.marmouzic.org\/wp-content\/uploads\/2020\/06\/le-loup-copyrigh-Val\u00e9rie-Michaud-1024-275x300.jpg 275w, https:\/\/www.marmouzic.org\/wp-content\/uploads\/2020\/06\/le-loup-copyrigh-Val\u00e9rie-Michaud-1024-768x839.jpg 768w\" sizes=\"auto, (max-width: 937px) 100vw, 937px\" \/><\/figure><div class=\"wp-block-media-text__content\">\n<p class=\"has-normal-font-size\">Et oui !! <strong>S\u00e9raphine a rencontr\u00e9 \u00ab Le loup \u00bb et ce fut pour elle, comme pour lui, une rencontre pleine de sympathie, de plaisir et de surprise <\/strong>!<br>Et oui, le loup est gentil !!<br>S\u00e9raphine a imm\u00e9diatement voulu raconter son histoire et c&rsquo;est comme cela qu&rsquo;est n\u00e9 <a href=\"https:\/\/www.marmouzic.org\/index.php\/seraphine-et-le-loup-enrhume\/\">\u00ab S\u00e9raphine et le loup enrhum\u00e9 \u00bb<\/a><br>Poursuivant son aventure en compagnie du loup, S\u00e9raphine concocte un nouvel \u00ab opus \u00bb (c&rsquo;est beau, ce mot!) et nous pr\u00e9pare <a href=\"https:\/\/www.marmouzic.org\/index.php\/seraphine-et-le-loup-de-noel\/\">\u00ab S\u00e9raphine et le loup de no\u00ebl \u00bb<\/a><\/p>\n<\/div><\/div>\n\n\n\n<p><\/p>\n\n\n\n<h3 class=\"wp-block-heading\"><strong><mark style=\"background-color:rgba(0, 0, 0, 0);color:#e9583b\" class=\"has-inline-color\">Et pour plus tard, une nouvelle aventure clownesque et lyrique&#8230; Chhhut&#8230;..<\/mark><\/strong><\/h3>\n\n\n\n<div class=\"wp-block-columns is-layout-flex wp-container-core-columns-is-layout-9d6595d7 wp-block-columns-is-layout-flex\">\n<div class=\"wp-block-column is-layout-flow wp-block-column-is-layout-flow\"><div\n\t\t\t\n\t\t\tclass=\"so-widget-sow-image so-widget-sow-image-default-8b5b6f678277\"\n\t\t\t\n\t\t>\n<div class=\"sow-image-container\">\n\t\t<img \n\tsrc=\"https:\/\/www.marmouzic.org\/wp-content\/uploads\/2020\/11\/20190226_171354-ANIMATION-2.gif\" width=\"474\" height=\"972\" sizes=\"(max-width: 474px) 100vw, 474px\" alt=\"\" \t\tclass=\"so-widget-image\"\/>\n\t<\/div>\n\n<\/div><\/div>\n\n\n\n<div class=\"wp-block-column is-layout-flow wp-block-column-is-layout-flow\"><div\n\t\t\t\n\t\t\tclass=\"so-widget-sow-image so-widget-sow-image-default-8b5b6f678277\"\n\t\t\t\n\t\t>\n<div class=\"sow-image-container\">\n\t\t<img \n\tsrc=\"https:\/\/www.marmouzic.org\/wp-content\/uploads\/2020\/11\/Seraphine-nana-agitees.gif\" width=\"895\" height=\"561\" sizes=\"(max-width: 895px) 100vw, 895px\" title=\"S\u00e9raphine-nana-agit\u00e9es\" alt=\"\" \t\tclass=\"so-widget-image\"\/>\n\t<\/div>\n\n<\/div><\/div>\n<\/div>\n\n\n\n<p><\/p>\n\n\n<div\n\t\t\t\n\t\t\tclass=\"so-widget-sow-button so-widget-sow-button-wire-af96705daa24\"\n\t\t\t\n\t\t><div class=\"ow-button-base ow-button-align-center\"\n>\n\t\t\t<a\n\t\t\t\t\thref=\"https:\/\/www.marmouzic.org\/index.php\/seraphine-la-clowne\/\"\n\t\t\t\t\tclass=\"sowb-button ow-icon-placement-top ow-button-hover\" \t>\n\t\t<span>\n\t\t\t<span class=\"sow-icon-ionicons\" data-sow-icon=\"&#xf398;\"\n\t\tstyle=\"color: #000000\" \n\t\taria-hidden=\"true\"><\/span>\n\t\t\tHaut de page\t\t<\/span>\n\t\t\t<\/a>\n\t<\/div>\n<\/div>","protected":false},"excerpt":{"rendered":"<p>S\u00e9raphine est n\u00e9e en septembre 2011 avec d\u00e9j\u00e0 une bonne quinzaine d\u2019ann\u00e9es d\u2019exp\u00e9rience \u00e0 son actif\u2026 c\u2019est cela la magie du spectacle&nbsp;!S\u00e9raphine est en effet n\u00e9e toute pleine des exp\u00e9riences de com\u00e9dienne, de conteuse, et de chanteuse\u2026 de Catherine Le Flochmoan. Cot\u00e9 clown, S\u00e9raphine est ainsi n\u00e9e gr\u00e2ce au talent de Herv\u00e9 Langlois, du Royal&rsquo;clown&hellip;&nbsp;<a href=\"https:\/\/www.marmouzic.org\/index.php\/seraphine-la-clowne\/\" rel=\"bookmark\">Lire la suite &raquo;<span class=\"screen-reader-text\">S\u00e9raphine la Clowne<\/span><\/a><\/p>\n","protected":false},"author":1,"featured_media":1805,"parent":0,"menu_order":0,"comment_status":"closed","ping_status":"closed","template":"","meta":{"neve_meta_sidebar":"right","neve_meta_container":"","neve_meta_enable_content_width":"on","neve_meta_content_width":70,"neve_meta_title_alignment":"","neve_meta_author_avatar":"","neve_post_elements_order":"","neve_meta_disable_header":"","neve_meta_disable_footer":"","neve_meta_disable_title":"","footnotes":""},"class_list":["post-439","page","type-page","status-publish","has-post-thumbnail","hentry"],"featured_image_src":"https:\/\/www.marmouzic.org\/wp-content\/uploads\/2020\/11\/bandeau-1-9.jpg","featured_image_src_square":"https:\/\/www.marmouzic.org\/wp-content\/uploads\/2020\/11\/bandeau-1-9.jpg","_links":{"self":[{"href":"https:\/\/www.marmouzic.org\/index.php\/wp-json\/wp\/v2\/pages\/439","targetHints":{"allow":["GET"]}}],"collection":[{"href":"https:\/\/www.marmouzic.org\/index.php\/wp-json\/wp\/v2\/pages"}],"about":[{"href":"https:\/\/www.marmouzic.org\/index.php\/wp-json\/wp\/v2\/types\/page"}],"author":[{"embeddable":true,"href":"https:\/\/www.marmouzic.org\/index.php\/wp-json\/wp\/v2\/users\/1"}],"replies":[{"embeddable":true,"href":"https:\/\/www.marmouzic.org\/index.php\/wp-json\/wp\/v2\/comments?post=439"}],"version-history":[{"count":29,"href":"https:\/\/www.marmouzic.org\/index.php\/wp-json\/wp\/v2\/pages\/439\/revisions"}],"predecessor-version":[{"id":6193,"href":"https:\/\/www.marmouzic.org\/index.php\/wp-json\/wp\/v2\/pages\/439\/revisions\/6193"}],"wp:featuredmedia":[{"embeddable":true,"href":"https:\/\/www.marmouzic.org\/index.php\/wp-json\/wp\/v2\/media\/1805"}],"wp:attachment":[{"href":"https:\/\/www.marmouzic.org\/index.php\/wp-json\/wp\/v2\/media?parent=439"}],"curies":[{"name":"wp","href":"https:\/\/api.w.org\/{rel}","templated":true}]}}