{"id":441,"date":"2020-04-27T18:12:04","date_gmt":"2020-04-27T16:12:04","guid":{"rendered":"http:\/\/www.marmouzic.org\/wwz\/?page_id=441"},"modified":"2020-06-04T16:23:32","modified_gmt":"2020-06-04T14:23:32","slug":"seraphine-et-le-loup-de-noel","status":"publish","type":"page","link":"https:\/\/www.marmouzic.org\/index.php\/seraphine-et-le-loup-de-noel\/","title":{"rendered":"En Cr\u00e9ation: S\u00e9raphine et le loup de No\u00ebl"},"content":{"rendered":"\n<h6 class=\"has-text-align-center wp-block-heading\"><strong>D\u00e9sol\u00e9e, notre site vient d&rsquo;\u00eatre transform\u00e9 et cette page est en cours de fabrication<\/strong><\/h6>\n\n\n\n<h6 class=\"has-text-align-center wp-block-heading\"><strong>Pour en savoir plus contactez nous directement, merci<\/strong><\/h6>\n\n\n\n<p><\/p>\n\n\n\n<p><\/p>\n","protected":false},"excerpt":{"rendered":"","protected":false},"author":1,"featured_media":0,"parent":0,"menu_order":0,"comment_status":"closed","ping_status":"closed","template":"","meta":{"neve_meta_sidebar":"","neve_meta_container":"","neve_meta_enable_content_width":"off","neve_meta_content_width":100,"neve_meta_title_alignment":"","neve_meta_author_avatar":"","neve_post_elements_order":"","neve_meta_disable_header":"","neve_meta_disable_footer":"","neve_meta_disable_title":"","footnotes":""},"class_list":["post-441","page","type-page","status-publish","hentry"],"featured_image_src":null,"featured_image_src_square":null,"_links":{"self":[{"href":"https:\/\/www.marmouzic.org\/index.php\/wp-json\/wp\/v2\/pages\/441","targetHints":{"allow":["GET"]}}],"collection":[{"href":"https:\/\/www.marmouzic.org\/index.php\/wp-json\/wp\/v2\/pages"}],"about":[{"href":"https:\/\/www.marmouzic.org\/index.php\/wp-json\/wp\/v2\/types\/page"}],"author":[{"embeddable":true,"href":"https:\/\/www.marmouzic.org\/index.php\/wp-json\/wp\/v2\/users\/1"}],"replies":[{"embeddable":true,"href":"https:\/\/www.marmouzic.org\/index.php\/wp-json\/wp\/v2\/comments?post=441"}],"version-history":[{"count":4,"href":"https:\/\/www.marmouzic.org\/index.php\/wp-json\/wp\/v2\/pages\/441\/revisions"}],"predecessor-version":[{"id":1146,"href":"https:\/\/www.marmouzic.org\/index.php\/wp-json\/wp\/v2\/pages\/441\/revisions\/1146"}],"wp:attachment":[{"href":"https:\/\/www.marmouzic.org\/index.php\/wp-json\/wp\/v2\/media?parent=441"}],"curies":[{"name":"wp","href":"https:\/\/api.w.org\/{rel}","templated":true}]}}