{"id":443,"date":"2020-04-27T18:16:17","date_gmt":"2020-04-27T16:16:17","guid":{"rendered":"http:\/\/www.marmouzic.org\/wwz\/?page_id=443"},"modified":"2023-06-22T18:45:25","modified_gmt":"2023-06-22T16:45:25","slug":"seraphine-et-nana-simone","status":"publish","type":"page","link":"https:\/\/www.marmouzic.org\/index.php\/seraphine-et-nana-simone\/","title":{"rendered":"S\u00e9raphine et sa complice font leur Cin\u00e9-Clown"},"content":{"rendered":"\n<p><strong>A<\/strong>ge en fonction des films &#8211; dur\u00e9e aussi en fonction des films<br><br>Un cin\u00e9-clown, qu&rsquo;est-ce que c&rsquo;est&nbsp;?<\/p>\n\n\n\n<p><strong>C&rsquo;est un cin\u00e9-club qui programme des films pour enfants et qui d\u00e9cide de demander \u00e0 deux clown de faire sur sc\u00e8ne, \u00e0 leur mani\u00e8re, pour les enfants,&nbsp; la pr\u00e9sentation des films.<\/strong><\/p>\n\n\n\n<p><strong>Une belle fa\u00e7on de m\u00ealer cin\u00e9ma et spectacle vivant&#8230;<\/strong><\/p>\n\n\n\n<p>Au cours des s\u00e9ances, les clownes deviennent en effet les \u00ab&nbsp;amies&nbsp;\u00bb des enfants en les accueillant \u00e0 chaque s\u00e9ance.<\/p>\n\n\n\n<p><strong>Un travail en plusieurs \u00e9tapes:<\/strong><\/p>\n\n\n\n<p>\u2192 Le cin\u00e9-club choisit le film.<\/p>\n\n\n\n<p>\u2192 Catherine Le Flochmoan, alias \u00ab\u00a0S\u00e9raphine\u00a0\u00bb \u00e9crit une sayn\u00e8te en rapport avec ce film et qui donne des renseignement sur le film mais aussi sur les th\u00e8mes \u00e9voqu\u00e9s. Il ne s&rsquo;agit en rien de raconter l&rsquo;histoire mais au contraire d&rsquo;offrir des ouvertures sur le propos du film.<\/p>\n\n\n\n<p>\u2192 Puis Catherine et sa complice r\u00e9p\u00e8tent.<\/p>\n\n\n\n<p>\u2192 Et, le jour J, les deux clownes pr\u00e9sentent le film \u00e0 leur fa\u00e7on clownesque et en chanson&#8230;dans une sayn\u00e8te de 15 \u00e0 20mn&nbsp;;<\/p>\n\n\n\n<p><br><strong>Un spectacle complet m\u00ealant cin\u00e9ma, clown et chansons&#8230;.<\/strong><br><br><\/p>\n\n\n\n<p>NB: nous avons d\u00e9j\u00e0 un certain nombre de films au r\u00e9pertoire&#8230;<\/p>\n\n\n\n<style id=\"sp_tab_dynamic_style910\">#sp-wp-tabs-wrapper_910 .sp-tab__nav { justify-content: flex-start; }#sp-wp-tabs-wrapper_910.sp-tab__lay-default.sp-tab__horizontal-bottom {display: flex;flex-direction: column-reverse;}#sp-wp-tabs-wrapper_910.sp-tab__lay-default.sp-tab__horizontal-bottom > ul {border-top: 1px solid #cccccc;border-bottom: 0;margin-top: 0;}#sp-wp-tabs-wrapper_910.sp-tab__lay-default.sp-tab__horizontal-bottom > ul > li .sp-tab__nav-link.sp-tab__active {border-color: transparent #cccccc#cccccc;margin-top: -1px;}#sp-wp-tabs-wrapper_910.sp-tab__lay-default.sp-tab__horizontal-bottom > ul > li .sp-tab__nav-link,#sp-wp-tabs-wrapper_910.sp-tab__lay-default.sp-tab__horizontal-bottom > ul > li a,#sp-wp-tabs-wrapper_910.sp-tab__lay-default.sp-tab__horizontal-bottom > ul > .sp-tab__nav-item {border-top: 0;border-top-left-radius: 0;border-top-right-radius: 0;border-bottom-left-radius: 2px;border-bottom-right-radius: 2px;}#sp-wp-tabs-wrapper_910.sp-tab__lay-default.sp-tab__horizontal-bottom > ul {border-bottom: none;}#sp-wp-tabs-wrapper_910.sp-tab__lay-default.sp-tab__horizontal-bottom .sp-tab__tab-content .sp-tab__tab-pane {border-top: 1px solid #cccccc;border-bottom: 0;}#sp-wp-tabs-wrapper_910.sp-tab__lay-default .sp-tab__tab-content .sp-tab-content > ul,#sp-wp-tabs-wrapper_910.sp-tab__lay-default .sp-tab__tab-content .sp-tab-content > ol {border-bottom: none;}#sp-wp-tabs-wrapper_910 .sp-tab__nav-tabs .sp-tab__nav-item.show .sp-tab__nav-link,#sp-wp-tabs-wrapper_910.sp-tab__lay-default ul li .sp-tab__nav-link.sp-tab__active {border-color: #cccccc#cccccc transparent;}#sp-wp-tabs-wrapper_910 > .sp-tab__nav-tabs .sp-tab__nav-link.sp-tab__active .sp-tab__tab_title,#sp-wp-tabs-wrapper_910.sp-tab__lay-default .sp-tab__nav-link > .sp-tab__card-header {color: #444;}#sp-wp-tabs-wrapper_910.sp-tab__lay-default > ul > li > .sp-tab__nav-link,#sp-wp-tabs-wrapper_910.sp-tab__lay-default > ul > li > a {cursor: pointer;border-color: #cccccc;padding-top: 15px;padding-right: 15px;padding-bottom: 15px;padding-left: 15px;}#sp-wp-tabs-wrapper_910 > .sp-tab__nav-tabs .sp-tab__nav-link {border: 1px solid #cccccc;height: 100%;}#sp-wp-tabs-wrapper_910.sp-tab__lay-default > ul > li .sp-tab__nav-link,#sp-wp-tabs-wrapper_910.sp-tab__lay-default > ul > li a,#sp-wp-tabs-wrapper_910.sp-tab__lay-default > ul > .sp-tab__nav-item {border-top-left-radius: 2px;border-top-right-radius: 2px;}#sp-wp-tabs-wrapper_910 .sp-tab__nav-tabs .sp-tab__nav-item {margin-bottom: -1px; }#sp-wp-tabs-wrapper_910.sp-tab__lay-default > ul .sp-tab__nav-item {margin-right: 10px;}#sp-wp-tabs-wrapper_910.sp-tab__lay-default.sp-tab__horizontal-bottom > ul .sp-tab__nav-item {margin-right: 10px;margin-top: 0;}#sp-wp-tabs-wrapper_910.sp-tab__lay-default > ul .sp-tab__nav-item .sp-tab__nav-link:hover .sp-tab__tab_title,#sp-wp-tabs-wrapper_910.sp-tab__lay-default > ul .sp-tab__nav-item a:hover .sp-tab__tab_title,#sp-wp-tabs-wrapper_910.sp-tab__lay-default .sp-tab__nav-link.collapsed .sp-tab__card-header:hover {color: #444;transition: .3s;}#sp-wp-tabs-wrapper_910.sp-tab__lay-default > ul .sp-tab__nav-item,#sp-wp-tabs-wrapper_910.sp-tab__lay-default .sp-tab__nav-link.collapsed > .sp-tab__card-header {background-color: #ddb77e;transition: 0.3s;}#sp-wp-tabs-wrapper_910 > .sp-tab__nav-tabs > .sp-tab__nav-item.show .sp-tab__nav-link,#sp-wp-tabs-wrapper_910 > .sp-tab__nav-tabs > .sp-tab__nav-item .sp-tab__nav-link.sp-tab__active,#sp-wp-tabs-wrapper_910.sp-tab__lay-default .sp-tab__nav-link > .sp-tab__card-header {background-color: #dd9933;}#sp-tabs-wrapper_910.sp-tab__lay-default > ul .sp-tab__nav-item .sp-tab__nav-link:not(.sp-tab__active):hover,#sp-tabs-wrapper_910.sp-tab__lay-default .sp-tab__tab-content > .sp-tab__tab-pane .sp-tab__card-header:hover {background-color: #dd3333;}#sp-wp-tabs-wrapper_910.sp-tab__lay-default > ul .sp-tab__nav-item:not(.sp-tab__active):hover,#sp-wp-tabs-wrapper_910.sp-tab__lay-default .sp-tab__nav-link.collapsed > .sp-tab__card-header:hover {background-color: #dd3333;}#sp-wp-tabs-wrapper_910.sp-tab__lay-default > ul .sp-tab__nav-item:last-child {margin-right: 0;}#sp-wp-tabs-wrapper_910.sp-tab__lay-default > .sp-tab__tab-content .sp-tab__tab-pane {border: 1px solid #cccccc;padding-top: 20px;padding-right: 20px;padding-bottom: 20px;padding-left: 20px;background-color: #dd9933;}#sp-wp-tabs-wrapper_910.sp-tab__lay-default > ul {border-bottom: 1px solid #cccccc;}#sp-wp-tabs-wrapper_910.sp-tab__lay-default > .sp-tab__tab-content .sp-tab__tab-pane {border-top: 0px;}@media(max-width:480px) {#sp-wp-tabs-wrapper_910.sp-tab__lay-default > ul li.sp-tab__nav-item {width: 100%;margin-right: 0px;}#sp-wp-tabs-wrapper_910.sp-tab__lay-default > ul li.sp-tab__nav-item:last-child {margin-bottom: -1px;}}#sp-wp-tabs-wrapper_910.sp-tab__lay-default > ul .sp-tab__nav-item .sp-tab__tab_title,#sp-wp-tabs-wrapper_910.sp-tab__lay-default span > .sp-tab__card-header {font-weight: 600;font-style: normal;font-size: 16px;line-height: 22px;letter-spacing: 0px;color: #444;margin: 0px;font-family: Open Sans;font-style: normal;font-weight: 600;}#sp-wp-tabs-wrapper_910.sp-tab__lay-default > .sp-tab__tab-content .sp-tab__tab-pane,#sp-wp-tabs-wrapper_910.sp-tab__lay-default > .sp-tab__tab-content .sp-tab__tab-pane p {font-weight: 400;font-style: normal;font-size: 16px;line-height: 24px;letter-spacing: 0px;color: #444;font-family: Open Sans;font-style: 400;font-weight: ;}#sp-wp-tabs-wrapper_910.sp-tab__lay-default > .sp-tab__tab-content .sp-tab__tab-pane ul li a, #sp-wp-tabs-wrapper_910.sp-tab__lay-default .sp-tab__tab-content .sp-tab__tab-pane ol li a {color: #444;}<\/style>\t\t<div id=\"sp-wp-tabs-wrapper_910\" class=\"sp-tab__lay-default\" data-preloader=\"1\" data-activemode=\"tabs-activator-event-click\" data-anchor_linking=\"1\">\n\t\t\t<div class=\"sp-tab__preloader\">\n\t\t<div class=\"sp-tab__spinner\">\n\t\t\t<div class=\"rect1\"><\/div>\n\t\t\t<div class=\"rect2\"><\/div>\n\t\t\t<div class=\"rect3\"><\/div>\n\t\t\t<div class=\"rect4\"><\/div>\n\t\t\t<div class=\"rect5\"><\/div>\n\t\t<\/div>\n\t<\/div>\n\t<ul class=\"sp-tab__nav sp-tab__nav-tabs\" id=\"sp-tab__ul\" role=\"tablist\">\n\t\t\t\t<li class=\"sp-tab__nav-item\" role=\"presentation\">\n\t\t\t\t<span class=\"sp-tab__nav-link sp-tab__active\" data-sptoggle=\"tab\" for=\"#tab-9101\" role=\"tab\" aria-controls=tab-9101 aria-selected=true tabindex=0>\n\t\t\t\t\t<span class=\"tab_title_area\"><H4 class=\"sp-tab__tab_title\">En savoir plus<\/H4><\/span>\n\t\t\t\t<\/span>\n\t\t\t<\/li>\n\t\t\t\t\t\t<li class=\"sp-tab__nav-item\" role=\"presentation\">\n\t\t\t\t<span class=\"sp-tab__nav-link\" data-sptoggle=\"tab\" for=\"#tab-9102\" role=\"tab\" aria-controls=tab-9102 aria-selected=true tabindex=0>\n\t\t\t\t\t<span class=\"tab_title_area\"><H4 class=\"sp-tab__tab_title\">En pratique<\/H4><\/span>\n\t\t\t\t<\/span>\n\t\t\t<\/li>\n\t\t\t<\/ul>\n<div class=\"sp-tab__tab-content\">\n\t\t\t\t<div id=\"tab-9101\" class=\"sp-tab__tab-pane sp-tab__show sp-tab__active\" role=\"tabpanel\">\n\t\t\t\t\t<div class=\"sp-tab-content \"><p><span style=\"font-size: 14pt\"><span style=\"font-size: 18pt\"><strong><span style=\"color: #ff3333\">Comment monter un projet de cin\u00e9-clown:<\/span><\/strong><\/span><\/span><\/p>\n<p>Ce projet doit \u00eatre mont\u00e9 par un organisateur qui d\u00e9cide de programmer une ou plusieurs s\u00e9ances de cin\u00e9ma en direction des jeunes.<\/p>\n<p>NB : L'adh\u00e9sion de la structure \u00e0 une association de cin\u00e9-club permet de projeter tous ces films.<\/p>\n<p><strong>\u2192 2 saisons culturelles d\u00e9j\u00e0 dans la boite...<\/strong>:<\/p>\n<p>Les clownes ont travaill\u00e9 2 saisons culturelles avec un Cin\u00e9-Club du Nord-Finist\u00e8re et Catherine le Flochmoan a \u00e9crit pour chacun des films choisis une sayn\u00e8te qui a \u00e9t\u00e9 r\u00e9p\u00e9t\u00e9e, improvis\u00e9e et jou\u00e9e en public \u00e0 l'occasion de la projection du film.<\/p>\n<p><span style=\"color: #000000\"><strong>Nous avons donc d\u00e9j\u00e0 un \u00ab r\u00e9pertoire\u00a0 pr\u00eat \u00e0 l'emploi \u00bb.... sur les films suivants, mais nous pouvons pr\u00e9parer des sayn\u00e8tes \u00e0 la demande sur un film de votre choix.<\/strong><br \/>\n<\/span><b><\/b><\/p>\n<ul>\n<li style=\"text-align: left\"><span style=\"font-size: medium\"><span style=\"color: #000000\"><b>Le Cheval venu de la mer.<\/b><\/span><span style=\"color: #000000\"> d<\/span>e Mike Newel, 1992, sonore, couleur, 1h30\u00a0\u00a0 \u00a0 \u00a0\u00a0 -\u00a0 <\/span><span style=\"font-size: medium\"><b>Les Temps modernes <\/b>de Charlie Chaplin, 1936, 1h27<br \/>\n<\/span><span style=\"font-size: medium\"><b>- Le renard et l'enfant<\/b> de Luc Jacquet, 2007, 1h32mn\u00a0\u00a0\u00a0\u00a0\u00a0\u00a0\u00a0\u00a0\u00a0\u00a0\u00a0\u00a0\u00a0\u00a0\u00a0\u00a0\u00a0\u00a0\u00a0\u00a0\u00a0\u00a0\u00a0\u00a0\u00a0\u00a0\u00a0\u00a0\u00a0\u00a0\u00a0\u00a0\u00a0\u00a0\u00a0\u00a0\u00a0\u00a0 -\u00a0 <\/span><span style=\"font-size: medium\"><b>Chicken run <\/b><\/span><span style=\"font-size: medium\">de Peter Lord et Nick Park, 2000, 1h24<br \/>\n<\/span><span style=\"font-size: medium\"><b>- Hugo Cabret<\/b><\/span><span style=\"font-size: medium\"> de Martin Scorsese, 2011, 1h67\u00a0\u00a0\u00a0\u00a0\u00a0\u00a0\u00a0\u00a0\u00a0\u00a0\u00a0\u00a0\u00a0\u00a0\u00a0\u00a0\u00a0\u00a0\u00a0\u00a0\u00a0\u00a0\u00a0\u00a0\u00a0\u00a0\u00a0\u00a0\u00a0\u00a0\u00a0\u00a0\u00a0\u00a0\u00a0\u00a0\u00a0\u00a0\u00a0\u00a0\u00a0\u00a0\u00a0\u00a0\u00a0\u00a0\u00a0\u00a0\u00a0\u00a0\u00a0\u00a0\u00a0\u00a0\u00a0 -\u00a0 <\/span><span style=\"font-size: medium\"><b>Mary Poppins<\/b><\/span><span style=\"font-size: medium\"> de Roberet Stevenson, 1964, 2h0<br \/>\n<\/span><span style=\"font-size: medium\"><b>- Malabar princess, de <\/b>Gilles Legrand, 2004, 1h34\u00a0\u00a0\u00a0\u00a0\u00a0\u00a0\u00a0\u00a0\u00a0\u00a0\u00a0\u00a0\u00a0\u00a0\u00a0\u00a0\u00a0\u00a0\u00a0\u00a0\u00a0\u00a0\u00a0\u00a0\u00a0\u00a0\u00a0\u00a0\u00a0\u00a0\u00a0\u00a0\u00a0\u00a0\u00a0\u00a0\u00a0\u00a0\u00a0\u00a0\u00a0\u00a0\u00a0\u00a0 -\u00a0 <\/span><span style=\"font-size: medium\"><b>Bach et bottine,<\/b><\/span><span style=\"font-size: medium\"> de <\/span>Andr\u00e9 M\u00e9lan\u00e7on, 1986, 1h36<br \/>\n<span style=\"font-size: medium\"><b>- Babe le cochon devenu berger,<\/b><\/span><span style=\"font-size: medium\"> de <\/span>Chris Noonan <span style=\"font-size: medium\">, 1995, 1h35\u00a0\u00a0\u00a0\u00a0\u00a0\u00a0\u00a0\u00a0\u00a0\u00a0\u00a0\u00a0\u00a0\u00a0\u00a0\u00a0\u00a0\u00a0\u00a0\u00a0 - <\/span><span style=\"font-size: medium\"><b>Le Mecano de la General<\/b>, de Buster Keaton, 1926, 1h37<strong><br \/>\n<\/strong><\/span><span style=\"font-size: medium\"><b>- La proph\u00e9tie des Grenouilles<\/b><\/span><span style=\"font-size: medium\">, de Jacques-R\u00e9my Girerd, 2003, 1h30\u00a0\u00a0\u00a0\u00a0\u00a0\u00a0\u00a0\u00a0 - <\/span><span style=\"font-size: medium\"><b>E.T. L'extra-terrestre, <\/b><\/span><span style=\"font-size: medium\">de Steven Spielberg<\/span> , 1982, 1h55<\/li>\n<li>Une version avec Cin\u00e9-Concert est possible pour le <b>Le Mecano de la General<\/b>, de Buster Keaton, 1926, 1h37<\/li>\n<\/ul>\n<p><span style=\"font-size: 18pt\"><strong><span style=\"color: #ff3333\"><br \/>\nPour tout renseignement, vous pouvez nous contacter:<\/span><\/strong><\/span><b> <\/b><\/p>\n<ul>\n<li><strong>Constance Devol<\/strong>: 02 98 43 02 06 et diffusion@cooperative109.org<\/li>\n<li><strong>Catherine Le Flochmoan<\/strong>: 06 51 58 85 17 et c.leflochmoan@free.fr<\/li>\n<\/ul>\n<\/div>\n\t\t\t\t<\/div>\n\t\t\t\t\t\t\t\t<div id=\"tab-9102\" class=\"sp-tab__tab-pane \" role=\"tabpanel\">\n\t\t\t\t\t<div class=\"sp-tab-content \"><p align=\"LEFT\"><strong>Aucune technique n'est\u00a0 \u00e0 pr\u00e9voir<\/strong>.<\/p>\n<p align=\"LEFT\">La sayn\u00e8te se d\u00e9roule devant l'\u00e9cran.<br \/>\nLes clowns assurent l'accueil des enfants et de leurs parents.<br \/>\nUne loge ou une simple salle est n\u00e9cessaire pour la pr\u00e9paration des artistes.<\/p>\n<p align=\"LEFT\">NB:<strong> Nous pouvons pr\u00e9parer des sayn\u00e8tes \u00e0 la demande sur un film de votre choix<\/strong> (voir l'onglet <strong>En savoir +<\/strong>)<\/p>\n<p align=\"LEFT\"><img loading=\"lazy\" decoding=\"async\" class=\"aligncenter wp-image-1060 size-medium\" src=\"http:\/\/www.marmouzic.org\/wp-content\/uploads\/2020\/06\/Santec-cineclown-1000-300x225.jpg\" alt=\"\" width=\"300\" height=\"225\" srcset=\"https:\/\/www.marmouzic.org\/wp-content\/uploads\/2020\/06\/Santec-cineclown-1000-300x225.jpg 300w, https:\/\/www.marmouzic.org\/wp-content\/uploads\/2020\/06\/Santec-cineclown-1000-768x576.jpg 768w, https:\/\/www.marmouzic.org\/wp-content\/uploads\/2020\/06\/Santec-cineclown-1000.jpg 1000w\" sizes=\"auto, (max-width: 300px) 100vw, 300px\" \/><\/p>\n<\/div>\n\t\t\t\t<\/div>\n\t\t\t\t<\/div>\n\t\t<\/div>\n\t\t\n","protected":false},"excerpt":{"rendered":"<p>Age en fonction des films &#8211; dur\u00e9e aussi en fonction des films Un cin\u00e9-clown, qu&rsquo;est-ce que c&rsquo;est&nbsp;? C&rsquo;est un cin\u00e9-club qui programme des films pour enfants et qui d\u00e9cide de demander \u00e0 deux clown de faire sur sc\u00e8ne, \u00e0 leur mani\u00e8re, pour les enfants,&nbsp; la pr\u00e9sentation des films. Une belle fa\u00e7on de m\u00ealer cin\u00e9ma et&hellip;&nbsp;<a href=\"https:\/\/www.marmouzic.org\/index.php\/seraphine-et-nana-simone\/\" rel=\"bookmark\">Lire la suite &raquo;<span class=\"screen-reader-text\">S\u00e9raphine et sa complice font leur Cin\u00e9-Clown<\/span><\/a><\/p>\n","protected":false},"author":1,"featured_media":0,"parent":0,"menu_order":0,"comment_status":"closed","ping_status":"closed","template":"","meta":{"neve_meta_sidebar":"right","neve_meta_container":"","neve_meta_enable_content_width":"on","neve_meta_content_width":70,"neve_meta_title_alignment":"","neve_meta_author_avatar":"","neve_post_elements_order":"","neve_meta_disable_header":"","neve_meta_disable_footer":"","neve_meta_disable_title":"","footnotes":""},"class_list":["post-443","page","type-page","status-publish","hentry"],"featured_image_src":null,"featured_image_src_square":null,"_links":{"self":[{"href":"https:\/\/www.marmouzic.org\/index.php\/wp-json\/wp\/v2\/pages\/443","targetHints":{"allow":["GET"]}}],"collection":[{"href":"https:\/\/www.marmouzic.org\/index.php\/wp-json\/wp\/v2\/pages"}],"about":[{"href":"https:\/\/www.marmouzic.org\/index.php\/wp-json\/wp\/v2\/types\/page"}],"author":[{"embeddable":true,"href":"https:\/\/www.marmouzic.org\/index.php\/wp-json\/wp\/v2\/users\/1"}],"replies":[{"embeddable":true,"href":"https:\/\/www.marmouzic.org\/index.php\/wp-json\/wp\/v2\/comments?post=443"}],"version-history":[{"count":8,"href":"https:\/\/www.marmouzic.org\/index.php\/wp-json\/wp\/v2\/pages\/443\/revisions"}],"predecessor-version":[{"id":6194,"href":"https:\/\/www.marmouzic.org\/index.php\/wp-json\/wp\/v2\/pages\/443\/revisions\/6194"}],"wp:attachment":[{"href":"https:\/\/www.marmouzic.org\/index.php\/wp-json\/wp\/v2\/media?parent=443"}],"curies":[{"name":"wp","href":"https:\/\/api.w.org\/{rel}","templated":true}]}}