{"id":524,"date":"2020-04-29T18:06:16","date_gmt":"2020-04-29T16:06:16","guid":{"rendered":"http:\/\/www.marmouzic.org\/wwz\/?page_id=524"},"modified":"2023-03-28T15:40:52","modified_gmt":"2023-03-28T13:40:52","slug":"creations-theatrales","status":"publish","type":"page","link":"https:\/\/www.marmouzic.org\/index.php\/creations-theatrales\/","title":{"rendered":"Cr\u00e9ations th\u00e9\u00e2trales"},"content":{"rendered":"\n<h6 class=\"has-text-align-center wp-block-heading\"><strong>D\u00e9sol\u00e9e, notre site vient d&rsquo;\u00eatre transform\u00e9 et cette page est en cours de fabrication<\/strong><\/h6>\n\n\n\n<h6 class=\"has-text-align-center wp-block-heading\"><strong>Pour en savoir plus contactez nous directement, merci<\/strong><\/h6>\n\n\n\n<p><\/p>\n","protected":false},"excerpt":{"rendered":"","protected":false},"author":1,"featured_media":0,"parent":0,"menu_order":0,"comment_status":"closed","ping_status":"closed","template":"","meta":{"neve_meta_sidebar":"right","neve_meta_container":"","neve_meta_enable_content_width":"on","neve_meta_content_width":70,"neve_meta_title_alignment":"","neve_meta_author_avatar":"","neve_post_elements_order":"","neve_meta_disable_header":"","neve_meta_disable_footer":"","neve_meta_disable_title":"","footnotes":""},"class_list":["post-524","page","type-page","status-publish","hentry"],"featured_image_src":null,"featured_image_src_square":null,"_links":{"self":[{"href":"https:\/\/www.marmouzic.org\/index.php\/wp-json\/wp\/v2\/pages\/524","targetHints":{"allow":["GET"]}}],"collection":[{"href":"https:\/\/www.marmouzic.org\/index.php\/wp-json\/wp\/v2\/pages"}],"about":[{"href":"https:\/\/www.marmouzic.org\/index.php\/wp-json\/wp\/v2\/types\/page"}],"author":[{"embeddable":true,"href":"https:\/\/www.marmouzic.org\/index.php\/wp-json\/wp\/v2\/users\/1"}],"replies":[{"embeddable":true,"href":"https:\/\/www.marmouzic.org\/index.php\/wp-json\/wp\/v2\/comments?post=524"}],"version-history":[{"count":3,"href":"https:\/\/www.marmouzic.org\/index.php\/wp-json\/wp\/v2\/pages\/524\/revisions"}],"predecessor-version":[{"id":1143,"href":"https:\/\/www.marmouzic.org\/index.php\/wp-json\/wp\/v2\/pages\/524\/revisions\/1143"}],"wp:attachment":[{"href":"https:\/\/www.marmouzic.org\/index.php\/wp-json\/wp\/v2\/media?parent=524"}],"curies":[{"name":"wp","href":"https:\/\/api.w.org\/{rel}","templated":true}]}}