{"id":53,"date":"2019-12-15T12:13:15","date_gmt":"2019-12-15T11:13:15","guid":{"rendered":"http:\/\/www.marmouzic.org\/wwz\/?page_id=53"},"modified":"2023-03-28T16:21:10","modified_gmt":"2023-03-28T14:21:10","slug":"tire-la-bobinette-et-le-cinema-muet","status":"publish","type":"page","link":"https:\/\/www.marmouzic.org\/index.php\/tire-la-bobinette-et-le-cinema-muet\/","title":{"rendered":"Tire la Bobinette et le Cin\u00e9ma Muet"},"content":{"rendered":"\n<h4 class=\"wp-block-heading\"> <strong> Un clown, 2 musiciens et six petits films muets de collectionneurs et de toutes nationalit\u00e9s <\/strong><\/h4>\n\n\n\n<p> et une musique de Christofer Bjurstr\u00f6m et de Daniel Palomo-Vinuesa <br><\/p>\n\n\n\n<p>Un spectacle pour enfant de 3 ans \u00e0 11 ans <br>&#8212;&#8212;&#8212;&gt; <em>une version courte pour les tout-petits est disponible<\/em> <br>Dur\u00e9e : 40 minutes<\/p>\n\n\n\n<p><strong>NB:<\/strong><\/p>\n\n\n\n<h6 class=\"wp-block-heading\"> Le spectacle cr\u00e9\u00e9 avec piano\/saxophone, tourne maintenant avec piano\/trompette.<\/h6>\n\n\n\n<p>Pour en voir une pr\u00e9sentation, cliquez sur l&rsquo;image ci-dessous:\n<br><\/p>\n\n\n\n<iframe loading=\"lazy\" src=\"https:\/\/player.vimeo.com\/video\/137606644\" allow=\"autoplay; fullscreen\" allowfullscreen=\"\" width=\"640\" height=\"480\" frameborder=\"0\"><\/iframe>\n\n\n\n<p><a href=\"https:\/\/vimeo.com\/137606644\">Tire la Bobinette et le Cin\u00e9ma muet<\/a> from <a href=\"https:\/\/vimeo.com\/user23578571\">Christofer Bjurstr\u00f6m<\/a> on <a href=\"https:\/\/vimeo.com\">Vimeo<\/a>.\n<br><\/p>\n\n\n\n<h6 class=\"wp-block-heading\"><strong>Le clown Koko, tout droit sorti par\n magie du premier film de ce spectacle, entra\u00eene les enfants dans une \npetite histoire du cin\u00e9ma muet \u00e0 travers six court-m\u00e9trages du d\u00e9but du \n20\u00e8me si\u00e8cle accompagn\u00e9s en direct par deux musiciens. <\/strong><\/h6>\n\n\n\n<style id=\"sp_tab_dynamic_style903\">#sp-wp-tabs-wrapper_903 .sp-tab__nav { justify-content: flex-start; }#sp-wp-tabs-wrapper_903.sp-tab__lay-default.sp-tab__horizontal-bottom {display: flex;flex-direction: column-reverse;}#sp-wp-tabs-wrapper_903.sp-tab__lay-default.sp-tab__horizontal-bottom > ul {border-top: 1px solid #cccccc;border-bottom: 0;margin-top: 0;}#sp-wp-tabs-wrapper_903.sp-tab__lay-default.sp-tab__horizontal-bottom > ul > li .sp-tab__nav-link.sp-tab__active {border-color: transparent #cccccc#cccccc;margin-top: -1px;}#sp-wp-tabs-wrapper_903.sp-tab__lay-default.sp-tab__horizontal-bottom > ul > li .sp-tab__nav-link,#sp-wp-tabs-wrapper_903.sp-tab__lay-default.sp-tab__horizontal-bottom > ul > li a,#sp-wp-tabs-wrapper_903.sp-tab__lay-default.sp-tab__horizontal-bottom > ul > .sp-tab__nav-item {border-top: 0;border-top-left-radius: 0;border-top-right-radius: 0;border-bottom-left-radius: 2px;border-bottom-right-radius: 2px;}#sp-wp-tabs-wrapper_903.sp-tab__lay-default.sp-tab__horizontal-bottom > ul {border-bottom: none;}#sp-wp-tabs-wrapper_903.sp-tab__lay-default.sp-tab__horizontal-bottom .sp-tab__tab-content .sp-tab__tab-pane {border-top: 1px solid #cccccc;border-bottom: 0;}#sp-wp-tabs-wrapper_903.sp-tab__lay-default .sp-tab__tab-content .sp-tab-content > ul,#sp-wp-tabs-wrapper_903.sp-tab__lay-default .sp-tab__tab-content .sp-tab-content > ol {border-bottom: none;}#sp-wp-tabs-wrapper_903 .sp-tab__nav-tabs .sp-tab__nav-item.show .sp-tab__nav-link,#sp-wp-tabs-wrapper_903.sp-tab__lay-default ul li .sp-tab__nav-link.sp-tab__active {border-color: #cccccc#cccccc transparent;}#sp-wp-tabs-wrapper_903 > .sp-tab__nav-tabs .sp-tab__nav-link.sp-tab__active .sp-tab__tab_title,#sp-wp-tabs-wrapper_903.sp-tab__lay-default .sp-tab__nav-link > .sp-tab__card-header {color: #444;}#sp-wp-tabs-wrapper_903.sp-tab__lay-default > ul > li > .sp-tab__nav-link,#sp-wp-tabs-wrapper_903.sp-tab__lay-default > ul > li > a {cursor: pointer;border-color: #cccccc;padding-top: 15px;padding-right: 15px;padding-bottom: 15px;padding-left: 15px;}#sp-wp-tabs-wrapper_903 > .sp-tab__nav-tabs .sp-tab__nav-link {border: 1px solid #cccccc;height: 100%;}#sp-wp-tabs-wrapper_903.sp-tab__lay-default > ul > li .sp-tab__nav-link,#sp-wp-tabs-wrapper_903.sp-tab__lay-default > ul > li a,#sp-wp-tabs-wrapper_903.sp-tab__lay-default > ul > .sp-tab__nav-item {border-top-left-radius: 2px;border-top-right-radius: 2px;}#sp-wp-tabs-wrapper_903 .sp-tab__nav-tabs .sp-tab__nav-item {margin-bottom: -1px; }#sp-wp-tabs-wrapper_903.sp-tab__lay-default > ul .sp-tab__nav-item {margin-right: 10px;}#sp-wp-tabs-wrapper_903.sp-tab__lay-default.sp-tab__horizontal-bottom > ul .sp-tab__nav-item {margin-right: 10px;margin-top: 0;}#sp-wp-tabs-wrapper_903.sp-tab__lay-default > ul .sp-tab__nav-item .sp-tab__nav-link:hover .sp-tab__tab_title,#sp-wp-tabs-wrapper_903.sp-tab__lay-default > ul .sp-tab__nav-item a:hover .sp-tab__tab_title,#sp-wp-tabs-wrapper_903.sp-tab__lay-default .sp-tab__nav-link.collapsed .sp-tab__card-header:hover {color: #444;transition: .3s;}#sp-wp-tabs-wrapper_903.sp-tab__lay-default > ul .sp-tab__nav-item,#sp-wp-tabs-wrapper_903.sp-tab__lay-default .sp-tab__nav-link.collapsed > .sp-tab__card-header {background-color: #ddb77e;transition: 0.3s;}#sp-wp-tabs-wrapper_903 > .sp-tab__nav-tabs > .sp-tab__nav-item.show .sp-tab__nav-link,#sp-wp-tabs-wrapper_903 > .sp-tab__nav-tabs > .sp-tab__nav-item .sp-tab__nav-link.sp-tab__active,#sp-wp-tabs-wrapper_903.sp-tab__lay-default .sp-tab__nav-link > .sp-tab__card-header {background-color: #dd9933;}#sp-tabs-wrapper_903.sp-tab__lay-default > ul .sp-tab__nav-item .sp-tab__nav-link:not(.sp-tab__active):hover,#sp-tabs-wrapper_903.sp-tab__lay-default .sp-tab__tab-content > .sp-tab__tab-pane .sp-tab__card-header:hover {background-color: #dd3333;}#sp-wp-tabs-wrapper_903.sp-tab__lay-default > ul .sp-tab__nav-item:not(.sp-tab__active):hover,#sp-wp-tabs-wrapper_903.sp-tab__lay-default .sp-tab__nav-link.collapsed > .sp-tab__card-header:hover {background-color: #dd3333;}#sp-wp-tabs-wrapper_903.sp-tab__lay-default > ul .sp-tab__nav-item:last-child {margin-right: 0;}#sp-wp-tabs-wrapper_903.sp-tab__lay-default > .sp-tab__tab-content .sp-tab__tab-pane {border: 1px solid #cccccc;padding-top: 20px;padding-right: 20px;padding-bottom: 20px;padding-left: 20px;background-color: #dd9933;}#sp-wp-tabs-wrapper_903.sp-tab__lay-default > ul {border-bottom: 1px solid #cccccc;}#sp-wp-tabs-wrapper_903.sp-tab__lay-default > .sp-tab__tab-content .sp-tab__tab-pane {border-top: 0px;}@media(max-width:480px) {#sp-wp-tabs-wrapper_903.sp-tab__lay-default > ul li.sp-tab__nav-item {width: 100%;margin-right: 0px;}#sp-wp-tabs-wrapper_903.sp-tab__lay-default > ul li.sp-tab__nav-item:last-child {margin-bottom: -1px;}}#sp-wp-tabs-wrapper_903.sp-tab__lay-default > ul .sp-tab__nav-item .sp-tab__tab_title,#sp-wp-tabs-wrapper_903.sp-tab__lay-default span > .sp-tab__card-header {font-weight: 600;font-style: normal;font-size: px;line-height: px;letter-spacing: px;color: #444;margin: 0px;}#sp-wp-tabs-wrapper_903.sp-tab__lay-default > .sp-tab__tab-content .sp-tab__tab-pane,#sp-wp-tabs-wrapper_903.sp-tab__lay-default > .sp-tab__tab-content .sp-tab__tab-pane p {font-weight: 400;font-style: normal;font-size: px;line-height: px;letter-spacing: px;color: #444;}#sp-wp-tabs-wrapper_903.sp-tab__lay-default > .sp-tab__tab-content .sp-tab__tab-pane ul li a, #sp-wp-tabs-wrapper_903.sp-tab__lay-default .sp-tab__tab-content .sp-tab__tab-pane ol li a {color: #444;}<\/style>\t\t<div id=\"sp-wp-tabs-wrapper_903\" class=\"sp-tab__lay-default\" data-preloader=\"1\" data-activemode=\"tabs-activator-event-click\" data-anchor_linking=\"1\">\n\t\t\t<div class=\"sp-tab__preloader\">\n\t\t<div class=\"sp-tab__spinner\">\n\t\t\t<div class=\"rect1\"><\/div>\n\t\t\t<div class=\"rect2\"><\/div>\n\t\t\t<div class=\"rect3\"><\/div>\n\t\t\t<div class=\"rect4\"><\/div>\n\t\t\t<div class=\"rect5\"><\/div>\n\t\t<\/div>\n\t<\/div>\n\t<ul class=\"sp-tab__nav sp-tab__nav-tabs\" id=\"sp-tab__ul\" role=\"tablist\">\n\t\t\t\t<li class=\"sp-tab__nav-item\" role=\"presentation\">\n\t\t\t\t<span class=\"sp-tab__nav-link sp-tab__active\" data-sptoggle=\"tab\" for=\"#tab-9031\" role=\"tab\" aria-controls=tab-9031 aria-selected=true tabindex=0>\n\t\t\t\t\t<span class=\"tab_title_area\"><H4 class=\"sp-tab__tab_title\">En savoir plus<\/H4><\/span>\n\t\t\t\t<\/span>\n\t\t\t<\/li>\n\t\t\t\t\t\t<li class=\"sp-tab__nav-item\" role=\"presentation\">\n\t\t\t\t<span class=\"sp-tab__nav-link\" data-sptoggle=\"tab\" for=\"#tab-9032\" role=\"tab\" aria-controls=tab-9032 aria-selected=true tabindex=0>\n\t\t\t\t\t<span class=\"tab_title_area\"><H4 class=\"sp-tab__tab_title\">En pratique<\/H4><\/span>\n\t\t\t\t<\/span>\n\t\t\t<\/li>\n\t\t\t\t\t\t<li class=\"sp-tab__nav-item\" role=\"presentation\">\n\t\t\t\t<span class=\"sp-tab__nav-link\" data-sptoggle=\"tab\" for=\"#tab-9033\" role=\"tab\" aria-controls=tab-9033 aria-selected=true tabindex=0>\n\t\t\t\t\t<span class=\"tab_title_area\"><H4 class=\"sp-tab__tab_title\">Les Films<\/H4><\/span>\n\t\t\t\t<\/span>\n\t\t\t<\/li>\n\t\t\t\t\t\t<li class=\"sp-tab__nav-item\" role=\"presentation\">\n\t\t\t\t<span class=\"sp-tab__nav-link\" data-sptoggle=\"tab\" for=\"#tab-9034\" role=\"tab\" aria-controls=tab-9034 aria-selected=true tabindex=0>\n\t\t\t\t\t<span class=\"tab_title_area\"><H4 class=\"sp-tab__tab_title\">Documents p\u00e9dagogiques<\/H4><\/span>\n\t\t\t\t<\/span>\n\t\t\t<\/li>\n\t\t\t<\/ul>\n<div class=\"sp-tab__tab-content\">\n\t\t\t\t<div id=\"tab-9031\" class=\"sp-tab__tab-pane sp-tab__show sp-tab__active\" role=\"tabpanel\">\n\t\t\t\t\t<div class=\"sp-tab-content \"><p>.... en cours .....<\/p>\n<\/div>\n\t\t\t\t<\/div>\n\t\t\t\t\t\t\t\t<div id=\"tab-9032\" class=\"sp-tab__tab-pane \" role=\"tabpanel\">\n\t\t\t\t\t<div class=\"sp-tab-content \"><p>Films disponibles en 16mm ou en video.<\/p>\n<p>Nous pouvons fournir tout ou partie du mat\u00e9riel<\/p>\n<\/div>\n\t\t\t\t<\/div>\n\t\t\t\t\t\t\t\t<div id=\"tab-9033\" class=\"sp-tab__tab-pane \" role=\"tabpanel\">\n\t\t\t\t\t<div class=\"sp-tab-content \"><ul>\n<li>KOKO le clown au pays des cartoons (<em>USA 1925<\/em>)<\/li>\n<li>Le Sorcier Arabe (<em>Espagne 1906<\/em>)<\/li>\n<li>Le cauchemar de l'amateur de fondue au Chester (<em>USA,1906<\/em>)<\/li>\n<li>The Noon Whistle (La sonnerie de midi) (<em>USA, 1923<\/em>), avec Stan Laurel<\/li>\n<li>\u00a0Le Gendarme et le Voleur (<em>France, fin du XIX\u00e8me si\u00e8cle<\/em>)<\/li>\n<li>Madame Cent Kilos a chaud (<em>Italie 1910<\/em>)<\/li>\n<\/ul>\n<\/div>\n\t\t\t\t<\/div>\n\t\t\t\t\t\t\t\t<div id=\"tab-9034\" class=\"sp-tab__tab-pane \" role=\"tabpanel\">\n\t\t\t\t\t<div class=\"sp-tab-content \"><p><a href=\"https:\/\/www.marmouzic.org\/wwz\/wp-content\/uploads\/2020\/04\/ActionsculturellesTLBjuillet2016.pdf\">Actions culturelles<\/a><\/p>\n<\/div>\n\t\t\t\t<\/div>\n\t\t\t\t<\/div>\n\t\t<\/div>\n\t\t\n\n\n<div\n\t\t\t\n\t\t\tclass=\"so-widget-sow-button so-widget-sow-button-wire-af96705daa24\"\n\t\t\t\n\t\t><div class=\"ow-button-base ow-button-align-center\"\n>\n\t\t\t<a\n\t\t\t\t\thref=\"https:\/\/www.marmouzic.org\/index.php\/tire-la-bobinette-et-le-cinema-muet\/\"\n\t\t\t\t\tclass=\"sowb-button ow-icon-placement-top ow-button-hover\" \t>\n\t\t<span>\n\t\t\t<span class=\"sow-icon-ionicons\" data-sow-icon=\"&#xf398;\"\n\t\tstyle=\"color: #000000\" \n\t\taria-hidden=\"true\"><\/span>\n\t\t\tHaut de page\t\t<\/span>\n\t\t\t<\/a>\n\t<\/div>\n<\/div>","protected":false},"excerpt":{"rendered":"<p>Un clown, 2 musiciens et six petits films muets de collectionneurs et de toutes nationalit\u00e9s et une musique de Christofer Bjurstr\u00f6m et de Daniel Palomo-Vinuesa Un spectacle pour enfant de 3 ans \u00e0 11 ans &#8212;&#8212;&#8212;&gt; une version courte pour les tout-petits est disponible Dur\u00e9e : 40 minutes NB: Le spectacle cr\u00e9\u00e9 avec piano\/saxophone, tourne&hellip;&nbsp;<a href=\"https:\/\/www.marmouzic.org\/index.php\/tire-la-bobinette-et-le-cinema-muet\/\" rel=\"bookmark\">Lire la suite &raquo;<span class=\"screen-reader-text\">Tire la Bobinette et le Cin\u00e9ma Muet<\/span><\/a><\/p>\n","protected":false},"author":1,"featured_media":1796,"parent":0,"menu_order":0,"comment_status":"closed","ping_status":"closed","template":"","meta":{"neve_meta_sidebar":"right","neve_meta_container":"","neve_meta_enable_content_width":"on","neve_meta_content_width":70,"neve_meta_title_alignment":"","neve_meta_author_avatar":"","neve_post_elements_order":"","neve_meta_disable_header":"","neve_meta_disable_footer":"","neve_meta_disable_title":"","footnotes":""},"class_list":["post-53","page","type-page","status-publish","has-post-thumbnail","hentry"],"featured_image_src":"https:\/\/www.marmouzic.org\/wp-content\/uploads\/2020\/11\/bandeau-fabrique-1.jpg","featured_image_src_square":"https:\/\/www.marmouzic.org\/wp-content\/uploads\/2020\/11\/bandeau-fabrique-1.jpg","_links":{"self":[{"href":"https:\/\/www.marmouzic.org\/index.php\/wp-json\/wp\/v2\/pages\/53","targetHints":{"allow":["GET"]}}],"collection":[{"href":"https:\/\/www.marmouzic.org\/index.php\/wp-json\/wp\/v2\/pages"}],"about":[{"href":"https:\/\/www.marmouzic.org\/index.php\/wp-json\/wp\/v2\/types\/page"}],"author":[{"embeddable":true,"href":"https:\/\/www.marmouzic.org\/index.php\/wp-json\/wp\/v2\/users\/1"}],"replies":[{"embeddable":true,"href":"https:\/\/www.marmouzic.org\/index.php\/wp-json\/wp\/v2\/comments?post=53"}],"version-history":[{"count":8,"href":"https:\/\/www.marmouzic.org\/index.php\/wp-json\/wp\/v2\/pages\/53\/revisions"}],"predecessor-version":[{"id":6176,"href":"https:\/\/www.marmouzic.org\/index.php\/wp-json\/wp\/v2\/pages\/53\/revisions\/6176"}],"wp:featuredmedia":[{"embeddable":true,"href":"https:\/\/www.marmouzic.org\/index.php\/wp-json\/wp\/v2\/media\/1796"}],"wp:attachment":[{"href":"https:\/\/www.marmouzic.org\/index.php\/wp-json\/wp\/v2\/media?parent=53"}],"curies":[{"name":"wp","href":"https:\/\/api.w.org\/{rel}","templated":true}]}}