{"id":57,"date":"2019-12-15T12:16:23","date_gmt":"2019-12-15T11:16:23","guid":{"rendered":"http:\/\/www.marmouzic.org\/wwz\/?page_id=57"},"modified":"2023-03-28T16:04:52","modified_gmt":"2023-03-28T14:04:52","slug":"contes-inuit-pour-tout-petits","status":"publish","type":"page","link":"https:\/\/www.marmouzic.org\/index.php\/contes-inuit-pour-tout-petits\/","title":{"rendered":"Contes Inuit pour Tout-Petits"},"content":{"rendered":"\n<p class=\"has-text-align-center\" style=\"font-size:19px;line-height:1.3\"><mark style=\"background-color:rgba(0, 0, 0, 0);color:#25610d\" class=\"has-inline-color\"><strong><br><\/strong><\/mark><mark style=\"background-color:rgba(0, 0, 0, 0)\" class=\"has-inline-color has-neve-text-color-color\"><strong>La conteuse et chanteuse, Catherine Le Flochmoan entra\u00eene <\/strong><br><strong>les  tout-petits au pays des inuit,<\/strong> <strong>avec <\/strong><br><strong>3 histoires traditionnelles  <\/strong><br><strong>accompagn\u00e9es de chansons inspir\u00e9es de l&rsquo;univers du Grand Nord<\/strong><\/mark><\/p>\n\n\n\n<p>. <strong><span style=\"color:#a31809\" class=\"has-inline-color\">\u00e0 partir de 3 ans<\/span><\/strong> (<em>une version courte pour cr\u00e8che existe aussi voir ci-dessous)<\/em><br>. <strong>dur\u00e9e: 30mn<\/strong><\/p>\n\n\n\n<p class=\"has-text-align-center has-normal-font-size\" style=\"line-height:1\"><strong><span style=\"color:#b41724\" class=\"has-inline-color\">Un spectacle entre contes et chansons traditionnelles    <\/span><\/strong><\/p>\n\n\n\n<hr class=\"wp-block-separator has-css-opacity is-style-wide\"\/>\n\n\n\n<h6 class=\"wp-block-heading\">           <span class=\"has-inline-color has-nv-dark-bg-color\"><strong>Dans le Grand Nord arctique, il sera question de la cr\u00e9ation du jour  et de la nuit par un corbeau et un renard. <\/strong><\/span><br>           <span class=\"has-inline-color has-nv-dark-bg-color\"><strong>Nous apprendrons l&rsquo;histoire  de ce petit gar\u00e7on, dont tout le monde se moquait, et qui est devenu un  grand chasseur gr\u00e2ce \u00e0 la complicit\u00e9 d&rsquo;un ours polaire. <\/strong><\/span><br>           <span class=\"has-inline-color has-nv-dark-bg-color\"><strong>Enfin, le myst\u00e8re du plumage  tout noir du corbeau sera r\u00e9solu&#8230;. <\/strong><br><\/span><\/h6>\n\n\n\n<hr class=\"wp-block-separator has-css-opacity is-style-wide\"\/>\n\n\n\n<p class=\"has-text-align-center has-normal-font-size\"><mark style=\"background-color:rgba(0, 0, 0, 0);color:#b41724\" class=\"has-inline-color\"><em><strong>Catherine chante et fait chanter les enfants. <\/strong><\/em><\/mark><br><mark style=\"background-color:rgba(0, 0, 0, 0);color:#b41724\" class=\"has-inline-color\"><em><strong>Dans sa cont\u00e9e, elle utilise des accessoires <\/strong><\/em><em><strong>et notamment une robe traditionnelle inuit et des images <\/strong><\/em><\/mark><\/p>\n\n\n\n<div class=\"wp-block-columns is-layout-flex wp-container-core-columns-is-layout-9d6595d7 wp-block-columns-is-layout-flex\">\n<div class=\"wp-block-column is-layout-flow wp-block-column-is-layout-flow\"><div class=\"wp-block-image\">\n<figure class=\"alignright size-large is-resized\"><img loading=\"lazy\" decoding=\"async\" src=\"https:\/\/www.marmouzic.org\/wp-content\/uploads\/2021\/01\/2-Creche-1-petite-1.jpg\" alt=\"\" class=\"wp-image-2198\" width=\"356\" height=\"291\"\/><figcaption class=\"wp-element-caption\">                               Avec les tout petits, en cr\u00e8che<\/figcaption><\/figure>\n<\/div>\n\n\n<p><\/p>\n<\/div>\n\n\n\n<div class=\"wp-block-column is-layout-flow wp-block-column-is-layout-flow\"><div class=\"wp-block-image\">\n<figure class=\"alignleft size-large is-resized\"><img loading=\"lazy\" decoding=\"async\" src=\"https:\/\/www.marmouzic.org\/wp-content\/uploads\/2021\/01\/4-ecole-2-bis-petite-recadree.jpg\" alt=\"\" class=\"wp-image-2202\" width=\"325\" height=\"299\" srcset=\"https:\/\/www.marmouzic.org\/wp-content\/uploads\/2021\/01\/4-ecole-2-bis-petite-recadree.jpg 428w, https:\/\/www.marmouzic.org\/wp-content\/uploads\/2021\/01\/4-ecole-2-bis-petite-recadree-300x275.jpg 300w\" sizes=\"auto, (max-width: 325px) 100vw, 325px\" \/><figcaption class=\"wp-element-caption\">En \u00e9cole maternelle<\/figcaption><\/figure>\n<\/div>\n\n\n<p><\/p>\n<\/div>\n<\/div>\n\n\n\n<div class=\"wp-block-media-text alignwide is-stacked-on-mobile\" style=\"grid-template-columns:45% auto\"><figure class=\"wp-block-media-text__media\"><img loading=\"lazy\" decoding=\"async\" width=\"1024\" height=\"1024\" src=\"https:\/\/www.marmouzic.org\/wp-content\/uploads\/2020\/11\/chouette-et-corbeau-1024x1024.jpg\" alt=\"\" class=\"wp-image-1886 size-full\" srcset=\"https:\/\/www.marmouzic.org\/wp-content\/uploads\/2020\/11\/chouette-et-corbeau-1024x1024.jpg 1024w, https:\/\/www.marmouzic.org\/wp-content\/uploads\/2020\/11\/chouette-et-corbeau-300x300.jpg 300w, https:\/\/www.marmouzic.org\/wp-content\/uploads\/2020\/11\/chouette-et-corbeau-150x150.jpg 150w, https:\/\/www.marmouzic.org\/wp-content\/uploads\/2020\/11\/chouette-et-corbeau-768x768.jpg 768w, https:\/\/www.marmouzic.org\/wp-content\/uploads\/2020\/11\/chouette-et-corbeau-600x600.jpg 600w, https:\/\/www.marmouzic.org\/wp-content\/uploads\/2020\/11\/chouette-et-corbeau.jpg 1235w\" sizes=\"auto, (max-width: 1024px) 100vw, 1024px\" \/><\/figure><div class=\"wp-block-media-text__content\">\n<h5 class=\"has-text-align-center wp-block-heading\"><mark style=\"background-color:rgba(0, 0, 0, 0);color:#25610d\" class=\"has-inline-color\"><strong>\u00ab\u00a0Comment le corbeau est devenu<\/strong><\/mark><mark style=\"background-color:rgba(0, 0, 0, 0);color:#25610d\" class=\"has-inline-color\"><strong> tout noir<\/strong>\u00ab\u00a0<\/mark><\/h5>\n\n\n\n<p class=\"has-small-font-size\"><strong>Il y a bien longtemps, les corbeaux \u00e9taient blancs, blancs comme la neige mais un jour, Tulugaq, le corbeau, et Ukpik, la chouette Harfang des neiges, ont d\u00e9cid\u00e9 de jouer \u00e0 se peindre le plumage avec la suie noire du feu&#8230;.<\/strong><\/p>\n<\/div><\/div>\n\n\n\n<div class=\"wp-block-media-text alignwide has-media-on-the-right is-stacked-on-mobile\" style=\"grid-template-columns:auto 40%\"><div class=\"wp-block-media-text__content\">\n<h5 class=\"has-text-align-center wp-block-heading\"><strong><span style=\"color:#25610d\" class=\"has-inline-color\">\u00ab\u00a0La naissance du jour et de la nuit\u00a0\u00bb<\/span><\/strong><\/h5>\n\n\n\n<p class=\"has-small-font-size\"><strong>Il y a bien longtemps, la terre \u00e9tait plong\u00e9e dans l&rsquo;obscurit\u00e9 totale, jour et nuit. <\/strong><br><strong>Le renard \u00e9tait tr\u00e8s content, lui qui chasse la nuit et il chantait \u00e0 tue-t\u00eate \u00ab\u00a0Tartuk\u00a0\u00bb qui veut dire la nuit en langue inuit. Le corbeau, lui, \u00e9tait furieux car la nuit, il ne voit rien; alors lui aussi, il chantait; il chantait Quaumat qui veut dire Lumi\u00e8re mais son chant \u00e9tait un chant de col\u00e8re&#8230;<\/strong><br><strong>Or  un jour, les mots Quaumat et Taartuk, sont devenus des mots magiques et le renard et le corbeau ont invent\u00e9 le jour et la nuit&#8230;<\/strong><\/p>\n<\/div><figure class=\"wp-block-media-text__media\"><img loading=\"lazy\" decoding=\"async\" width=\"700\" height=\"642\" src=\"https:\/\/www.marmouzic.org\/wp-content\/uploads\/2020\/11\/jour-et-nuit-1.jpg\" alt=\"\" class=\"wp-image-1894 size-full\" srcset=\"https:\/\/www.marmouzic.org\/wp-content\/uploads\/2020\/11\/jour-et-nuit-1.jpg 700w, https:\/\/www.marmouzic.org\/wp-content\/uploads\/2020\/11\/jour-et-nuit-1-300x275.jpg 300w\" sizes=\"auto, (max-width: 700px) 100vw, 700px\" \/><\/figure><\/div>\n\n\n\n<div class=\"wp-block-media-text alignwide is-stacked-on-mobile\" style=\"grid-template-columns:40% auto\"><figure class=\"wp-block-media-text__media\"><img loading=\"lazy\" decoding=\"async\" width=\"1024\" height=\"957\" src=\"https:\/\/www.marmouzic.org\/wp-content\/uploads\/2020\/11\/itak-et-le-grand-ours-1024x957.jpg\" alt=\"\" class=\"wp-image-1888 size-full\" srcset=\"https:\/\/www.marmouzic.org\/wp-content\/uploads\/2020\/11\/itak-et-le-grand-ours-1024x957.jpg 1024w, https:\/\/www.marmouzic.org\/wp-content\/uploads\/2020\/11\/itak-et-le-grand-ours-300x280.jpg 300w, https:\/\/www.marmouzic.org\/wp-content\/uploads\/2020\/11\/itak-et-le-grand-ours-768x718.jpg 768w, https:\/\/www.marmouzic.org\/wp-content\/uploads\/2020\/11\/itak-et-le-grand-ours.jpg 1354w\" sizes=\"auto, (max-width: 1024px) 100vw, 1024px\" \/><\/figure><div class=\"wp-block-media-text__content\">\n<h5 class=\"has-text-align-center wp-block-heading\"><strong><span style=\"color:#25610d\" class=\"has-inline-color\">\u00ab\u00a0Itak et le grand ours\u00a0\u00bb<\/span><\/strong><\/h5>\n\n\n\n<p class=\"has-small-font-size\"><strong>Itak est un tout-petit gar\u00e7on, si petit que tout le monde se moque de lui&#8230; Il r\u00eave de devenir un grand chasseur comme l&rsquo;\u00e9tait son p\u00e8re, disparu dans une temp\u00eate de neige, mais le temps passe et Itak reste tout petit&#8230;<\/strong><br><strong>Un jour le Grand Ours blanc lui apprendra \u00e0 devenir un Grand Chasseur tr\u00e8s respect\u00e9 et dont plus personne ne se moquera&#8230;<\/strong><\/p>\n<\/div><\/div>\n\n\n<div\n\t\t\t\n\t\t\tclass=\"so-widget-sow-button so-widget-sow-button-wire-c125f315acd5\"\n\t\t\t\n\t\t><div class=\"ow-button-base ow-button-align-center\"\n>\n\t\t\t<a\n\t\t\t\t\thref=\"https:\/\/www.marmouzic.org\/index.php\/contes-inuit-pour-tout-petits\/\"\n\t\t\t\t\tclass=\"sowb-button ow-icon-placement-top ow-button-hover\" \t>\n\t\t<span>\n\t\t\t<span class=\"sow-icon-ionicons\" data-sow-icon=\"&#xf398;\"\n\t\tstyle=\"color: #000000\" \n\t\taria-hidden=\"true\"><\/span>\n\t\t\tHaut de page\t\t<\/span>\n\t\t\t<\/a>\n\t<\/div>\n<\/div>\n\n\n<p><\/p>\n","protected":false},"excerpt":{"rendered":"<p>La conteuse et chanteuse, Catherine Le Flochmoan entra\u00eene les tout-petits au pays des inuit, avec 3 histoires traditionnelles accompagn\u00e9es de chansons inspir\u00e9es de l&rsquo;univers du Grand Nord . \u00e0 partir de 3 ans (une version courte pour cr\u00e8che existe aussi voir ci-dessous). dur\u00e9e: 30mn Un spectacle entre contes et chansons traditionnelles Dans le Grand Nord&hellip;&nbsp;<a href=\"https:\/\/www.marmouzic.org\/index.php\/contes-inuit-pour-tout-petits\/\" rel=\"bookmark\">Lire la suite &raquo;<span class=\"screen-reader-text\">Contes Inuit pour Tout-Petits<\/span><\/a><\/p>\n","protected":false},"author":1,"featured_media":1879,"parent":0,"menu_order":0,"comment_status":"closed","ping_status":"closed","template":"","meta":{"neve_meta_sidebar":"right","neve_meta_container":"","neve_meta_enable_content_width":"on","neve_meta_content_width":70,"neve_meta_title_alignment":"center","neve_meta_author_avatar":"","neve_post_elements_order":"","neve_meta_disable_header":"off","neve_meta_disable_footer":"","neve_meta_disable_title":"off","footnotes":""},"class_list":["post-57","page","type-page","status-publish","has-post-thumbnail","hentry"],"featured_image_src":"https:\/\/www.marmouzic.org\/wp-content\/uploads\/2020\/11\/bandeau-chouette.jpg","featured_image_src_square":"https:\/\/www.marmouzic.org\/wp-content\/uploads\/2020\/11\/bandeau-chouette.jpg","_links":{"self":[{"href":"https:\/\/www.marmouzic.org\/index.php\/wp-json\/wp\/v2\/pages\/57","targetHints":{"allow":["GET"]}}],"collection":[{"href":"https:\/\/www.marmouzic.org\/index.php\/wp-json\/wp\/v2\/pages"}],"about":[{"href":"https:\/\/www.marmouzic.org\/index.php\/wp-json\/wp\/v2\/types\/page"}],"author":[{"embeddable":true,"href":"https:\/\/www.marmouzic.org\/index.php\/wp-json\/wp\/v2\/users\/1"}],"replies":[{"embeddable":true,"href":"https:\/\/www.marmouzic.org\/index.php\/wp-json\/wp\/v2\/comments?post=57"}],"version-history":[{"count":42,"href":"https:\/\/www.marmouzic.org\/index.php\/wp-json\/wp\/v2\/pages\/57\/revisions"}],"predecessor-version":[{"id":6171,"href":"https:\/\/www.marmouzic.org\/index.php\/wp-json\/wp\/v2\/pages\/57\/revisions\/6171"}],"wp:featuredmedia":[{"embeddable":true,"href":"https:\/\/www.marmouzic.org\/index.php\/wp-json\/wp\/v2\/media\/1879"}],"wp:attachment":[{"href":"https:\/\/www.marmouzic.org\/index.php\/wp-json\/wp\/v2\/media?parent=57"}],"curies":[{"name":"wp","href":"https:\/\/api.w.org\/{rel}","templated":true}]}}