{"id":619,"date":"2020-05-08T18:39:17","date_gmt":"2020-05-08T16:39:17","guid":{"rendered":"http:\/\/www.marmouzic.org\/wwz\/?page_id=619"},"modified":"2021-04-14T21:07:44","modified_gmt":"2021-04-14T19:07:44","slug":"petit-cabaret-hanock-levin","status":"publish","type":"page","link":"https:\/\/www.marmouzic.org\/index.php\/petit-cabaret-hanock-levin\/","title":{"rendered":"Petit cabaret Hanock Levin"},"content":{"rendered":"\n<h6 class=\"has-text-align-center wp-block-heading\"><strong>D\u00e9sol\u00e9e, notre site vient d&rsquo;\u00eatre transform\u00e9 et cette page est en cours de fabrication<\/strong><\/h6>\n\n\n\n<h6 class=\"has-text-align-center wp-block-heading\"><strong>Pour en savoir plus contactez nous directement, merci<\/strong><\/h6>\n\n\n\n<p><\/p>\n\n\n\n<p><strong>Contact Diffusion: <\/strong>Coop\u00e9rative Artistique 109\/ Compagnie Marmouzic<br>Mail: <a rel=\"noreferrer noopener\" href=\"mailto:diffusion@cooperative109.fr\" target=\"_blank\">diffusion@cooperative109.fr<\/a><strong><br>T\u00e9l: 02 98 43 02 06 et 06 51 58 85 17<\/strong><\/p>\n","protected":false},"excerpt":{"rendered":"<p>Contact Diffusion: Coop\u00e9rative Artistique 109\/ Compagnie MarmouzicMail: diffusion@cooperative109.frT\u00e9l: 02 98 43 02 06 et 06 51 58 85 17<\/p>\n","protected":false},"author":1,"featured_media":0,"parent":0,"menu_order":0,"comment_status":"closed","ping_status":"closed","template":"","meta":{"neve_meta_sidebar":"right","neve_meta_container":"contained","neve_meta_enable_content_width":"on","neve_meta_content_width":80,"neve_meta_title_alignment":"","neve_meta_author_avatar":"","neve_post_elements_order":"","neve_meta_disable_header":"","neve_meta_disable_footer":"","neve_meta_disable_title":"","footnotes":""},"class_list":["post-619","page","type-page","status-publish","hentry"],"featured_image_src":null,"featured_image_src_square":null,"_links":{"self":[{"href":"https:\/\/www.marmouzic.org\/index.php\/wp-json\/wp\/v2\/pages\/619","targetHints":{"allow":["GET"]}}],"collection":[{"href":"https:\/\/www.marmouzic.org\/index.php\/wp-json\/wp\/v2\/pages"}],"about":[{"href":"https:\/\/www.marmouzic.org\/index.php\/wp-json\/wp\/v2\/types\/page"}],"author":[{"embeddable":true,"href":"https:\/\/www.marmouzic.org\/index.php\/wp-json\/wp\/v2\/users\/1"}],"replies":[{"embeddable":true,"href":"https:\/\/www.marmouzic.org\/index.php\/wp-json\/wp\/v2\/comments?post=619"}],"version-history":[{"count":5,"href":"https:\/\/www.marmouzic.org\/index.php\/wp-json\/wp\/v2\/pages\/619\/revisions"}],"predecessor-version":[{"id":2407,"href":"https:\/\/www.marmouzic.org\/index.php\/wp-json\/wp\/v2\/pages\/619\/revisions\/2407"}],"wp:attachment":[{"href":"https:\/\/www.marmouzic.org\/index.php\/wp-json\/wp\/v2\/media?parent=619"}],"curies":[{"name":"wp","href":"https:\/\/api.w.org\/{rel}","templated":true}]}}