{"id":63,"date":"2019-12-15T12:20:55","date_gmt":"2019-12-15T11:20:55","guid":{"rendered":"http:\/\/www.marmouzic.org\/wwz\/?page_id=63"},"modified":"2020-12-19T15:25:53","modified_gmt":"2020-12-19T14:25:53","slug":"les-cine-concerts-pour-enfants-de-christofer-bjurstrom","status":"publish","type":"page","link":"https:\/\/www.marmouzic.org\/index.php\/les-cine-concerts-pour-enfants-de-christofer-bjurstrom\/","title":{"rendered":"Les Cin\u00e9-Concerts Jeune Public de Christofer Bjurstr\u00f6m"},"content":{"rendered":"\n<p>Christofer Bjurstr\u00f6m a compos\u00e9 la musique de plusieurs cin\u00e9-concerts, pour tout public, dont certains conviennent parfaitement au jeune public.<\/p>\n\n\n\n<p>Ci-dessous une liste de suggestions:<\/p>\n\n\n\n<h4 class=\"wp-block-heading\">1) Les Cin\u00e9-Concerts qui peuvent convenir aux tout-petits:<\/h4>\n\n\n\n<h5 class=\"wp-block-heading\"><strong><a href=\"https:\/\/www.cbjurstrom.eu\/index.php\/cine-concert-autour-du-conte\/\" target=\"_blank\" rel=\"noreferrer noopener\">Cin\u00e9-Concert\u00a0\u00bbAutour du conte\u00a0\u00bb<\/a><\/strong><\/h5>\n\n\n\n<p class=\"has-small-font-size\"><strong>2 magnifiques films en ombres chinoises de Lotte Reiniger et la  version malicieuse du petit chaperon rouge de Walter Lantz (le cr\u00e9ateur  de Woodywoodpecker) <br><\/strong>1 musicien &#8211; une conteuse \/d\u00e8s 2 ans<\/p>\n\n\n\n<h5 class=\"wp-block-heading\"><strong><a href=\"https:\/\/www.cbjurstrom.eu\/index.php\/cine-concert-inuit-pour-petites-chouettes\/\" target=\"_blank\" rel=\"noreferrer noopener\">Cin\u00e9-Concert Inuit pour Petites Chouettes<\/a><\/strong><\/h5>\n\n\n\n<p class=\"has-small-font-size\"><strong>Un musicien, une conteuse-chanteuse et trois petits films inuit pour un voyage ludique et souriant&#8230;.  <br><\/strong>1 musicien &#8211; une chanteuse\/com\u00e9dienne\/d\u00e8s 2 ans<\/p>\n\n\n\n<h4 class=\"wp-block-heading\"> 2) Les Cin\u00e9-Concerts pour tous en fonction de l&rsquo;\u00e2ge<\/h4>\n\n\n\n<h5 class=\"wp-block-heading\"><strong><a href=\"https:\/\/www.cbjurstrom.eu\/index.php\/les-aventures-du-prince-ahmed-lotte-reiniger\/\" target=\"_blank\" rel=\"noreferrer noopener\">Cin\u00e9-Concert Les Aventures du Prince Ahmed<\/a><\/strong><\/h5>\n\n\n\n<p class=\"has-small-font-size\"><strong>  de LOTTE REINIGER (1920)\n<br>les mille et une nuits en ombres chinoises et en couleurs , un merveilleux film&nbsp;!\n<br><\/strong>2 musiciens \u2013 1 com\u00e9dienne \/ d\u00e8s 4 ans<\/p>\n\n\n\n<h5 class=\"wp-block-heading\"><strong><a href=\"https:\/\/www.cbjurstrom.eu\/index.php\/cote-courts\/\" target=\"_blank\" rel=\"noreferrer noopener\">Cin\u00e9-Concert C\u00f4t\u00e9 Courts<\/a><\/strong><\/h5>\n\n\n\n<p class=\"has-small-font-size\"><strong> \n<br>Une histoire du cin\u00e9ma muet en 9 courts m\u00e9trages de 1900 \u00e0 1926 \n<br><\/strong>1 musicien \/ d\u00e8s 6 ans<\/p>\n\n\n\n<h5 class=\"wp-block-heading\"><strong><a href=\"https:\/\/www.cbjurstrom.eu\/index.php\/chaplin-charlot-festival\/\" target=\"_blank\" rel=\"noreferrer noopener\">Cin\u00e9-Concert Charlot Festival<\/a><\/strong><\/h5>\n\n\n\n<p class=\"has-small-font-size\"><strong>Un programme de 3 courts-m\u00e9trage pour rendre hommage au grand r\u00e9alisateur et au clown, Charlie CHAPLIN <br><\/strong>1 ou 2 musiciens, \/ d\u00e8s 6 ans<\/p>\n\n\n\n<h5 class=\"wp-block-heading\"><strong><a href=\"https:\/\/www.cbjurstrom.eu\/index.php\/inventaire-dinventeurs\/\" target=\"_blank\" rel=\"noreferrer noopener\">Cin\u00e9-Concert Inventaire d&rsquo;Inventeurs<\/a><\/strong><\/h5>\n\n\n\n<p class=\"has-small-font-size\"><strong>3 courts m\u00e9trages de C. Bowers et S. Pollard  <br>Inventions \u00e0 gogo avec la po\u00e9sie et le rire en plus!  <br><\/strong>3 musiciens \/ d\u00e8s 6 ans<\/p>\n\n\n\n<h5 class=\"wp-block-heading\"><strong><a href=\"https:\/\/www.cbjurstrom.eu\/index.php\/le-mecano-de-la-general\/\" target=\"_blank\" rel=\"noreferrer noopener\">Cin\u00e9-Concert Le M\u00e9cano de la General<\/a><\/strong><\/h5>\n\n\n\n<p class=\"has-small-font-size\"><strong> de BUSTER KEATON (USA, 1926) \n<br>Une \u00e9pop\u00e9e burlesque pendant la guerre de s\u00e9cession \n<br><\/strong>2, 3 ou 5 musiciens \/ d\u00e8s 6 ans <\/p>\n\n\n\n<h5 class=\"wp-block-heading\"><strong><a href=\"https:\/\/www.cbjurstrom.eu\/index.php\/la-croisiere-du-navigator\/\" target=\"_blank\" rel=\"noreferrer noopener\">Cin\u00e9-Concert La Croisi\u00e8re du Navigator<\/a><\/strong><\/h5>\n\n\n\n<p class=\"has-small-font-size\"><strong> de BUSTER KEATON(1924)  \n<br>Deux jeunes gens qui ne savent rien faire de leurs dix doigts se retrouvent seuls sur un paquebot \u00e0 la d\u00e9rive&#8230; \n<br><\/strong>3 musiciens \/ d\u00e8s 6 ans<\/p>\n\n\n\n<h5 class=\"wp-block-heading\"><strong><a href=\"https:\/\/www.cbjurstrom.eu\/index.php\/le-cameraman\/\" target=\"_blank\" rel=\"noreferrer noopener\">Cin\u00e9-Concert Le Cameraman<\/a><\/strong><\/h5>\n\n\n\n<p class=\"has-small-font-size\"><strong> de BUSTER KEATON(1924)\n<br>Un jeune maladroit essaie d\u00e9sesp\u00e9r\u00e9ment de devenir reporter pour \nconqu\u00e9rir le c\u0153ur de sa belle&#8230;. Un des films les plus touchants de \nBuster Keaton. \n<br><\/strong>1 musicien \/ d\u00e8s 6 ans<\/p>\n\n\n\n<h5 class=\"wp-block-heading\"><strong><a href=\"https:\/\/www.cbjurstrom.eu\/index.php\/autour-des-pionniers-de-lanimation\/\" target=\"_blank\" rel=\"noreferrer noopener\">Cin\u00e9-Concert Autour des pionniers de l&rsquo;animation<\/a><\/strong><\/h5>\n\n\n\n<p class=\"has-small-font-size\"><strong>Un programme de dix court-m\u00e9trages pour d\u00e9couvrir et red\u00e9couvrir l&rsquo;histoire du cin\u00e9ma d&rsquo;animation  <br><\/strong>1 musicien et une com\u00e9dienne chanteuse \/ d\u00e8s 6 ans<\/p>\n\n\n\n<h5 class=\"wp-block-heading\"><strong><a href=\"https:\/\/www.cbjurstrom.eu\/index.php\/speedy-en-vitesse\/\" target=\"_blank\" rel=\"noreferrer noopener\">Cin\u00e9-Concert Speedy<\/a><\/strong><\/h5>\n\n\n\n<p class=\"has-small-font-size\"><strong>de HAROLD LLOYD(1927) \n<br>Humour et Tendresse avec une exceptionnelle course-poursuite en tramway \n<br><\/strong>1 ou 2 musiciens \/ d\u00e8s 7 ans<\/p>\n\n\n\n<h5 class=\"wp-block-heading\"><strong><a href=\"https:\/\/www.cbjurstrom.eu\/index.php\/steamboat-bill-junior\/\" target=\"_blank\" rel=\"noreferrer noopener\">Cin\u00e9-Concert Steamboat Bill Junior<\/a><\/strong><\/h5>\n\n\n\n<p class=\"has-small-font-size\"><strong> de BUSTER KEATON(1924)\n<br>Le Mississipi et Buster Keaton aux prises avec un ouragan: un film tendre et \u00e0 se tordre de rire \n<br><\/strong>4 musiciens \/ d\u00e8s 7 ans <\/p>\n\n\n\n<h5 class=\"wp-block-heading\"><strong><a href=\"https:\/\/www.cbjurstrom.eu\/index.php\/vive-le-sport\/\" target=\"_blank\" rel=\"noreferrer noopener\">Cin\u00e9-Concert Vive le Sport<\/a><\/strong><\/h5>\n\n\n\n<p class=\"has-small-font-size\"><strong>de HAROLD LLOYD(1927) \n<br>Un match de football am\u00e9ricain m\u00e9morable avec le grand Harold Lloyd \n<br><\/strong>1 ou 2 musiciens \/ d\u00e8s 7 ans<\/p>\n\n\n\n<h5 class=\"wp-block-heading\"><strong><a href=\"https:\/\/www.cbjurstrom.eu\/index.php\/gosses-de-tokyo\/\" target=\"_blank\" rel=\"noreferrer noopener\">Cin\u00e9-Concert Gosses de Tokyo<\/a><\/strong><\/h5>\n\n\n\n<p class=\"has-small-font-size\"><strong>  de OZU\n<br><\/strong>le Japon des ann\u00e9es 20 \u00e0 travers l&rsquo;histoire d&rsquo;un enfant \n<br>1 ou 2 musiciens \/ d\u00e8s 7 ans<\/p>\n\n\n\n<h5 class=\"wp-block-heading\"><strong><a href=\"https:\/\/www.cbjurstrom.eu\/index.php\/safety-last-monte-la-dessus\/\" target=\"_blank\" rel=\"noreferrer noopener\">Cin\u00e9-Concert Monte l\u00e0-dessus (Safety Last)<\/a><\/strong><\/h5>\n\n\n\n<p class=\"has-small-font-size\"><strong>de HAROLD LLOYD(1927) \n<br>Le grand Harold Lloyd \u00e0 l&rsquo;assaut d&rsquo;un tr\u00e8s tr\u00e8s tr\u00e8s haut building avec une horloge tr\u00e8s connue ! \n<br><\/strong>1 ou 2 musiciens \/ d\u00e8s 7 ans<\/p>\n\n\n\n<h5 class=\"wp-block-heading\"><strong><a href=\"https:\/\/www.cbjurstrom.eu\/index.php\/cauchemars-et-superstitions\/\" target=\"_blank\" rel=\"noreferrer noopener\">Cin\u00e9-Concert Cauchemars et Superstitions<\/a><\/strong><\/h5>\n\n\n\n<p class=\"has-small-font-size\"><strong> de VICTOR FLEMING(1919)\n<br>une com\u00e9die d\u00e9lirante et bondissante avec &#8230;inondation! \n<br><\/strong>4 musiciens, une com\u00e9dienne \/ d\u00e8s 8 ans<\/p>\n\n\n\n<h5 class=\"wp-block-heading\"><strong><a href=\"https:\/\/www.cbjurstrom.eu\/index.php\/college-campus\/\" target=\"_blank\" rel=\"noreferrer noopener\">Cin\u00e9-Concert Campus (College \/ Sportif par amour) <\/a><\/strong><\/h5>\n\n\n\n<p class=\"has-small-font-size\"><strong> de BUSTER KEATON(1924)\n<br>Quand Buster s&rsquo;essaie \u00e0 l&rsquo;athl\u00e9tisme pour l&rsquo;amour de sa belle \n<br><\/strong>2 ou 5 musiciens \/ d\u00e8s 8 ans <\/p>\n\n\n\n<h5 class=\"wp-block-heading\"><strong><a href=\"https:\/\/www.cbjurstrom.eu\/index.php\/le-pirate-noir\/\" target=\"_blank\" rel=\"noreferrer noopener\">Cin\u00e9-Concert Le Pirate Noir<\/a><\/strong><\/h5>\n\n\n\n<p class=\"has-small-font-size\"><strong>  de DOUGLAS FAIRBANKS et ALAN PARKER (USA 1926)\n<br>Une histoire tr\u00e9pidante de pirates et le premier long m\u00e9trage en couleurs de l&rsquo;histoire du cin\u00e9ma \n<br><\/strong>5 musiciens \/ d\u00e8s 8 ans<\/p>\n\n\n\n<h5 class=\"wp-block-heading\"><strong><a href=\"https:\/\/www.cbjurstrom.eu\/index.php\/trois-mesaventures-dharold-lloyd\/\" target=\"_blank\" rel=\"noreferrer noopener\">Cin\u00e9-Concert Trois M\u00e9saventures d&rsquo;Harold Lloyd<\/a><\/strong><\/h5>\n\n\n\n<p class=\"has-small-font-size\"><strong>de HAROLD LLOYD(1927) \n<br>Trois court-m\u00e9trages du bondissant Harold Lloyd \n<br><\/strong>Piano solo \/ d\u00e8s 8 ans <\/p>\n","protected":false},"excerpt":{"rendered":"<p>Christofer Bjurstr\u00f6m a compos\u00e9 la musique de plusieurs cin\u00e9-concerts, pour tout public, dont certains conviennent parfaitement au jeune public. Ci-dessous une liste de suggestions: 1) Les Cin\u00e9-Concerts qui peuvent convenir aux tout-petits: Cin\u00e9-Concert\u00a0\u00bbAutour du conte\u00a0\u00bb 2 magnifiques films en ombres chinoises de Lotte Reiniger et la version malicieuse du petit chaperon rouge de Walter Lantz&hellip;&nbsp;<a href=\"https:\/\/www.marmouzic.org\/index.php\/les-cine-concerts-pour-enfants-de-christofer-bjurstrom\/\" rel=\"bookmark\">Lire la suite &raquo;<span class=\"screen-reader-text\">Les Cin\u00e9-Concerts Jeune Public de Christofer Bjurstr\u00f6m<\/span><\/a><\/p>\n","protected":false},"author":1,"featured_media":1936,"parent":0,"menu_order":0,"comment_status":"closed","ping_status":"closed","template":"","meta":{"neve_meta_sidebar":"","neve_meta_container":"","neve_meta_enable_content_width":"off","neve_meta_content_width":0,"neve_meta_title_alignment":"","neve_meta_author_avatar":"","neve_post_elements_order":"","neve_meta_disable_header":"","neve_meta_disable_footer":"","neve_meta_disable_title":"","footnotes":""},"class_list":["post-63","page","type-page","status-publish","has-post-thumbnail","hentry"],"featured_image_src":"https:\/\/www.marmouzic.org\/wp-content\/uploads\/2020\/11\/bandeau-safety.jpg","featured_image_src_square":"https:\/\/www.marmouzic.org\/wp-content\/uploads\/2020\/11\/bandeau-safety.jpg","_links":{"self":[{"href":"https:\/\/www.marmouzic.org\/index.php\/wp-json\/wp\/v2\/pages\/63","targetHints":{"allow":["GET"]}}],"collection":[{"href":"https:\/\/www.marmouzic.org\/index.php\/wp-json\/wp\/v2\/pages"}],"about":[{"href":"https:\/\/www.marmouzic.org\/index.php\/wp-json\/wp\/v2\/types\/page"}],"author":[{"embeddable":true,"href":"https:\/\/www.marmouzic.org\/index.php\/wp-json\/wp\/v2\/users\/1"}],"replies":[{"embeddable":true,"href":"https:\/\/www.marmouzic.org\/index.php\/wp-json\/wp\/v2\/comments?post=63"}],"version-history":[{"count":10,"href":"https:\/\/www.marmouzic.org\/index.php\/wp-json\/wp\/v2\/pages\/63\/revisions"}],"predecessor-version":[{"id":2136,"href":"https:\/\/www.marmouzic.org\/index.php\/wp-json\/wp\/v2\/pages\/63\/revisions\/2136"}],"wp:featuredmedia":[{"embeddable":true,"href":"https:\/\/www.marmouzic.org\/index.php\/wp-json\/wp\/v2\/media\/1936"}],"wp:attachment":[{"href":"https:\/\/www.marmouzic.org\/index.php\/wp-json\/wp\/v2\/media?parent=63"}],"curies":[{"name":"wp","href":"https:\/\/api.w.org\/{rel}","templated":true}]}}