{"id":65,"date":"2019-12-15T12:23:11","date_gmt":"2019-12-15T11:23:11","guid":{"rendered":"http:\/\/www.marmouzic.org\/wwz\/?page_id=65"},"modified":"2023-03-28T16:18:22","modified_gmt":"2023-03-28T14:18:22","slug":"anciens-spectacles-de-la-cie","status":"publish","type":"page","link":"https:\/\/www.marmouzic.org\/index.php\/anciens-spectacles-de-la-cie\/","title":{"rendered":"Quelques anciens spectacles de la compagnie"},"content":{"rendered":"\n<h3 class=\"has-normal-font-size wp-block-heading\">La Compagnie Marmouzic cr\u00e9e r\u00e9guli\u00e8rement des spectacles depuis d\u00e9j\u00e0 un certain nombre d&rsquo;ann\u00e9es. Pour diverses raisons, certains de ces spectacles ne sont plus propos\u00e9s: Ce qui n&#8217;emp\u00eache pas que nous sommes heureux et fiers de pouvoir vous en donner une petite id\u00e9e ci-dessous.<\/h3>\n\n\n\n<p><\/p>\n\n\n\n<div class=\"wp-block-media-text alignwide is-stacked-on-mobile\" style=\"grid-template-columns:46% auto\"><figure class=\"wp-block-media-text__media\"><a href=\"https:\/\/www.marmouzic.org\/index.php\/cinemachination\/\"><img loading=\"lazy\" decoding=\"async\" width=\"852\" height=\"596\" src=\"https:\/\/www.marmouzic.org\/wp-content\/uploads\/2020\/07\/Cinemach-caryatide-dvt-machine.jpg\" alt=\"\" class=\"wp-image-1351 size-full\" srcset=\"https:\/\/www.marmouzic.org\/wp-content\/uploads\/2020\/07\/Cinemach-caryatide-dvt-machine.jpg 852w, https:\/\/www.marmouzic.org\/wp-content\/uploads\/2020\/07\/Cinemach-caryatide-dvt-machine-300x210.jpg 300w, https:\/\/www.marmouzic.org\/wp-content\/uploads\/2020\/07\/Cinemach-caryatide-dvt-machine-768x537.jpg 768w\" sizes=\"auto, (max-width: 852px) 100vw, 852px\" \/><\/a><\/figure><div class=\"wp-block-media-text__content\">\n<p class=\"has-medium-font-size\"><mark style=\"background-color:rgba(0, 0, 0, 0)\" class=\"has-inline-color has-neve-link-color-color\"><strong>Cin\u00e9machination: <\/strong><\/mark>musique, cin\u00e9ma et th\u00e9\u00e2tre<\/p>\n\n\n\n<p style=\"font-size:15px\"><strong>Mais o\u00f9 est donc pass\u00e9 le Professeur Piroutch? <\/strong><\/p>\n\n\n\n<p style=\"font-size:15px\"><em>Dans un mus\u00e9e, une machine \u00e9tonnante est sur sc\u00e8ne. Mais o\u00f9 est donc pass\u00e9 le Professeur Wladimir Piroutch ? Ce scientifique renomm\u00e9 devait assurer la pr\u00e9sentation de cette \u00a0\u00bb machine \u00a0\u00bb au public et il a disparu ! La conservatrice du mus\u00e9e d\u00e9cide de mener l&rsquo;enqu\u00eate et pour ce faire, elle va explorer sous les yeux du public les diff\u00e9rentes fonctions de cette machine \u00e9tonnante !<\/em><\/p>\n\n\n\n<p class=\"has-small-font-size\"><strong>Une machine \u00e9tonnante, deux personnages \u00e9nigmatiques, pantins \u00e9tranges, qui la garde et Marianne \u00e0 la recherche du Pr Piroutch, dans les tr\u00e9fonds de la machine<\/strong><\/p>\n<\/div><\/div>\n\n\n\n<p><\/p>\n\n\n\n<div class=\"wp-block-media-text alignwide has-media-on-the-right is-stacked-on-mobile\" style=\"grid-template-columns:auto 45%\"><div class=\"wp-block-media-text__content\">\n<p class=\"has-medium-font-size\"><strong><span class=\"has-inline-color has-neve-link-color-color\">Passage Secret<\/span><\/strong><\/p>\n\n\n\n<p class=\"has-normal-font-size\"><strong>Deux musiciens commencent un concert, mais leur musique fait na\u00eetre d&rsquo;\u00e9tranges images: il y a quelqu&rsquo;un derri\u00e8re la paroi<\/strong>&#8230;&#8230;&#8230;.<\/p>\n<\/div><figure class=\"wp-block-media-text__media\"><a href=\"https:\/\/www.marmouzic.org\/index.php\/passage-secret\/\"><img loading=\"lazy\" decoding=\"async\" width=\"700\" height=\"636\" src=\"https:\/\/www.marmouzic.org\/wp-content\/uploads\/2020\/11\/passage-secret3.jpg\" alt=\"\" class=\"wp-image-1940 size-full\" srcset=\"https:\/\/www.marmouzic.org\/wp-content\/uploads\/2020\/11\/passage-secret3.jpg 700w, https:\/\/www.marmouzic.org\/wp-content\/uploads\/2020\/11\/passage-secret3-300x273.jpg 300w\" sizes=\"auto, (max-width: 700px) 100vw, 700px\" \/><\/a><\/figure><\/div>\n\n\n\n<div class=\"wp-block-media-text alignwide is-stacked-on-mobile\" style=\"grid-template-columns:44% auto\"><figure class=\"wp-block-media-text__media\"><a href=\"https:\/\/www.marmouzic.org\/index.php\/le-vieux-reverbere\/\"><img loading=\"lazy\" decoding=\"async\" width=\"1000\" height=\"750\" src=\"https:\/\/www.marmouzic.org\/wp-content\/uploads\/2020\/07\/Reverbere-3.jpg\" alt=\"\" class=\"wp-image-1369 size-full\" srcset=\"https:\/\/www.marmouzic.org\/wp-content\/uploads\/2020\/07\/Reverbere-3.jpg 1000w, https:\/\/www.marmouzic.org\/wp-content\/uploads\/2020\/07\/Reverbere-3-300x225.jpg 300w, https:\/\/www.marmouzic.org\/wp-content\/uploads\/2020\/07\/Reverbere-3-768x576.jpg 768w\" sizes=\"auto, (max-width: 1000px) 100vw, 1000px\" \/><\/a><\/figure><div class=\"wp-block-media-text__content\">\n<p class=\"has-medium-font-size\"><strong><span class=\"has-inline-color has-neve-link-color-color\">Cin\u00e9-Conte Musical Le Vieux R\u00e9verb\u00e8re<\/span><\/strong><\/p>\n\n\n\n<p style=\"font-size:15px\"><strong>Il \u00e9tait une fois un vieux r\u00e9verb\u00e8re promis \u00e0 la fonte\u2026<\/strong><\/p>\n\n\n\n<p class=\"has-small-font-size\"><strong>Mais l\u2019amiti\u00e9 du vent, de l\u2019\u00e9toile filante et d\u2019un vieil allumeur de r\u00e9verb\u00e8re lui permettront d\u2019\u00e9chapper \u00e0 son funeste destin et de projeter sa m\u00e9moire sur les murs, sous la forme de 3 court-m\u00e9trages muets sur le th\u00e8me du conte.<\/strong><\/p>\n<\/div><\/div>\n\n\n<div\n\t\t\t\n\t\t\tclass=\"so-widget-sow-button so-widget-sow-button-wire-c125f315acd5\"\n\t\t\t\n\t\t><div class=\"ow-button-base ow-button-align-center\"\n>\n\t\t\t<a\n\t\t\t\t\thref=\"https:\/\/www.marmouzic.org\/index.php\/anciens-spectacles-de-la-cie\/\"\n\t\t\t\t\tclass=\"sowb-button ow-icon-placement-top ow-button-hover\" \t>\n\t\t<span>\n\t\t\t<span class=\"sow-icon-ionicons\" data-sow-icon=\"&#xf398;\"\n\t\tstyle=\"color: #000000\" \n\t\taria-hidden=\"true\"><\/span>\n\t\t\tHaut de page\t\t<\/span>\n\t\t\t<\/a>\n\t<\/div>\n<\/div>","protected":false},"excerpt":{"rendered":"<p>La Compagnie Marmouzic cr\u00e9e r\u00e9guli\u00e8rement des spectacles depuis d\u00e9j\u00e0 un certain nombre d&rsquo;ann\u00e9es. Pour diverses raisons, certains de ces spectacles ne sont plus propos\u00e9s: Ce qui n&#8217;emp\u00eache pas que nous sommes heureux et fiers de pouvoir vous en donner une petite id\u00e9e ci-dessous. Cin\u00e9machination: musique, cin\u00e9ma et th\u00e9\u00e2tre Mais o\u00f9 est donc pass\u00e9 le Professeur&hellip;&nbsp;<a href=\"https:\/\/www.marmouzic.org\/index.php\/anciens-spectacles-de-la-cie\/\" rel=\"bookmark\">Lire la suite &raquo;<span class=\"screen-reader-text\">Quelques anciens spectacles de la compagnie<\/span><\/a><\/p>\n","protected":false},"author":1,"featured_media":0,"parent":0,"menu_order":0,"comment_status":"closed","ping_status":"closed","template":"","meta":{"neve_meta_sidebar":"right","neve_meta_container":"","neve_meta_enable_content_width":"on","neve_meta_content_width":70,"neve_meta_title_alignment":"","neve_meta_author_avatar":"","neve_post_elements_order":"","neve_meta_disable_header":"","neve_meta_disable_footer":"","neve_meta_disable_title":"","footnotes":""},"class_list":["post-65","page","type-page","status-publish","hentry"],"featured_image_src":null,"featured_image_src_square":null,"_links":{"self":[{"href":"https:\/\/www.marmouzic.org\/index.php\/wp-json\/wp\/v2\/pages\/65","targetHints":{"allow":["GET"]}}],"collection":[{"href":"https:\/\/www.marmouzic.org\/index.php\/wp-json\/wp\/v2\/pages"}],"about":[{"href":"https:\/\/www.marmouzic.org\/index.php\/wp-json\/wp\/v2\/types\/page"}],"author":[{"embeddable":true,"href":"https:\/\/www.marmouzic.org\/index.php\/wp-json\/wp\/v2\/users\/1"}],"replies":[{"embeddable":true,"href":"https:\/\/www.marmouzic.org\/index.php\/wp-json\/wp\/v2\/comments?post=65"}],"version-history":[{"count":23,"href":"https:\/\/www.marmouzic.org\/index.php\/wp-json\/wp\/v2\/pages\/65\/revisions"}],"predecessor-version":[{"id":6174,"href":"https:\/\/www.marmouzic.org\/index.php\/wp-json\/wp\/v2\/pages\/65\/revisions\/6174"}],"wp:attachment":[{"href":"https:\/\/www.marmouzic.org\/index.php\/wp-json\/wp\/v2\/media?parent=65"}],"curies":[{"name":"wp","href":"https:\/\/api.w.org\/{rel}","templated":true}]}}