{"id":76,"date":"2019-12-15T12:34:49","date_gmt":"2019-12-15T11:34:49","guid":{"rendered":"http:\/\/www.marmouzic.org\/wwz\/?page_id=76"},"modified":"2023-03-28T16:16:21","modified_gmt":"2023-03-28T14:16:21","slug":"passage-secret","status":"publish","type":"page","link":"https:\/\/www.marmouzic.org\/index.php\/passage-secret\/","title":{"rendered":"Passage Secret"},"content":{"rendered":"\n<h1 class=\"wp-block-heading\">Un Etrange Concert<\/h1>\n\n\n\n<div class=\"wp-block-media-text alignwide is-stacked-on-mobile\"><figure class=\"wp-block-media-text__media\"><img loading=\"lazy\" decoding=\"async\" width=\"400\" height=\"300\" src=\"https:\/\/www.marmouzic.org\/wp-content\/uploads\/2020\/07\/passage-secret-petite.jpg\" alt=\"\" class=\"wp-image-1383 size-full\" srcset=\"https:\/\/www.marmouzic.org\/wp-content\/uploads\/2020\/07\/passage-secret-petite.jpg 400w, https:\/\/www.marmouzic.org\/wp-content\/uploads\/2020\/07\/passage-secret-petite-300x225.jpg 300w\" sizes=\"auto, (max-width: 400px) 100vw, 400px\" \/><\/figure><div class=\"wp-block-media-text__content\">\n<p class=\"has-medium-font-size\"><strong>Deux musiciens aux prises avec une \u00e9trange cr\u00e9ature:<\/strong><\/p>\n\n\n\n<p><strong>Christophe Rocher<\/strong> (clarinettes)<br><strong>Christofer Bjurstr\u00f6m<\/strong> (piano, fl\u00fbte)<\/p>\n\n\n\n<p>avec la pr\u00e9sence \u00e9merteille, chanticole et fantaisidule d&rsquo;<\/p>\n\n\n\n<p><strong>Elise Caron<\/strong> (chant)<\/p>\n<\/div><\/div>\n\n\n\n<div class=\"wp-block-media-text alignwide has-media-on-the-right is-stacked-on-mobile\"><div class=\"wp-block-media-text__content\">\n<p class=\"has-normal-font-size\">Inspir\u00e9s par \u00ab\u00a0de l&rsquo;autre c\u00f4t\u00e9 du miroir\u00a0\u00bb de Lewis Carroll autant que par leur fantaisie, le clarinettiste Christophe Rocher et le pianiste Christofer Bjurstr\u00f6m ont con\u00e7u ce spectacle \u00e0 partir des mondes musicaux impertinents, dr\u00f4les et po\u00e9tiques qu&rsquo;ils cr\u00e9ent et improvisent depuis de nombreuses ann\u00e9es pour les grands, le cin\u00e9ma ou les plus petits.<\/p>\n<\/div><figure class=\"wp-block-media-text__media\"><img loading=\"lazy\" decoding=\"async\" width=\"400\" height=\"266\" src=\"https:\/\/www.marmouzic.org\/wp-content\/uploads\/2020\/07\/passage-secret-CR1.jpg\" alt=\"\" class=\"wp-image-1357 size-full\" srcset=\"https:\/\/www.marmouzic.org\/wp-content\/uploads\/2020\/07\/passage-secret-CR1.jpg 400w, https:\/\/www.marmouzic.org\/wp-content\/uploads\/2020\/07\/passage-secret-CR1-300x200.jpg 300w, https:\/\/www.marmouzic.org\/wp-content\/uploads\/2020\/07\/passage-secret-CR1-391x260.jpg 391w, https:\/\/www.marmouzic.org\/wp-content\/uploads\/2020\/07\/passage-secret-CR1-272x182.jpg 272w\" sizes=\"auto, (max-width: 400px) 100vw, 400px\" \/><\/figure><\/div>\n\n\n\n<div class=\"wp-block-media-text alignwide is-stacked-on-mobile\"><figure class=\"wp-block-media-text__media\"><img loading=\"lazy\" decoding=\"async\" width=\"683\" height=\"1024\" src=\"https:\/\/www.marmouzic.org\/wp-content\/uploads\/2020\/07\/passage-secret-3-683x1024.jpg\" alt=\"\" class=\"wp-image-1385 size-full\" srcset=\"https:\/\/www.marmouzic.org\/wp-content\/uploads\/2020\/07\/passage-secret-3-683x1024.jpg 683w, https:\/\/www.marmouzic.org\/wp-content\/uploads\/2020\/07\/passage-secret-3-200x300.jpg 200w, https:\/\/www.marmouzic.org\/wp-content\/uploads\/2020\/07\/passage-secret-3-768x1152.jpg 768w, https:\/\/www.marmouzic.org\/wp-content\/uploads\/2020\/07\/passage-secret-3.jpg 800w\" sizes=\"auto, (max-width: 683px) 100vw, 683px\" \/><\/figure><div class=\"wp-block-media-text__content\">\n<p class=\"has-large-font-size\"><strong>L&rsquo;\u00e9quipe de cr\u00e9ation:<\/strong><\/p>\n\n\n\n<p class=\"has-normal-font-size\"><br><strong>Catherine LE FLOCHMOAN<\/strong> (adaptation et mise en sc\u00e8ne) <br><strong>Jean-Alain KERDRAON<\/strong> (cr\u00e9ations vid\u00e9o) <br><strong>Ludovic LE BIHAN<\/strong> (lumi\u00e8re et projections vid\u00e9os simultan\u00e9es)<br><strong>Michel FAGON<\/strong> (sc\u00e9nographie)<\/p>\n\n\n\n<p>Musique et chansons de <strong>Christofer Bjurstr\u00f6m<\/strong> et <strong>Christophe Rocher<\/strong><\/p>\n<\/div><\/div>\n\n\n\n<p> Co-production : F\u00e9d\u00e9ration des sc\u00e8nes de Jazz et de Musiques   Improvis\u00e9es \/ Marmouzic \/ Jeunesses Musicales de France (JMF) \/ Cavajazz   \/ D&rsquo;jazz au Bistro \/ Le Pannonica \/ Penn Ar Jazz \/ Jazz-Club d&rsquo;Auxerre  <br>Avec le soutien du Conseil R\u00e9gional de Bretagne, du CNV, de l&rsquo;ADAMI  <\/p>\n\n\n<div\n\t\t\t\n\t\t\tclass=\"so-widget-sow-button so-widget-sow-button-wire-af96705daa24\"\n\t\t\t\n\t\t><div class=\"ow-button-base ow-button-align-center\"\n>\n\t\t\t<a\n\t\t\t\t\thref=\"https:\/\/www.marmouzic.org\/index.php\/passage-secret\/\"\n\t\t\t\t\tclass=\"sowb-button ow-icon-placement-top ow-button-hover\" \t>\n\t\t<span>\n\t\t\t<span class=\"sow-icon-ionicons\" data-sow-icon=\"&#xf398;\"\n\t\tstyle=\"color: #000000\" \n\t\taria-hidden=\"true\"><\/span>\n\t\t\tHaut de page\t\t<\/span>\n\t\t\t<\/a>\n\t<\/div>\n<\/div>","protected":false},"excerpt":{"rendered":"<p>Un Etrange Concert Deux musiciens aux prises avec une \u00e9trange cr\u00e9ature: Christophe Rocher (clarinettes)Christofer Bjurstr\u00f6m (piano, fl\u00fbte) avec la pr\u00e9sence \u00e9merteille, chanticole et fantaisidule d&rsquo; Elise Caron (chant) Inspir\u00e9s par \u00ab\u00a0de l&rsquo;autre c\u00f4t\u00e9 du miroir\u00a0\u00bb de Lewis Carroll autant que par leur fantaisie, le clarinettiste Christophe Rocher et le pianiste Christofer Bjurstr\u00f6m ont con\u00e7u ce&hellip;&nbsp;<a href=\"https:\/\/www.marmouzic.org\/index.php\/passage-secret\/\" rel=\"bookmark\">Lire la suite &raquo;<span class=\"screen-reader-text\">Passage Secret<\/span><\/a><\/p>\n","protected":false},"author":1,"featured_media":0,"parent":0,"menu_order":0,"comment_status":"closed","ping_status":"closed","template":"","meta":{"neve_meta_sidebar":"right","neve_meta_container":"","neve_meta_enable_content_width":"on","neve_meta_content_width":70,"neve_meta_title_alignment":"","neve_meta_author_avatar":"","neve_post_elements_order":"","neve_meta_disable_header":"","neve_meta_disable_footer":"","neve_meta_disable_title":"","footnotes":""},"class_list":["post-76","page","type-page","status-publish","hentry"],"featured_image_src":null,"featured_image_src_square":null,"_links":{"self":[{"href":"https:\/\/www.marmouzic.org\/index.php\/wp-json\/wp\/v2\/pages\/76","targetHints":{"allow":["GET"]}}],"collection":[{"href":"https:\/\/www.marmouzic.org\/index.php\/wp-json\/wp\/v2\/pages"}],"about":[{"href":"https:\/\/www.marmouzic.org\/index.php\/wp-json\/wp\/v2\/types\/page"}],"author":[{"embeddable":true,"href":"https:\/\/www.marmouzic.org\/index.php\/wp-json\/wp\/v2\/users\/1"}],"replies":[{"embeddable":true,"href":"https:\/\/www.marmouzic.org\/index.php\/wp-json\/wp\/v2\/comments?post=76"}],"version-history":[{"count":13,"href":"https:\/\/www.marmouzic.org\/index.php\/wp-json\/wp\/v2\/pages\/76\/revisions"}],"predecessor-version":[{"id":6164,"href":"https:\/\/www.marmouzic.org\/index.php\/wp-json\/wp\/v2\/pages\/76\/revisions\/6164"}],"wp:attachment":[{"href":"https:\/\/www.marmouzic.org\/index.php\/wp-json\/wp\/v2\/media?parent=76"}],"curies":[{"name":"wp","href":"https:\/\/api.w.org\/{rel}","templated":true}]}}