{"id":79,"date":"2019-12-15T12:38:20","date_gmt":"2019-12-15T11:38:20","guid":{"rendered":"http:\/\/www.marmouzic.org\/wwz\/?page_id=79"},"modified":"2023-03-28T16:02:54","modified_gmt":"2023-03-28T14:02:54","slug":"cinemachination","status":"publish","type":"page","link":"https:\/\/www.marmouzic.org\/index.php\/cinemachination\/","title":{"rendered":"Cin\u00e9machination"},"content":{"rendered":"\n<h1 class=\"wp-block-heading\">Mais o\u00f9 est donc pass\u00e9 Piroutch ?<\/h1>\n\n\n\n<h3 class=\"wp-block-heading\"> <strong>Th\u00e9\u00e2tre, musique vivante et images, <br>humour, jeux de mots, jeux de sons, jeux d&rsquo;images, <br>pour un spectacle complet destin\u00e9 \u00e0 un tr\u00e8s large public.<\/strong><\/h3>\n\n\n\n<figure class=\"wp-block-image size-large\"><img loading=\"lazy\" decoding=\"async\" width=\"852\" height=\"596\" src=\"https:\/\/www.marmouzic.org\/wp-content\/uploads\/2020\/07\/Cinemach-caryatide-dvt-machine.jpg\" alt=\"\" class=\"wp-image-1351\" srcset=\"https:\/\/www.marmouzic.org\/wp-content\/uploads\/2020\/07\/Cinemach-caryatide-dvt-machine.jpg 852w, https:\/\/www.marmouzic.org\/wp-content\/uploads\/2020\/07\/Cinemach-caryatide-dvt-machine-300x210.jpg 300w, https:\/\/www.marmouzic.org\/wp-content\/uploads\/2020\/07\/Cinemach-caryatide-dvt-machine-768x537.jpg 768w\" sizes=\"auto, (max-width: 852px) 100vw, 852px\" \/><\/figure>\n\n\n\n<h6 class=\"wp-block-heading\"><em> Dans un mus\u00e9e, une machine \u00e9tonnante est sur  sc\u00e8ne. Mais o\u00f9 est donc pass\u00e9 le Professeur Wladimir Piroutch ? Ce  scientifique renomm\u00e9 devait assurer la pr\u00e9sentation de cette \u00a0\u00bb machine \u00a0\u00bb  au public et il a disparu ! La conservatrice du mus\u00e9e d\u00e9cide de mener  l&rsquo;enqu\u00eate et pour ce faire, elle va explorer sous les yeux du public les  diff\u00e9rentes fonctions de cette machine \u00e9tonnante ! Gr\u00e2ce \u00e0 quelques  notes laiss\u00e9es par le Professeur, elle va tenter de percer le Myst\u00e8re,  ou les myst\u00e8res de la machine et de ses deux servants, mi-hommes  mi-automates, deux \u00eatres myst\u00e9rieux jouant une musique \u00e9trange, les  myst\u00e8res de cette machine \u00e9tonnante capable de projeter des films sur  des \u00e9crans inattendus. <br>Au fur et \u00e0 mesure, elle d\u00e9couvre les capacit\u00e9s exceptionnelles de  cette invention mais aussi son pouvoir de fascination et son humour ! <br>Une histoire men\u00e9e tambour battant o\u00f9 tout est pr\u00e9texte \u00e0 fantaisie, \u00e0 humour! <\/em> <\/h6>\n\n\n\n<figure class=\"wp-block-image size-large\"><img loading=\"lazy\" decoding=\"async\" width=\"1024\" height=\"766\" src=\"https:\/\/www.marmouzic.org\/wp-content\/uploads\/2020\/07\/Cinemach-autruche-1024x766.jpg\" alt=\"\" class=\"wp-image-1350\" srcset=\"https:\/\/www.marmouzic.org\/wp-content\/uploads\/2020\/07\/Cinemach-autruche-1024x766.jpg 1024w, https:\/\/www.marmouzic.org\/wp-content\/uploads\/2020\/07\/Cinemach-autruche-300x224.jpg 300w, https:\/\/www.marmouzic.org\/wp-content\/uploads\/2020\/07\/Cinemach-autruche-768x575.jpg 768w, https:\/\/www.marmouzic.org\/wp-content\/uploads\/2020\/07\/Cinemach-autruche-1536x1149.jpg 1536w, https:\/\/www.marmouzic.org\/wp-content\/uploads\/2020\/07\/Cinemach-autruche-2048x1532.jpg 2048w\" sizes=\"auto, (max-width: 1024px) 100vw, 1024px\" \/><\/figure>\n\n\n\n<p><strong>Un spectacle tout public \u00e0 partir de 6 ans m\u00ealant th\u00e9\u00e2tre,  musique vivante et cin\u00e9ma muet inspir\u00e9 d&rsquo;une pi\u00e8ce de Jean Tardieu et  avec des extraits de films de Charley Bowers<\/strong><\/p>\n\n\n\n<p>Pour une com\u00e9dienne, deux musiciens, et une machine diabolique<\/p>\n\n\n\n<p>Avec Catherine Le Flochmoan, Christofer Bjurstr\u00f6m et Nicolas Pointard<\/p>\n\n\n\n<figure class=\"wp-block-image size-large\"><img loading=\"lazy\" decoding=\"async\" width=\"833\" height=\"582\" src=\"https:\/\/www.marmouzic.org\/wp-content\/uploads\/2020\/07\/Cinemach-caryatides-avec-poupee.jpg\" alt=\"\" class=\"wp-image-1354\" srcset=\"https:\/\/www.marmouzic.org\/wp-content\/uploads\/2020\/07\/Cinemach-caryatides-avec-poupee.jpg 833w, https:\/\/www.marmouzic.org\/wp-content\/uploads\/2020\/07\/Cinemach-caryatides-avec-poupee-300x210.jpg 300w, https:\/\/www.marmouzic.org\/wp-content\/uploads\/2020\/07\/Cinemach-caryatides-avec-poupee-768x537.jpg 768w\" sizes=\"auto, (max-width: 833px) 100vw, 833px\" \/><\/figure>\n\n\n\n<p><br><br>Dans notre monde o\u00f9 la \u00a0\u00bb machine \u00a0\u00bb est omnipr\u00e9sente, et o\u00f9 elle  prend petit \u00e0 petit le pouvoir, ce spectacle se veut une fable montrant  que l&rsquo;homme reste capable de s&rsquo;opposer \u00e0 elle, capable de la s\u00e9duire et  capable de s&rsquo;en passer, de cr\u00e9er de la vie et de la musique, les  morceaux de la machine devenant dans ses mains des instruments de  musique in\u00e9dits. <br><br><em>Musique de <br>Christofer BJURSTR\u00d6M <br> <br>Mise en sc\u00e8ne de  <br>Serge NO\u00cbL et Catherine LE FLOCHMOAN <\/em><br><\/p>\n\n\n\n<h6 class=\"wp-block-heading\">avec le soutien de l&rsquo;ADAMI, du SPEDIDAM, du Conseil G\u00e9n\u00e9ral du Finist\u00e8re<\/h6>\n","protected":false},"excerpt":{"rendered":"<p>Mais o\u00f9 est donc pass\u00e9 Piroutch ? Th\u00e9\u00e2tre, musique vivante et images, humour, jeux de mots, jeux de sons, jeux d&rsquo;images, pour un spectacle complet destin\u00e9 \u00e0 un tr\u00e8s large public. Dans un mus\u00e9e, une machine \u00e9tonnante est sur sc\u00e8ne. Mais o\u00f9 est donc pass\u00e9 le Professeur Wladimir Piroutch ? Ce scientifique renomm\u00e9 devait assurer&hellip;&nbsp;<a href=\"https:\/\/www.marmouzic.org\/index.php\/cinemachination\/\" rel=\"bookmark\">Lire la suite &raquo;<span class=\"screen-reader-text\">Cin\u00e9machination<\/span><\/a><\/p>\n","protected":false},"author":1,"featured_media":0,"parent":0,"menu_order":0,"comment_status":"closed","ping_status":"closed","template":"","meta":{"neve_meta_sidebar":"right","neve_meta_container":"","neve_meta_enable_content_width":"on","neve_meta_content_width":70,"neve_meta_title_alignment":"","neve_meta_author_avatar":"","neve_post_elements_order":"","neve_meta_disable_header":"","neve_meta_disable_footer":"","neve_meta_disable_title":"","footnotes":""},"class_list":["post-79","page","type-page","status-publish","hentry"],"featured_image_src":null,"featured_image_src_square":null,"_links":{"self":[{"href":"https:\/\/www.marmouzic.org\/index.php\/wp-json\/wp\/v2\/pages\/79","targetHints":{"allow":["GET"]}}],"collection":[{"href":"https:\/\/www.marmouzic.org\/index.php\/wp-json\/wp\/v2\/pages"}],"about":[{"href":"https:\/\/www.marmouzic.org\/index.php\/wp-json\/wp\/v2\/types\/page"}],"author":[{"embeddable":true,"href":"https:\/\/www.marmouzic.org\/index.php\/wp-json\/wp\/v2\/users\/1"}],"replies":[{"embeddable":true,"href":"https:\/\/www.marmouzic.org\/index.php\/wp-json\/wp\/v2\/comments?post=79"}],"version-history":[{"count":6,"href":"https:\/\/www.marmouzic.org\/index.php\/wp-json\/wp\/v2\/pages\/79\/revisions"}],"predecessor-version":[{"id":1382,"href":"https:\/\/www.marmouzic.org\/index.php\/wp-json\/wp\/v2\/pages\/79\/revisions\/1382"}],"wp:attachment":[{"href":"https:\/\/www.marmouzic.org\/index.php\/wp-json\/wp\/v2\/media?parent=79"}],"curies":[{"name":"wp","href":"https:\/\/api.w.org\/{rel}","templated":true}]}}