{"id":85,"date":"2019-12-15T12:49:16","date_gmt":"2019-12-15T11:49:16","guid":{"rendered":"http:\/\/www.marmouzic.org\/wwz\/?page_id=85"},"modified":"2023-03-28T16:22:43","modified_gmt":"2023-03-28T14:22:43","slug":"voyage-dans-des-iles-oubliees","status":"publish","type":"page","link":"https:\/\/www.marmouzic.org\/index.php\/voyage-dans-des-iles-oubliees\/","title":{"rendered":"Voyage dans des Iles Oubli\u00e9es"},"content":{"rendered":"\n<h4 class=\"has-text-align-center wp-block-heading\"><mark style=\"background-color:rgba(0, 0, 0, 0);color:#a30120\" class=\"has-inline-color\">LECTURE MUSICALE<\/mark><\/h4>\n\n\n\n<p class=\"has-text-align-center\" style=\"font-size:23px\"><mark style=\"background-color:rgba(0, 0, 0, 0);color:#a30120\" class=\"has-inline-color\"><strong>Une \u00e9vocation <\/strong><br><strong>en 10 textes courts et en musique <\/strong><br><strong> de 10 \u00eeles aux destins \u00e9tranges.<\/strong><\/mark><mark style=\"background-color:rgba(0, 0, 0, 0);color:#a30120\" class=\"has-inline-color\"><\/mark><\/p>\n\n\n\n<p><strong>La com\u00e9dienne et chanteuse <span style=\"color:#a30120\" class=\"has-inline-color\">Catherine Le Flochmoan <\/span>et le compositeur et pianiste\/fl\u00fbtiste <span style=\"color:#a30120\" class=\"has-inline-color\">Christofer Bjurstr\u00f6m<\/span> vous convient \u00e0 un voyage en mots et en musique dans des \u00eeles perdues au milieu des oc\u00e9ans.<\/strong><\/p>\n\n\n<div class=\"wp-block-image\">\n<figure class=\"alignleft size-full is-resized\"><img loading=\"lazy\" decoding=\"async\" src=\"https:\/\/www.marmouzic.org\/wp-content\/uploads\/2020\/06\/Lecture-Iles-Cezon-2-1000.jpg\" alt=\"\" class=\"wp-image-1071\" width=\"545\" height=\"363\" srcset=\"https:\/\/www.marmouzic.org\/wp-content\/uploads\/2020\/06\/Lecture-Iles-Cezon-2-1000.jpg 1000w, https:\/\/www.marmouzic.org\/wp-content\/uploads\/2020\/06\/Lecture-Iles-Cezon-2-1000-300x200.jpg 300w, https:\/\/www.marmouzic.org\/wp-content\/uploads\/2020\/06\/Lecture-Iles-Cezon-2-1000-768x512.jpg 768w, https:\/\/www.marmouzic.org\/wp-content\/uploads\/2020\/06\/Lecture-Iles-Cezon-2-1000-391x260.jpg 391w, https:\/\/www.marmouzic.org\/wp-content\/uploads\/2020\/06\/Lecture-Iles-Cezon-2-1000-600x400.jpg 600w, https:\/\/www.marmouzic.org\/wp-content\/uploads\/2020\/06\/Lecture-Iles-Cezon-2-1000-930x620.jpg 930w, https:\/\/www.marmouzic.org\/wp-content\/uploads\/2020\/06\/Lecture-Iles-Cezon-2-1000-272x182.jpg 272w\" sizes=\"auto, (max-width: 545px) 100vw, 545px\" \/><\/figure>\n<\/div>\n\n\n<p>Une \u00e9vocation sensible de quelques \u00eeles oubli\u00e9es, \u00ab\u00a0bateaux immobiles\u00a0\u00bb perdus dans l&rsquo;oc\u00e9an, \u00e0 travers de courts portraits, qui feront tour \u00e0 tour fr\u00e9mir et sourire, de ces morceaux de roche ou de corail d\u00e9couverts par hasard, parfois habit\u00e9s, parfois d\u00e9sert\u00e9s.<\/p>\n\n\n\n<p>Serait-ce les hommes qui ne voulaient pas d&rsquo;elles, ou elles qui ne veulent pas des hommes?<\/p>\n\n\n\n<p><strong>\u2192 Pour entra\u00eener un peu plus loin le spectateur dans ce voyage \u00e9tonnant, les cartes des \u00eeles choisies s&rsquo;afficheront, ponctuant les r\u00e9cits de leur pr\u00e9sence sensible&#8230;.<\/strong><\/p>\n\n\n\n<p class=\"has-text-align-center\"><strong>A partir du livre <span style=\"color:#a30120\" class=\"has-inline-color\">\u00ab ATLAS des ILES ABANDONNEES \u00bb<\/span> <\/strong><br><strong>de Judith Schalansky, <\/strong> Editions Arthaud <\/p>\n\n\n<div class=\"wp-block-image\">\n<figure class=\"alignright size-large is-resized\"><img loading=\"lazy\" decoding=\"async\" src=\"https:\/\/www.marmouzic.org\/wp-content\/uploads\/2020\/06\/Flor\u00e9ana-red-site.jpg\" alt=\"\" class=\"wp-image-1072\" width=\"326\" height=\"434\" srcset=\"https:\/\/www.marmouzic.org\/wp-content\/uploads\/2020\/06\/Flor\u00e9ana-red-site.jpg 602w, https:\/\/www.marmouzic.org\/wp-content\/uploads\/2020\/06\/Flor\u00e9ana-red-site-226x300.jpg 226w, https:\/\/www.marmouzic.org\/wp-content\/uploads\/2020\/06\/Flor\u00e9ana-red-site-300x400.jpg 300w\" sizes=\"auto, (max-width: 326px) 100vw, 326px\" \/><\/figure>\n<\/div>\n\n\n<p><br><br><br><br><span class=\"has-inline-color has-nv-dark-bg-color\">De la d\u00e9couverte de Napuka par Magellan en 1520, au destin sombre de Takuu en 2918, en passant (entre autres) par les aventures rocambolesques des colons de Floreana, le destin tragique des esclaves abandonn\u00e9s sur l&rsquo;\u00eele Tromelin, la fi\u00e8vre de l&rsquo;or qui s&#8217;empare de l&rsquo;\u00eele Cocos, et l&rsquo;\u00e9tonnante histoire de la langue r\u00eav\u00e9e de Marc Liblin, <\/span><strong><span class=\"has-inline-color has-nv-dark-bg-color\">la musique de Christofer Bjurstr\u00f6m <\/span><\/strong><span class=\"has-inline-color has-nv-dark-bg-color\">au piano, aux fl\u00fbtes, \u00e0 la sanza, <\/span><strong><span class=\"has-inline-color has-nv-dark-bg-color\">se m\u00eale \u00e0 la voix de Catherine Le Flochmoan <\/span><\/strong><span class=\"has-inline-color has-nv-dark-bg-color\">pour un voyage dans ces \u00eeles au destin fascinant.<\/span><strong><br><\/strong><br><br><br><br><\/p>\n\n\n\n<p><strong><span style=\"color:#a30120\" class=\"has-inline-color\">LES ARTISTES:<\/span><\/strong><br><strong>Catherine Le Flochmoan<\/strong>: voix, chant<br><strong>Christofer Bjurstr\u00f6m<\/strong>: fl\u00fbtes, piano, sanza<br><br><br><\/p>\n\n\n\n<p class=\"has-text-align-center\"> <strong>Contact Diffusion<\/strong>: <br>Constance Devol, <br>Coop\u00e9rative Artistique 109 <br>Mail: diffusion@cooperative109.fr <br>T\u00e9l: 02 98 43 02 06 \/ 06 51 58 85 17<\/p>\n\n\n\n<p><\/p>\n\n\n\n<style id=\"sp_tab_dynamic_style810\">#sp-wp-tabs-wrapper_810 .sp-tab__nav { justify-content: flex-start; }#sp-wp-tabs-wrapper_810.sp-tab__lay-default.sp-tab__horizontal-bottom {display: flex;flex-direction: column-reverse;}#sp-wp-tabs-wrapper_810.sp-tab__lay-default.sp-tab__horizontal-bottom > ul {border-top: 1px solid #cccccc;border-bottom: 0;margin-top: 0;}#sp-wp-tabs-wrapper_810.sp-tab__lay-default.sp-tab__horizontal-bottom > ul > li .sp-tab__nav-link.sp-tab__active {border-color: transparent #cccccc#cccccc;margin-top: -1px;}#sp-wp-tabs-wrapper_810.sp-tab__lay-default.sp-tab__horizontal-bottom > ul > li .sp-tab__nav-link,#sp-wp-tabs-wrapper_810.sp-tab__lay-default.sp-tab__horizontal-bottom > ul > li a,#sp-wp-tabs-wrapper_810.sp-tab__lay-default.sp-tab__horizontal-bottom > ul > .sp-tab__nav-item {border-top: 0;border-top-left-radius: 0;border-top-right-radius: 0;border-bottom-left-radius: 2px;border-bottom-right-radius: 2px;}#sp-wp-tabs-wrapper_810.sp-tab__lay-default.sp-tab__horizontal-bottom > ul {border-bottom: none;}#sp-wp-tabs-wrapper_810.sp-tab__lay-default.sp-tab__horizontal-bottom .sp-tab__tab-content .sp-tab__tab-pane {border-top: 1px solid #cccccc;border-bottom: 0;}#sp-wp-tabs-wrapper_810.sp-tab__lay-default .sp-tab__tab-content .sp-tab-content > ul,#sp-wp-tabs-wrapper_810.sp-tab__lay-default .sp-tab__tab-content .sp-tab-content > ol {border-bottom: none;}#sp-wp-tabs-wrapper_810 .sp-tab__nav-tabs .sp-tab__nav-item.show .sp-tab__nav-link,#sp-wp-tabs-wrapper_810.sp-tab__lay-default ul li .sp-tab__nav-link.sp-tab__active {border-color: #cccccc#cccccc transparent;}#sp-wp-tabs-wrapper_810 > .sp-tab__nav-tabs .sp-tab__nav-link.sp-tab__active .sp-tab__tab_title,#sp-wp-tabs-wrapper_810.sp-tab__lay-default .sp-tab__nav-link > .sp-tab__card-header {color: #444;}#sp-wp-tabs-wrapper_810.sp-tab__lay-default > ul > li > .sp-tab__nav-link,#sp-wp-tabs-wrapper_810.sp-tab__lay-default > ul > li > a {cursor: pointer;border-color: #cccccc;padding-top: 15px;padding-right: 15px;padding-bottom: 15px;padding-left: 15px;}#sp-wp-tabs-wrapper_810 > .sp-tab__nav-tabs .sp-tab__nav-link {border: 1px solid #cccccc;height: 100%;}#sp-wp-tabs-wrapper_810.sp-tab__lay-default > ul > li .sp-tab__nav-link,#sp-wp-tabs-wrapper_810.sp-tab__lay-default > ul > li a,#sp-wp-tabs-wrapper_810.sp-tab__lay-default > ul > .sp-tab__nav-item {border-top-left-radius: 2px;border-top-right-radius: 2px;}#sp-wp-tabs-wrapper_810 .sp-tab__nav-tabs .sp-tab__nav-item {margin-bottom: -1px; }#sp-wp-tabs-wrapper_810.sp-tab__lay-default > ul .sp-tab__nav-item {margin-right: 10px;}#sp-wp-tabs-wrapper_810.sp-tab__lay-default.sp-tab__horizontal-bottom > ul .sp-tab__nav-item {margin-right: 10px;margin-top: 0;}#sp-wp-tabs-wrapper_810.sp-tab__lay-default > ul .sp-tab__nav-item .sp-tab__nav-link:hover .sp-tab__tab_title,#sp-wp-tabs-wrapper_810.sp-tab__lay-default > ul .sp-tab__nav-item a:hover .sp-tab__tab_title,#sp-wp-tabs-wrapper_810.sp-tab__lay-default .sp-tab__nav-link.collapsed .sp-tab__card-header:hover {color: #444;transition: .3s;}#sp-wp-tabs-wrapper_810.sp-tab__lay-default > ul .sp-tab__nav-item,#sp-wp-tabs-wrapper_810.sp-tab__lay-default .sp-tab__nav-link.collapsed > .sp-tab__card-header {background-color: #dd6e6e;transition: 0.3s;}#sp-wp-tabs-wrapper_810 > .sp-tab__nav-tabs > .sp-tab__nav-item.show .sp-tab__nav-link,#sp-wp-tabs-wrapper_810 > .sp-tab__nav-tabs > .sp-tab__nav-item .sp-tab__nav-link.sp-tab__active,#sp-wp-tabs-wrapper_810.sp-tab__lay-default .sp-tab__nav-link > .sp-tab__card-header {background-color: #ddbaba;}#sp-tabs-wrapper_810.sp-tab__lay-default > ul .sp-tab__nav-item .sp-tab__nav-link:not(.sp-tab__active):hover,#sp-tabs-wrapper_810.sp-tab__lay-default .sp-tab__tab-content > .sp-tab__tab-pane .sp-tab__card-header:hover {background-color: #dd5252;}#sp-wp-tabs-wrapper_810.sp-tab__lay-default > ul .sp-tab__nav-item:not(.sp-tab__active):hover,#sp-wp-tabs-wrapper_810.sp-tab__lay-default .sp-tab__nav-link.collapsed > .sp-tab__card-header:hover {background-color: #dd5252;}#sp-wp-tabs-wrapper_810.sp-tab__lay-default > ul .sp-tab__nav-item:last-child {margin-right: 0;}#sp-wp-tabs-wrapper_810.sp-tab__lay-default > .sp-tab__tab-content .sp-tab__tab-pane {border: 1px solid #cccccc;padding-top: 20px;padding-right: 20px;padding-bottom: 20px;padding-left: 20px;background-color: #ddbaba;}#sp-wp-tabs-wrapper_810.sp-tab__lay-default > ul {border-bottom: 1px solid #cccccc;}#sp-wp-tabs-wrapper_810.sp-tab__lay-default > .sp-tab__tab-content .sp-tab__tab-pane {border-top: 0px;}@media(max-width:480px) {#sp-wp-tabs-wrapper_810.sp-tab__lay-default > ul li.sp-tab__nav-item {width: 100%;margin-right: 0px;}#sp-wp-tabs-wrapper_810.sp-tab__lay-default > ul li.sp-tab__nav-item:last-child {margin-bottom: -1px;}}#sp-wp-tabs-wrapper_810.sp-tab__lay-default > ul .sp-tab__nav-item .sp-tab__tab_title,#sp-wp-tabs-wrapper_810.sp-tab__lay-default span > .sp-tab__card-header {font-weight: 600;font-style: normal;font-size: 16px;line-height: 22px;letter-spacing: 0px;color: #444;margin: 0px;font-family: Open Sans;font-style: normal;font-weight: normal;}#sp-wp-tabs-wrapper_810.sp-tab__lay-default > .sp-tab__tab-content .sp-tab__tab-pane,#sp-wp-tabs-wrapper_810.sp-tab__lay-default > .sp-tab__tab-content .sp-tab__tab-pane p {font-weight: 400;font-style: normal;font-size: 16px;line-height: 24px;letter-spacing: 0px;color: #444;font-family: Open Sans;font-style: normal;font-weight: normal;}#sp-wp-tabs-wrapper_810.sp-tab__lay-default > .sp-tab__tab-content .sp-tab__tab-pane ul li a, #sp-wp-tabs-wrapper_810.sp-tab__lay-default .sp-tab__tab-content .sp-tab__tab-pane ol li a {color: #444;}<\/style>\t\t<div id=\"sp-wp-tabs-wrapper_810\" class=\"sp-tab__lay-default\" data-preloader=\"1\" data-activemode=\"tabs-activator-event-click\" data-anchor_linking=\"1\">\n\t\t\t<div class=\"sp-tab__preloader\">\n\t\t<div class=\"sp-tab__spinner\">\n\t\t\t<div class=\"rect1\"><\/div>\n\t\t\t<div class=\"rect2\"><\/div>\n\t\t\t<div class=\"rect3\"><\/div>\n\t\t\t<div class=\"rect4\"><\/div>\n\t\t\t<div class=\"rect5\"><\/div>\n\t\t<\/div>\n\t<\/div>\n\t<ul class=\"sp-tab__nav sp-tab__nav-tabs\" id=\"sp-tab__ul\" role=\"tablist\">\n\t\t\t\t<li class=\"sp-tab__nav-item\" role=\"presentation\">\n\t\t\t\t<span class=\"sp-tab__nav-link sp-tab__active\" data-sptoggle=\"tab\" for=\"#tab-8101\" role=\"tab\" aria-controls=tab-8101 aria-selected=true tabindex=0>\n\t\t\t\t\t<span class=\"tab_title_area\"><H4 class=\"sp-tab__tab_title\">Extraits...<\/H4><\/span>\n\t\t\t\t<\/span>\n\t\t\t<\/li>\n\t\t\t\t\t\t<li class=\"sp-tab__nav-item\" role=\"presentation\">\n\t\t\t\t<span class=\"sp-tab__nav-link\" data-sptoggle=\"tab\" for=\"#tab-8102\" role=\"tab\" aria-controls=tab-8102 aria-selected=true tabindex=0>\n\t\t\t\t\t<span class=\"tab_title_area\"><H4 class=\"sp-tab__tab_title\">En Pratique<\/H4><\/span>\n\t\t\t\t<\/span>\n\t\t\t<\/li>\n\t\t\t<\/ul>\n<div class=\"sp-tab__tab-content\">\n\t\t\t\t<div id=\"tab-8101\" class=\"sp-tab__tab-pane sp-tab__show sp-tab__active\" role=\"tabpanel\">\n\t\t\t\t\t<div class=\"sp-tab-content \"><p><span style=\"color: #990000\"><span style=\"font-family: Georgia, serif\"><span style=\"font-size: xx-large\"><b>Extraits<\/b><\/span><\/span><\/span><\/p>\n<p><span style=\"font-family: Georgia, serif\"><i><b>\u00ab\u00a0Les \u00eeles abandonn\u00e9es sont, comme toutes les \u00eeles, des bateaux immobiles....<br \/>\n<\/b><\/i><\/span><span style=\"font-family: Georgia, serif\"><i><b>Mais une \u00eele, c'est d'abord une ombre sur l'horizon de la mer. Une ombre qui grossit, s'\u00e9tale, prend du relief et des couleurs au rythme de l'approche....<\/b><\/i><\/span><\/p>\n<p><span style=\"font-family: Georgia, serif\"><i><b>Une rencontre avec tous les possibles... <\/b><\/i><\/span><\/p>\n<p><span style=\"color: #990000\"><span style=\"font-family: Georgia, serif\"><span style=\"font-size: x-large\"><u><b>Les \u00eeles choisies\u00a0:<\/b><\/u><\/span><\/span><\/span><\/p>\n<p><span style=\"font-family: Georgia, serif\"><span style=\"color: #990000\"><span style=\"font-size: large\"><b>L'\u00cele de Napuka <\/b><\/span><\/span><span style=\"font-size: small\">(<\/span><span style=\"font-size: small\"><i>archipel des \u00eeles duD\u00e9sappointement en Polyn\u00e9sie fran\u00e7aise) ,<br \/>\n<\/i><\/span><\/span><span style=\"font-family: Georgia, serif\"><span style=\"font-size: large\"><i>\u00ab\u00a0Le 28 novembre 1520, quand son \u00e9quipage et lui atteignent le large et cinglent vers le Nord-Est, le capitaine g\u00e9n\u00e9ral Ferdinand Magellan annonce que les \u00eeles des \u00e9pices ne sont plus qu'\u00e0 un mois de navigation. Mais ils d\u00e9chantent rapidement...\u00bb<\/i><\/span><\/span><\/p>\n<p align=\"LEFT\"><span style=\"font-family: Georgia, serif\"><span style=\"font-size: large\"><span style=\"color: #990000\"><b>L'\u00eele Floreana <\/b><\/span><span style=\"font-size: small\"><b>(<\/b><\/span><span style=\"font-size: small\"><i>\u00celes Gal\u00e2pagos, \u00c9quateur)<br \/>\n<\/i><\/span><\/span><\/span><span style=\"font-family: Georgia, serif\"><span style=\"font-size: large\"><i>\u00ab\u00a0Sur Floreana, Friedrich et Dora fondent leur ferme Frido dans le crat\u00e8re verdoyant d'un volcan \u00e9teint, ils y construisent une cabane en t\u00f4le ondul\u00e9e et acier inoxydable et cultivent une acre de terrain. Dans leur retraite, ils ne se v\u00eatent que lorsqu'ils ont de la visite.... En 1934, la com\u00e9die vire soudain au polar...\u00a0\u00bb<\/i><\/span><\/span><\/p>\n<p align=\"JUSTIFY\"><span style=\"font-family: Georgia, serif\"><span style=\"font-size: large\"><span style=\"color: #990000\"><b>L'\u00cele Bouvet<\/b><\/span><b> <\/b><span style=\"font-size: small\"><i>(Norv\u00e8ge)<br \/>\n<\/i><\/span><\/span><\/span><span style=\"font-family: Georgia, serif\"><span style=\"font-size: large\"><i>\u00ab\u00a0Dans les ann\u00e9es 1800, au sud de la colonie du Cap s'\u00e9tend une vaste mer encore inexplor\u00e9e des oc\u00e9anographes...en 1898, peint en blanc tropical, le Valdivia met cap au sud pour suivre un cours qu'aucun navire n'a emprunt\u00e9 depuis plus de cinquante ans...Le barom\u00e8tre descend, le vent se mue en une violente temp\u00eate force dix Beaufort qui les oblige \u00e0 se d\u00e9router....\u00a0\u00bb <\/i><\/span><\/span><\/p>\n<p align=\"LEFT\"><span style=\"font-family: Georgia, serif\"><span style=\"font-size: large\"><span style=\"color: #990000\"><b>L\u2019\u00eele Tromelin<\/b><\/span> <span style=\"font-size: small\"><i>(\u00eeles \u00c9parses, France)<br \/>\n<\/i><\/span><\/span><\/span><span style=\"font-family: Georgia, serif\"><span style=\"font-size: large\"><i>\u00ab\u00a0Le I7 novembre I760, l'Utile, un navire de commerce de la Compagnie fran\u00e7aise des Indes orientales, quitte Bayonne et cingle vers les \u00eeles Mascareignes...Mais une temp\u00eate d\u00e9tourne l'Utile de sa route. Le navire s'\u00e9choue et se brise sur les r\u00e9cifs de cet \u00eelot qu'on nomme l'\u00eele des Sables, un banc de sable d'\u00e0 peine deux kilom\u00e8tres de long et huit cents m\u00e8tres de large, plant\u00e9 de quelques palmiers...\u00bb. <\/i><\/span><\/span><\/p>\n<p align=\"JUSTIFY\"><span style=\"font-family: Georgia, serif\"><span style=\"font-size: large\"><span style=\"color: #990000\"><b>L\u2019\u00eele Cocos<\/b><\/span><b> <\/b><span style=\"font-size: small\"><i>(Costa Rica)<br \/>\n<\/i><\/span><\/span><\/span><span style=\"font-family: Georgia, serif\"><span style=\"font-size: large\"><i>\u00ab\u00a0Une \u00eele, deux cartes, trois tr\u00e9sors. August Gissler est certain de pouvoir mettre la main sur l'or vol\u00e9 des corsaires qui arborent pavillon noir: le butin d'Edward Davis, celui de Benito Bon; et le tr\u00e9sor de l'\u00e9glise de Lima, avec sa Vierge \u00e0 l'Enfant grandeur nature en or massif.....\u00a0\u00bb\u00a0<\/i><\/span><\/span><\/p>\n<p align=\"JUSTIFY\"><span style=\"font-family: Georgia, serif\"><span style=\"font-size: large\"><span style=\"color: #990000\"><b>L'\u00cele Clipperton<\/b><\/span><b> <\/b><span style=\"font-size: small\"><i>(France)<br \/>\n<\/i><\/span><\/span><\/span><span style=\"font-family: Georgia, serif\"><span style=\"font-size: large\"><i>\u00ab\u00a01915, le bateau d'Acapulco n'est pas pass\u00e9. C'est un croiseur am\u00e9ricain qui apporte les nouvelles\u00a0; dans le monde la guerre fait rage, au Mexique r\u00e8gne le chaos. Leur g\u00e9n\u00e9ral n'est plus au pouvoir. On les a oubli\u00e9s....\u00a0\u00bb <\/i><\/span><\/span><\/p>\n<p align=\"LEFT\"><span style=\"font-family: Georgia, serif\"><span style=\"font-size: large\"><span style=\"color: #990000\"><b>L\u2019\u00eele Pukapuka<\/b><\/span> <span style=\"font-size: small\"><i>(\u00celes Cook)<br \/>\n<\/i><\/span><\/span><\/span><span style=\"font-family: Georgia, serif\"><span style=\"font-size: large\"><i>\u00ab\u00a0Dans les ann\u00e9es 30, Robert Dean Frisbie est assis sur la v\u00e9randa du comptoir commercial de Pukapuka......\u00e0 la tomb\u00e9e de la nuit, les jeunes des trois villages se retrouvent sur la plage la plus \u00e9loign\u00e9e. Ils font les fous, dansent, chantent et couchent ensemble.....Le sexe est un jeu, o\u00f9 la jalousie n'a pas de place....Apr\u00e8s le sexe, femmes et hommes se baignent ensemble dans la mer....\u00a0\u00bb <\/i><\/span><\/span><\/p>\n<p align=\"LEFT\"><span style=\"font-family: Georgia, serif\"><span style=\"font-size: large\"><span style=\"color: #990000\"><b>L\u2019\u00eele Diego Garcia <\/b><\/span><span style=\"font-size: small\"><i><b>(<\/b><\/i><\/span><span style=\"font-size: small\"><i>Archipel des Chagos, Royaume-Uni)<br \/>\n<\/i><\/span><\/span><\/span><span style=\"font-family: Georgia, serif\"><span style=\"font-size: large\"><i>\u00ab 2018 : Dans les bidonvilles de Port Louis, ils attendent leur retour. Voici plus de quarante ans que les Chagossiens ont perdu, avec leur patrie, leur existence dans un modeste paradis. C'est un peuple \u00e0 qui l'on d\u00e9nie le droit d'en \u00eatre un...Qui se soucie des cinq cents familles qu'on a d\u00e9port\u00e9es et d\u00e9cr\u00e9t\u00e9es immigr\u00e9es?\u00a0 \u00bb<\/i><\/span><\/span><\/p>\n<p><span style=\"font-family: Georgia, serif\"><span style=\"font-size: large\"><span style=\"color: #990000\"><b>L\u2019\u00eele Rapa Iti <\/b><\/span><span style=\"font-size: small\"><i><b>(<\/b><\/i><\/span><span style=\"font-size: small\"><i>\u00celes australes, Polyn\u00e9sie fran\u00e7aise)<br \/>\n<\/i><\/span><\/span><\/span><span style=\"font-family: Georgia, serif\"><span style=\"font-size: large\"><i>\u00ab\u00a01954, dans une bourgade des contreforts vosgiens, un petit gar\u00e7on de six ans est hant\u00e9 par des r\u00eaves,dans lesquels on lui enseigne une langue qui lui est totalement inconnue.... La rencontre avec la dame polyn\u00e9sienne va changer la vie de Liblin: Meretuini Make ouvre la porte, Marc Liblin la salue dans la langue de ses r\u00eaves, et elle r\u00e9pond aussit\u00f4t dans le vieil idiome rapa de son pays....\u00a0\u00bb <\/i><\/span><\/span><\/p>\n<p align=\"JUSTIFY\"><span style=\"font-family: Georgia, serif\"><span style=\"font-size: large\"><span style=\"color: #990000\"><b>L\u2019\u00eele Takuu<\/b><\/span><b> <\/b><span style=\"font-size: small\"><i>(Papouasie-Nouvelle-Guin\u00e9e)<br \/>\n<\/i><\/span><\/span><\/span><span style=\"font-family: Georgia, serif\"><span style=\"font-size: large\"><i>\u00ab\u00a0Les gens<\/i> <i>de Takuu veulent rester fid\u00e8les \u00e0 eux-m\u00eames et \u00e0 leurs croyances. Ils ont besoin de la<\/i> <i>proximit\u00e9 des esprits qui \u00e9difi\u00e8rent jadis cet atoll sur l'ossature de l'oc\u00e9an...La mer monte.....Les \u00eeles coulent...La mer mange toujours plus la terre.....\u00a0\u00bb<\/i><\/span><\/span><\/p>\n<\/div>\n\t\t\t\t<\/div>\n\t\t\t\t\t\t\t\t<div id=\"tab-8102\" class=\"sp-tab__tab-pane \" role=\"tabpanel\">\n\t\t\t\t\t<div class=\"sp-tab-content \"><p><span style=\"color: #0000ff\"><span style=\"font-family: Georgia, serif\"><span style=\"font-size: 300%\"><b><span style=\"color: #990000\">En pratique\u00a0:<\/span> <\/b><\/span><\/span><\/span><\/p>\n<p><span style=\"color: #990000\"><span style=\"font-family: Georgia, serif\"><span style=\"font-size: xx-large\"><b>Les artistes :<\/b><\/span><\/span><\/span><\/p>\n<p><img loading=\"lazy\" decoding=\"async\" class=\" wp-image-2389 alignleft\" src=\"https:\/\/www.marmouzic.org\/wp-content\/uploads\/2021\/04\/DSC_0378-recadree-300x214.jpg\" alt=\"\" width=\"289\" height=\"206\" srcset=\"https:\/\/www.marmouzic.org\/wp-content\/uploads\/2021\/04\/DSC_0378-recadree-300x214.jpg 300w, https:\/\/www.marmouzic.org\/wp-content\/uploads\/2021\/04\/DSC_0378-recadree-1024x731.jpg 1024w, https:\/\/www.marmouzic.org\/wp-content\/uploads\/2021\/04\/DSC_0378-recadree-768x549.jpg 768w, https:\/\/www.marmouzic.org\/wp-content\/uploads\/2021\/04\/DSC_0378-recadree-1536x1097.jpg 1536w, https:\/\/www.marmouzic.org\/wp-content\/uploads\/2021\/04\/DSC_0378-recadree-2048x1463.jpg 2048w\" sizes=\"auto, (max-width: 289px) 100vw, 289px\" \/><\/p>\n<p><span style=\"font-size: large\"><b>Christofer Bjurstr\u00f6m :<br \/>\n<\/b>composition, piano, fl\u00fbtes nordiques et traversi\u00e8re<\/span><br \/>\n<b><\/b><\/p>\n<p><span style=\"font-size: large\"><b>Catherine Le Flochmoan\u00a0:<br \/>\n<\/b><\/span><span style=\"font-size: large\">com\u00e9dienne et chanteuse<\/span><\/p>\n<p align=\"LEFT\"><span style=\"color: #0000ff\">\u00a0<\/span><\/p>\n<p align=\"LEFT\"><span style=\"color: #990000\"><span style=\"font-family: Georgia, serif\"><span style=\"font-size: xx-large\"><u><b>Les conditions techniques\u00a0:<\/b><\/u><\/span><\/span><\/span><\/p>\n<p align=\"LEFT\"><span style=\"font-size: large\"><span style=\"font-family: Georgia, serif\"><b>Les artistes peuvent se produire p<\/b><\/span><\/span><span style=\"font-size: large\"><span style=\"font-family: Georgia, serif\"><b>artout <\/b><\/span><span style=\"font-family: Georgia, serif\">(m\u00e9diath\u00e8que, plein air, \u00e9coles, coll\u00e8ges, lyc\u00e9es, salles de spectacle et polyvalentes) et peuvent aussi pr\u00e9parer des textes que l'organisateur aurait choisis.<\/span><\/span><\/p>\n<p align=\"LEFT\"><span style=\"font-size: large\"><b><span style=\"color: #990000\"><span style=\"font-family: Georgia, serif\">Ils peuvent fournir tout le mat<\/span><\/span><\/b><\/span><span style=\"font-size: large\"><b><span style=\"color: #990000\"><span style=\"font-family: Georgia, serif\">\u00e9riel technique<\/span><\/span> <span style=\"font-family: Georgia, serif\">(lumi\u00e8res, son et instrument de musique)<\/span><\/b><\/span><\/p>\n<p align=\"CENTER\"><span style=\"color: #990000\"><span style=\"font-size: x-large\"><span style=\"font-family: Georgia, serif\"><b>NB\u00a0: Bien s\u00fbr, le spectacle n'en sera que mieux<br \/>\n<\/b><\/span><\/span><\/span><span style=\"color: #990000\"><span style=\"font-size: x-large\"><span style=\"font-family: Georgia, serif\"><b>si l'organisateur peut fournir un piano<\/b><\/span><\/span><\/span><\/p>\n<p align=\"CENTER\">(mais un piano num\u00e9rique peut aussi convenir)<\/p>\n<p align=\"CENTER\"><span style=\"color: #000000\"><span style=\"font-family: Georgia, serif\"><span style=\"font-size: medium\"><i>Pour les conditions financi\u00e8res et technique, d\u00e9fraiements etc..., nous consulter<\/i><\/span><\/span><\/span><\/p>\n<\/div>\n\t\t\t\t<\/div>\n\t\t\t\t<\/div>\n\t\t<\/div>\n\t\t\n\n\n<div\n\t\t\t\n\t\t\tclass=\"so-widget-sow-button so-widget-sow-button-wire-af96705daa24\"\n\t\t\t\n\t\t><div class=\"ow-button-base ow-button-align-center\"\n>\n\t\t\t<a\n\t\t\t\t\thref=\"https:\/\/www.marmouzic.org\/index.php\/voyage-dans-des-iles-oubliees\/\"\n\t\t\t\t\tclass=\"sowb-button ow-icon-placement-top ow-button-hover\" \t>\n\t\t<span>\n\t\t\t<span class=\"sow-icon-ionicons\" data-sow-icon=\"&#xf398;\"\n\t\tstyle=\"color: #000000\" \n\t\taria-hidden=\"true\"><\/span>\n\t\t\tHaut de page\t\t<\/span>\n\t\t\t<\/a>\n\t<\/div>\n<\/div>","protected":false},"excerpt":{"rendered":"<p>LECTURE MUSICALE Une \u00e9vocation en 10 textes courts et en musique de 10 \u00eeles aux destins \u00e9tranges. La com\u00e9dienne et chanteuse Catherine Le Flochmoan et le compositeur et pianiste\/fl\u00fbtiste Christofer Bjurstr\u00f6m vous convient \u00e0 un voyage en mots et en musique dans des \u00eeles perdues au milieu des oc\u00e9ans. Une \u00e9vocation sensible de quelques \u00eeles&hellip;&nbsp;<a href=\"https:\/\/www.marmouzic.org\/index.php\/voyage-dans-des-iles-oubliees\/\" rel=\"bookmark\">Lire la suite &raquo;<span class=\"screen-reader-text\">Voyage dans des Iles Oubli\u00e9es<\/span><\/a><\/p>\n","protected":false},"author":1,"featured_media":0,"parent":0,"menu_order":0,"comment_status":"closed","ping_status":"closed","template":"","meta":{"neve_meta_sidebar":"right","neve_meta_container":"","neve_meta_enable_content_width":"on","neve_meta_content_width":70,"neve_meta_title_alignment":"","neve_meta_author_avatar":"","neve_post_elements_order":"","neve_meta_disable_header":"","neve_meta_disable_footer":"","neve_meta_disable_title":"","footnotes":""},"class_list":["post-85","page","type-page","status-publish","hentry"],"featured_image_src":null,"featured_image_src_square":null,"_links":{"self":[{"href":"https:\/\/www.marmouzic.org\/index.php\/wp-json\/wp\/v2\/pages\/85","targetHints":{"allow":["GET"]}}],"collection":[{"href":"https:\/\/www.marmouzic.org\/index.php\/wp-json\/wp\/v2\/pages"}],"about":[{"href":"https:\/\/www.marmouzic.org\/index.php\/wp-json\/wp\/v2\/types\/page"}],"author":[{"embeddable":true,"href":"https:\/\/www.marmouzic.org\/index.php\/wp-json\/wp\/v2\/users\/1"}],"replies":[{"embeddable":true,"href":"https:\/\/www.marmouzic.org\/index.php\/wp-json\/wp\/v2\/comments?post=85"}],"version-history":[{"count":25,"href":"https:\/\/www.marmouzic.org\/index.php\/wp-json\/wp\/v2\/pages\/85\/revisions"}],"predecessor-version":[{"id":6167,"href":"https:\/\/www.marmouzic.org\/index.php\/wp-json\/wp\/v2\/pages\/85\/revisions\/6167"}],"wp:attachment":[{"href":"https:\/\/www.marmouzic.org\/index.php\/wp-json\/wp\/v2\/media?parent=85"}],"curies":[{"name":"wp","href":"https:\/\/api.w.org\/{rel}","templated":true}]}}