{"id":9,"date":"2019-12-13T17:33:12","date_gmt":"2019-12-13T16:33:12","guid":{"rendered":"http:\/\/www.marmouzic.org\/wwz\/?page_id=9"},"modified":"2023-03-28T15:57:35","modified_gmt":"2023-03-28T13:57:35","slug":"catherine-leflochmoan","status":"publish","type":"page","link":"https:\/\/www.marmouzic.org\/index.php\/catherine-leflochmoan\/","title":{"rendered":"Catherine Le Flochmoan"},"content":{"rendered":"\n<p><strong><span style=\"color:#c61f1f\" class=\"has-inline-color\">Qui je suis&nbsp;?<\/span><\/strong><\/p>\n\n\n\n<p class=\"has-normal-font-size\">Pas facile de parler \u00e0 la premi\u00e8re personne&#8230;. Allez, je me lance.<\/p>\n\n\n\n<div class=\"wp-block-columns is-layout-flex wp-container-core-columns-is-layout-9d6595d7 wp-block-columns-is-layout-flex\">\n<div class=\"wp-block-column is-layout-flow wp-block-column-is-layout-flow\" style=\"flex-basis:25%\"><\/div>\n\n\n\n<div class=\"wp-block-column is-layout-flow wp-block-column-is-layout-flow\" style=\"flex-basis:50%\"><div\n\t\t\t\n\t\t\tclass=\"so-widget-sow-slider so-widget-sow-slider-default-4cdf936dcdd7\"\n\t\t\t\n\t\t>\t\t\t\t<div class=\"sow-slider-base\" style=\"display: none\" tabindex=\"0\">\n\t\t\t\t\t<ul\n\t\t\t\t\tclass=\"sow-slider-images\"\n\t\t\t\t\tdata-settings=\"{&quot;pagination&quot;:true,&quot;speed&quot;:800,&quot;timeout&quot;:1500,&quot;paused&quot;:false,&quot;pause_on_hover&quot;:false,&quot;swipe&quot;:true,&quot;nav_always_show_desktop&quot;:&quot;&quot;,&quot;nav_always_show_mobile&quot;:&quot;&quot;,&quot;breakpoint&quot;:&quot;780px&quot;,&quot;unmute&quot;:false,&quot;anchor&quot;:null}\"\n\t\t\t\t\t\t\t\t\t\tdata-anchor-id=\"\"\n\t\t\t\t>\t\t<li class=\"sow-slider-image\" style=\"visibility: visible;\" >\n\t\t\t\t\t\t<div class=\"sow-slider-image-container\">\n\t\t\t\t<div class=\"sow-slider-image-wrapper\" style=\"max-width: 1280px\">\n\t\t\t\t\t\t\t\t\t\t<div class=\"sow-slider-image-foreground-wrapper\">\n\t\t\t\t\t\t<img loading=\"lazy\" decoding=\"async\" width=\"1280\" height=\"853\" src=\"https:\/\/www.marmouzic.org\/wp-content\/uploads\/2020\/05\/CatherinePleinAir-6-4-1280.jpg\" class=\"sow-slider-foreground-image\" alt=\"\" style=\"\" srcset=\"https:\/\/www.marmouzic.org\/wp-content\/uploads\/2020\/05\/CatherinePleinAir-6-4-1280.jpg 1280w, https:\/\/www.marmouzic.org\/wp-content\/uploads\/2020\/05\/CatherinePleinAir-6-4-1280-300x200.jpg 300w, https:\/\/www.marmouzic.org\/wp-content\/uploads\/2020\/05\/CatherinePleinAir-6-4-1280-1024x682.jpg 1024w, https:\/\/www.marmouzic.org\/wp-content\/uploads\/2020\/05\/CatherinePleinAir-6-4-1280-768x512.jpg 768w, https:\/\/www.marmouzic.org\/wp-content\/uploads\/2020\/05\/CatherinePleinAir-6-4-1280-391x260.jpg 391w, https:\/\/www.marmouzic.org\/wp-content\/uploads\/2020\/05\/CatherinePleinAir-6-4-1280-600x400.jpg 600w, https:\/\/www.marmouzic.org\/wp-content\/uploads\/2020\/05\/CatherinePleinAir-6-4-1280-930x620.jpg 930w, https:\/\/www.marmouzic.org\/wp-content\/uploads\/2020\/05\/CatherinePleinAir-6-4-1280-272x182.jpg 272w\" sizes=\"auto, (max-width: 1280px) 100vw, 1280px\" \/>\t\t\t\t\t<\/div>\n\t\t\t\t\t\t\t\t\t<\/div>\n\t\t\t<\/div>\n\t\t\t\t\t<\/li>\n\t\t\t\t<li class=\"sow-slider-image\" style=\"visibility: hidden;\" >\n\t\t\t\t\t\t<div class=\"sow-slider-image-container\">\n\t\t\t\t<div class=\"sow-slider-image-wrapper\" style=\"max-width: 1280px\">\n\t\t\t\t\t\t\t\t\t\t<div class=\"sow-slider-image-foreground-wrapper\">\n\t\t\t\t\t\t<img loading=\"lazy\" decoding=\"async\" width=\"1280\" height=\"853\" src=\"https:\/\/www.marmouzic.org\/wp-content\/uploads\/2020\/05\/CatherineParis-6-4-1280.jpg\" class=\"sow-slider-foreground-image\" alt=\"\" style=\"\" srcset=\"https:\/\/www.marmouzic.org\/wp-content\/uploads\/2020\/05\/CatherineParis-6-4-1280.jpg 1280w, https:\/\/www.marmouzic.org\/wp-content\/uploads\/2020\/05\/CatherineParis-6-4-1280-300x200.jpg 300w, https:\/\/www.marmouzic.org\/wp-content\/uploads\/2020\/05\/CatherineParis-6-4-1280-1024x682.jpg 1024w, https:\/\/www.marmouzic.org\/wp-content\/uploads\/2020\/05\/CatherineParis-6-4-1280-768x512.jpg 768w, https:\/\/www.marmouzic.org\/wp-content\/uploads\/2020\/05\/CatherineParis-6-4-1280-391x260.jpg 391w, https:\/\/www.marmouzic.org\/wp-content\/uploads\/2020\/05\/CatherineParis-6-4-1280-600x400.jpg 600w, https:\/\/www.marmouzic.org\/wp-content\/uploads\/2020\/05\/CatherineParis-6-4-1280-930x620.jpg 930w, https:\/\/www.marmouzic.org\/wp-content\/uploads\/2020\/05\/CatherineParis-6-4-1280-272x182.jpg 272w\" sizes=\"auto, (max-width: 1280px) 100vw, 1280px\" \/>\t\t\t\t\t<\/div>\n\t\t\t\t\t\t\t\t\t<\/div>\n\t\t\t<\/div>\n\t\t\t\t\t<\/li>\n\t\t\t\t<li class=\"sow-slider-image\" style=\"visibility: hidden;\" >\n\t\t\t\t\t\t<div class=\"sow-slider-image-container\">\n\t\t\t\t<div class=\"sow-slider-image-wrapper\" style=\"max-width: 1280px\">\n\t\t\t\t\t\t\t\t\t\t<div class=\"sow-slider-image-foreground-wrapper\">\n\t\t\t\t\t\t<img loading=\"lazy\" decoding=\"async\" width=\"1280\" height=\"853\" src=\"https:\/\/www.marmouzic.org\/wp-content\/uploads\/2020\/05\/Catherine-Okalik-\u00a9S\u00e9bastienDurand-6-4-1280.jpg\" class=\"sow-slider-foreground-image\" alt=\"\" style=\"\" srcset=\"https:\/\/www.marmouzic.org\/wp-content\/uploads\/2020\/05\/Catherine-Okalik-\u00a9S\u00e9bastienDurand-6-4-1280.jpg 1280w, https:\/\/www.marmouzic.org\/wp-content\/uploads\/2020\/05\/Catherine-Okalik-\u00a9S\u00e9bastienDurand-6-4-1280-300x200.jpg 300w, https:\/\/www.marmouzic.org\/wp-content\/uploads\/2020\/05\/Catherine-Okalik-\u00a9S\u00e9bastienDurand-6-4-1280-1024x682.jpg 1024w, https:\/\/www.marmouzic.org\/wp-content\/uploads\/2020\/05\/Catherine-Okalik-\u00a9S\u00e9bastienDurand-6-4-1280-768x512.jpg 768w, https:\/\/www.marmouzic.org\/wp-content\/uploads\/2020\/05\/Catherine-Okalik-\u00a9S\u00e9bastienDurand-6-4-1280-391x260.jpg 391w, https:\/\/www.marmouzic.org\/wp-content\/uploads\/2020\/05\/Catherine-Okalik-\u00a9S\u00e9bastienDurand-6-4-1280-600x400.jpg 600w, https:\/\/www.marmouzic.org\/wp-content\/uploads\/2020\/05\/Catherine-Okalik-\u00a9S\u00e9bastienDurand-6-4-1280-930x620.jpg 930w, https:\/\/www.marmouzic.org\/wp-content\/uploads\/2020\/05\/Catherine-Okalik-\u00a9S\u00e9bastienDurand-6-4-1280-272x182.jpg 272w\" sizes=\"auto, (max-width: 1280px) 100vw, 1280px\" \/>\t\t\t\t\t<\/div>\n\t\t\t\t\t\t\t\t\t<\/div>\n\t\t\t<\/div>\n\t\t\t\t\t<\/li>\n\t\t\t\t<li class=\"sow-slider-image\" style=\"visibility: hidden;\" >\n\t\t\t\t\t\t<div class=\"sow-slider-image-container\">\n\t\t\t\t<div class=\"sow-slider-image-wrapper\" style=\"max-width: 1280px\">\n\t\t\t\t\t\t\t\t\t\t<div class=\"sow-slider-image-foreground-wrapper\">\n\t\t\t\t\t\t<img loading=\"lazy\" decoding=\"async\" width=\"1280\" height=\"853\" src=\"https:\/\/www.marmouzic.org\/wp-content\/uploads\/2020\/05\/Catherine-Hipollene-6-4-1280.jpg\" class=\"sow-slider-foreground-image\" alt=\"\" style=\"\" srcset=\"https:\/\/www.marmouzic.org\/wp-content\/uploads\/2020\/05\/Catherine-Hipollene-6-4-1280.jpg 1280w, https:\/\/www.marmouzic.org\/wp-content\/uploads\/2020\/05\/Catherine-Hipollene-6-4-1280-300x200.jpg 300w, https:\/\/www.marmouzic.org\/wp-content\/uploads\/2020\/05\/Catherine-Hipollene-6-4-1280-1024x682.jpg 1024w, https:\/\/www.marmouzic.org\/wp-content\/uploads\/2020\/05\/Catherine-Hipollene-6-4-1280-768x512.jpg 768w, https:\/\/www.marmouzic.org\/wp-content\/uploads\/2020\/05\/Catherine-Hipollene-6-4-1280-391x260.jpg 391w, https:\/\/www.marmouzic.org\/wp-content\/uploads\/2020\/05\/Catherine-Hipollene-6-4-1280-600x400.jpg 600w, https:\/\/www.marmouzic.org\/wp-content\/uploads\/2020\/05\/Catherine-Hipollene-6-4-1280-930x620.jpg 930w, https:\/\/www.marmouzic.org\/wp-content\/uploads\/2020\/05\/Catherine-Hipollene-6-4-1280-272x182.jpg 272w\" sizes=\"auto, (max-width: 1280px) 100vw, 1280px\" \/>\t\t\t\t\t<\/div>\n\t\t\t\t\t\t\t\t\t<\/div>\n\t\t\t<\/div>\n\t\t\t\t\t<\/li>\n\t\t\t\t<li class=\"sow-slider-image\" style=\"visibility: hidden;\" >\n\t\t\t\t\t\t<div class=\"sow-slider-image-container\">\n\t\t\t\t<div class=\"sow-slider-image-wrapper\" style=\"max-width: 666px\">\n\t\t\t\t\t\t\t\t\t\t<div class=\"sow-slider-image-foreground-wrapper\">\n\t\t\t\t\t\t<img loading=\"lazy\" decoding=\"async\" width=\"666\" height=\"444\" src=\"https:\/\/www.marmouzic.org\/wp-content\/uploads\/2020\/05\/CatherineCorse-6-4.jpg\" class=\"sow-slider-foreground-image\" alt=\"\" style=\"\" srcset=\"https:\/\/www.marmouzic.org\/wp-content\/uploads\/2020\/05\/CatherineCorse-6-4.jpg 666w, https:\/\/www.marmouzic.org\/wp-content\/uploads\/2020\/05\/CatherineCorse-6-4-300x200.jpg 300w, https:\/\/www.marmouzic.org\/wp-content\/uploads\/2020\/05\/CatherineCorse-6-4-391x260.jpg 391w, https:\/\/www.marmouzic.org\/wp-content\/uploads\/2020\/05\/CatherineCorse-6-4-600x400.jpg 600w, https:\/\/www.marmouzic.org\/wp-content\/uploads\/2020\/05\/CatherineCorse-6-4-272x182.jpg 272w\" sizes=\"auto, (max-width: 666px) 100vw, 666px\" \/>\t\t\t\t\t<\/div>\n\t\t\t\t\t\t\t\t\t<\/div>\n\t\t\t<\/div>\n\t\t\t\t\t<\/li>\n\t\t\t\t<li class=\"sow-slider-image\" style=\"visibility: hidden;\" >\n\t\t\t\t\t\t<div class=\"sow-slider-image-container\">\n\t\t\t\t<div class=\"sow-slider-image-wrapper\" style=\"max-width: 1280px\">\n\t\t\t\t\t\t\t\t\t\t<div class=\"sow-slider-image-foreground-wrapper\">\n\t\t\t\t\t\t<img loading=\"lazy\" decoding=\"async\" width=\"1280\" height=\"853\" src=\"https:\/\/www.marmouzic.org\/wp-content\/uploads\/2020\/05\/Catherine-Seraphine-6-4-1280.jpg\" class=\"sow-slider-foreground-image\" alt=\"\" style=\"\" srcset=\"https:\/\/www.marmouzic.org\/wp-content\/uploads\/2020\/05\/Catherine-Seraphine-6-4-1280.jpg 1280w, https:\/\/www.marmouzic.org\/wp-content\/uploads\/2020\/05\/Catherine-Seraphine-6-4-1280-300x200.jpg 300w, https:\/\/www.marmouzic.org\/wp-content\/uploads\/2020\/05\/Catherine-Seraphine-6-4-1280-1024x682.jpg 1024w, https:\/\/www.marmouzic.org\/wp-content\/uploads\/2020\/05\/Catherine-Seraphine-6-4-1280-768x512.jpg 768w, https:\/\/www.marmouzic.org\/wp-content\/uploads\/2020\/05\/Catherine-Seraphine-6-4-1280-391x260.jpg 391w, https:\/\/www.marmouzic.org\/wp-content\/uploads\/2020\/05\/Catherine-Seraphine-6-4-1280-600x400.jpg 600w, https:\/\/www.marmouzic.org\/wp-content\/uploads\/2020\/05\/Catherine-Seraphine-6-4-1280-930x620.jpg 930w, https:\/\/www.marmouzic.org\/wp-content\/uploads\/2020\/05\/Catherine-Seraphine-6-4-1280-272x182.jpg 272w\" sizes=\"auto, (max-width: 1280px) 100vw, 1280px\" \/>\t\t\t\t\t<\/div>\n\t\t\t\t\t\t\t\t\t<\/div>\n\t\t\t<\/div>\n\t\t\t\t\t<\/li>\n\t\t<\/ul>\t\t\t\t<ol class=\"sow-slider-pagination\">\n\t\t\t\t\t\t\t\t\t\t\t<li><a href=\"#\" data-goto=\"0\" aria-label=\"Display slide 1\"><\/a><\/li>\n\t\t\t\t\t\t\t\t\t\t\t<li><a href=\"#\" data-goto=\"1\" aria-label=\"Display slide 2\"><\/a><\/li>\n\t\t\t\t\t\t\t\t\t\t\t<li><a href=\"#\" data-goto=\"2\" aria-label=\"Display slide 3\"><\/a><\/li>\n\t\t\t\t\t\t\t\t\t\t\t<li><a href=\"#\" data-goto=\"3\" aria-label=\"Display slide 4\"><\/a><\/li>\n\t\t\t\t\t\t\t\t\t\t\t<li><a href=\"#\" data-goto=\"4\" aria-label=\"Display slide 5\"><\/a><\/li>\n\t\t\t\t\t\t\t\t\t\t\t<li><a href=\"#\" data-goto=\"5\" aria-label=\"Display slide 6\"><\/a><\/li>\n\t\t\t\t\t\t\t\t\t<\/ol>\n\n\t\t\t\t<div class=\"sow-slide-nav sow-slide-nav-next\">\n\t\t\t\t\t<a href=\"#\" data-goto=\"next\" aria-label=\"Next slide\" data-action=\"next\">\n\t\t\t\t\t\t<em class=\"sow-sld-icon-thin-right\"><\/em>\n\t\t\t\t\t<\/a>\n\t\t\t\t<\/div>\n\n\t\t\t\t<div class=\"sow-slide-nav sow-slide-nav-prev\">\n\t\t\t\t\t<a href=\"#\" data-goto=\"previous\" aria-label=\"Previous slide\" data-action=\"prev\">\n\t\t\t\t\t\t<em class=\"sow-sld-icon-thin-left\"><\/em>\n\t\t\t\t\t<\/a>\n\t\t\t\t<\/div>\n\t\t\t\t<\/div><\/div><\/div>\n\n\n\n<div class=\"wp-block-column is-layout-flow wp-block-column-is-layout-flow\" style=\"flex-basis:25%\"><\/div>\n<\/div>\n\n\n\n<p class=\"has-normal-font-size\"><mark style=\"background-color:rgba(0, 0, 0, 0);color:#c61f1f\" class=\"has-inline-color\"><strong>Je suis avant tout une femme mais aussi tout \u00e0 la fois<\/strong>:<\/mark><\/p>\n\n\n\n<p class=\"has-normal-font-size\">-&gt; <strong>une com\u00e9dienne<\/strong><br>-&gt; <strong>une clowne&nbsp; (n&rsquo;oubliez pas le E!) : Je deviens alors S\u00e9raphine, une clowne plut\u00f4t inventive et bricoleuse<\/strong><br>-&gt; <strong>une conteuse<\/strong><br>-&gt; <strong>une chanteuse<\/strong><br>-&gt; <strong>une \u00e9crivaine de contes<\/strong><br><strong>et bien d&rsquo;autres choses encore mais je ne vous dirai pas tout&#8230;.<\/strong><\/p>\n\n\n\n<p class=\"has-normal-font-size\"><strong><span style=\"color:#c61f1f\" class=\"has-inline-color\">Et, gr\u00e2ce \u00e0 ces diff\u00e9rentes facettes, j\u2019interpr\u00e8te et\/ou con\u00e7ois&nbsp;:<\/span><\/strong><\/p>\n\n\n\n<p class=\"has-normal-font-size\"><strong>\u2192 des spectacles pour enfants, dans le cadre de la <a rel=\"noreferrer noopener\" href=\"https:\/\/www.marmouzic.org\" target=\"_blank\">Compagnie Marmouzic<\/a> que nous avons cr\u00e9\u00e9 ensemble, <a rel=\"noreferrer noopener\" href=\"https:\/\/www.cbjurstrom.eu\" target=\"_blank\">Christofer Bjurstr\u00f6m<\/a> et moi-m\u00eame<\/strong><br><br><strong>\u2192 <a rel=\"noreferrer noopener\" href=\"https:\/\/www.marmouzic.org\/index.php\/les-spectacles-tout-public-catherine-le-flochmoan\/\" data-type=\"https:\/\/www.marmouzic.org\" target=\"_blank\">des spectacles qu&rsquo;on dit \u00ab&nbsp;Tout&nbsp;public&nbsp;\u00bb<\/a> , cin\u00e9-concert cont\u00e9, lectures musicales etc&#8230; et qui s&rsquo;adressent en fait aux grands&nbsp; enfants que nous sommes devenus , nous, les adultes<\/strong><\/p>\n\n\n\n<p><\/p>\n\n\n\n<h4 class=\"wp-block-heading\"><strong><span style=\"color:#c61f1f\" class=\"has-inline-color\">Un peu de biographie&#8230;<\/span><\/strong><\/h4>\n\n\n\n<p class=\"has-normal-font-size\">Par le biais de mon <strong><span style=\"color:#c61f1f\" class=\"has-inline-color\">premier m\u00e9tier, m\u00e9decin<\/span><\/strong>, que j&rsquo;ai exerc\u00e9 une bonne dizaine d&rsquo;ann\u00e9es en France et \u00e0 l&rsquo;\u00e9tranger (m\u00e9decine g\u00e9n\u00e9rale, acupuncture, M\u00e9decin Sans Fronti\u00e8re, travail avec des ethnologues au Pakistan, p\u00eache au thon&#8230;), je me suis en quelque sorte construite dans l&rsquo;observation de l&rsquo;Autre, et dans le plaisir de l&rsquo;\u00e9change&nbsp;: J&rsquo;aime vraiment les gens&nbsp;!!!<\/p>\n\n\n\n<p class=\"has-normal-font-size\">J&rsquo;ai ensuite \u00e9t\u00e9 <strong><span style=\"color:#c61f1f\" class=\"has-inline-color\">form\u00e9e au th\u00e9\u00e2tre par la com\u00e9dienne Tsilla Chelton<\/span><\/strong> (com\u00e9dienne f\u00e9tiche d&rsquo;Eug\u00e8ne Ionesco, plus connue du grand public pour son r\u00f4le dans le film \u00ab&nbsp;Tatie Dani\u00e8le&nbsp;\u00bb).&nbsp; Ce fut passionnant et incroyablement riche. Tsilla \u00e9tait une personnalit\u00e9 incroyable, d&rsquo;une grande g\u00e9n\u00e9rosit\u00e9 mais c&rsquo;\u00e9tait aussi une passionn\u00e9e du th\u00e9\u00e2tre et formatrice hors paire d&rsquo;une grande exigence. C&rsquo;est ce qui motiva mon changement de cap&nbsp;! Je serai com\u00e9dienne, un point c&rsquo;est tout&nbsp;!!!<\/p>\n\n\n\n<p class=\"has-normal-font-size\">Pour passer de la m\u00e9decine au th\u00e9\u00e2tre, il me fallait quand m\u00eame gagner ma vie et je suis devenue <strong><span style=\"color:#c61f1f\" class=\"has-inline-color\">journaliste m\u00e9dicale<\/span><\/strong> en attendant de pouvoir vivre du m\u00e9tier d&rsquo;artiste.<\/p>\n\n\n\n<p class=\"has-normal-font-size\">Puis ce furent<strong> <span style=\"color:#c61f1f\" class=\"has-inline-color\">la rencontre avec le compositeur et pianiste Christofer Bjurstr\u00f6m et les premiers spectacles<\/span><span class=\"has-inline-color has-black-color\"> <\/span><\/strong><span class=\"has-inline-color has-black-color\">cr\u00e9\u00e9s avec lui dans le cadre de la Compagnie <\/span><strong><span class=\"has-inline-color has-nv-dark-bg-color\">Le Bon Alouate<\/span><\/strong><span class=\"has-inline-color has-black-color\">, puis d<\/span><span class=\"has-inline-color has-nv-dark-bg-color\">e la Compagnie <\/span><strong><span class=\"has-inline-color has-nv-dark-bg-color\">Marmouzic. <\/span><\/strong><br>Dans le m\u00eame temps,<span style=\"color:#c61f1f\" class=\"has-inline-color\"> <strong>j&rsquo;ai multipli\u00e9 les exp\u00e9riences artistiques<\/strong><\/span><strong>&nbsp;; <\/strong>je me suis ainsi form\u00e9e au conte, au clown, au masque, \u00e0 la marionnette, au chant qu&rsquo;il soit classique, traditionnel, jazz vocal ou musique improvis\u00e9e&#8230;<strong><span style=\"color:#c61f1f\" class=\"has-inline-color\">et les projets th\u00e9\u00e2traux et musicaux<\/span><\/strong><span class=\"has-inline-color has-nv-dark-bg-color\"><strong> <\/strong>pour adultes et pour enfants se sont encha\u00een\u00e9s jusqu&rsquo;\u00e0 aujourd&rsquo;hui.<\/span><\/p>\n\n\n\n<p><\/p>\n\n\n\n<p><strong><span style=\"color:#c61f1f\" class=\"has-inline-color\">J&rsquo;aime et je revendique ce travail diversifi\u00e9, j&rsquo;aime cet enrichissement permanent, j&rsquo;aime me frotter (et me former) \u00e0 des techniques et \u00e0 des univers diff\u00e9rents, j&rsquo;aime partir en tourn\u00e9e, j&rsquo;aime bouger&nbsp;!!!<\/span><\/strong><\/p>\n\n\n\n<p><em>\u00ab&nbsp;&#8230;Une belle et talentueuse composition artistique qui allie conte, musique et cin\u00e9ma. Un spectacle \u00e0 ne pas manquer.&nbsp;\u00bb<\/em> T\u00e9l\u00e9rama Sortir<\/p>\n\n\n\n<p>\u00ab&#8230;<em>La musique et la voix charmeuse de la conteuse nous transportent all\u00e8grement dans un univers enchanteur, troublant et frissonnant..<\/em>.\u00bb Ouest-France<\/p>\n\n\n<div\n\t\t\t\n\t\t\tclass=\"so-widget-sow-button so-widget-sow-button-wire-c125f315acd5\"\n\t\t\t\n\t\t><div class=\"ow-button-base ow-button-align-center\"\n>\n\t\t\t<a\n\t\t\t\t\thref=\"https:\/\/www.marmouzic.org\/index.php\/catherine-leflochmoan\/\"\n\t\t\t\t\tclass=\"sowb-button ow-icon-placement-top ow-button-hover\" \t>\n\t\t<span>\n\t\t\t<span class=\"sow-icon-ionicons\" data-sow-icon=\"&#xf398;\"\n\t\tstyle=\"color: #000000\" \n\t\taria-hidden=\"true\"><\/span>\n\t\t\tHaut de page\t\t<\/span>\n\t\t\t<\/a>\n\t<\/div>\n<\/div>","protected":false},"excerpt":{"rendered":"<p>Qui je suis&nbsp;? Pas facile de parler \u00e0 la premi\u00e8re personne&#8230;. Allez, je me lance. Je suis avant tout une femme mais aussi tout \u00e0 la fois: -&gt; une com\u00e9dienne-&gt; une clowne&nbsp; (n&rsquo;oubliez pas le E!) : Je deviens alors S\u00e9raphine, une clowne plut\u00f4t inventive et bricoleuse-&gt; une conteuse-&gt; une chanteuse-&gt; une \u00e9crivaine de conteset&hellip;&nbsp;<a href=\"https:\/\/www.marmouzic.org\/index.php\/catherine-leflochmoan\/\" rel=\"bookmark\">Lire la suite &raquo;<span class=\"screen-reader-text\">Catherine Le Flochmoan<\/span><\/a><\/p>\n","protected":false},"author":1,"featured_media":0,"parent":0,"menu_order":0,"comment_status":"closed","ping_status":"open","template":"","meta":{"neve_meta_sidebar":"right","neve_meta_container":"default","neve_meta_enable_content_width":"on","neve_meta_content_width":70,"neve_meta_title_alignment":"","neve_meta_author_avatar":"","neve_post_elements_order":"","neve_meta_disable_header":"","neve_meta_disable_footer":"","neve_meta_disable_title":"","footnotes":""},"class_list":["post-9","page","type-page","status-publish","hentry"],"featured_image_src":null,"featured_image_src_square":null,"_links":{"self":[{"href":"https:\/\/www.marmouzic.org\/index.php\/wp-json\/wp\/v2\/pages\/9","targetHints":{"allow":["GET"]}}],"collection":[{"href":"https:\/\/www.marmouzic.org\/index.php\/wp-json\/wp\/v2\/pages"}],"about":[{"href":"https:\/\/www.marmouzic.org\/index.php\/wp-json\/wp\/v2\/types\/page"}],"author":[{"embeddable":true,"href":"https:\/\/www.marmouzic.org\/index.php\/wp-json\/wp\/v2\/users\/1"}],"replies":[{"embeddable":true,"href":"https:\/\/www.marmouzic.org\/index.php\/wp-json\/wp\/v2\/comments?post=9"}],"version-history":[{"count":34,"href":"https:\/\/www.marmouzic.org\/index.php\/wp-json\/wp\/v2\/pages\/9\/revisions"}],"predecessor-version":[{"id":6151,"href":"https:\/\/www.marmouzic.org\/index.php\/wp-json\/wp\/v2\/pages\/9\/revisions\/6151"}],"wp:attachment":[{"href":"https:\/\/www.marmouzic.org\/index.php\/wp-json\/wp\/v2\/media?parent=9"}],"curies":[{"name":"wp","href":"https:\/\/api.w.org\/{rel}","templated":true}]}}